{"id":3256,"date":"2021-04-08T16:42:01","date_gmt":"2021-04-08T14:42:01","guid":{"rendered":"https:\/\/camping-terra-verdon.com\/?page_id=3256"},"modified":"2022-11-10T10:54:38","modified_gmt":"2022-11-10T09:54:38","slug":"le-gole-del-verdon","status":"publish","type":"page","link":"https:\/\/camping-terra-verdon.com\/it\/le-gole-del-verdon\/","title":{"rendered":"Turismo nelle Gole del Verdon"},"content":{"rendered":"\n<div class=\" \" uk-slider=\"sets: true; autoplay-interval: 6500; pause-on-hover: false\">\n\n    \n    <div class=\"uk-position-relative uk-visible-toggle uk-margin\">\n\n        <ul class=\"uk-slider-items uk-grid uk-grid-match uk-child-width-1-1 uk-child-width-1-4@s uk-grid-small\">\n        \n            <li >\n\n                <div class=\"uk-panel uk-text-center\">\n\n                    \n                    \n                                        <div class=\"uk-text-center uk-margin uk-margin-remove-top\"><img decoding=\"async\" src=\"\/wp-content\/plugins\/widgetkit\/cache\/gorges-du-verdon-tourisme-2-be973baa013920604218d3ae5d405ce1.jpg\" class=\" uk-transition-scale-up uk-transition-opaque\" alt=\"montagne du verdon\" width=\"500\" height=\"400\"><\/div>\n                    \n                    \n                        \n                        \n                        \n                        \n                        \n                        \n                        \n                    \n                <\/div>\n\n            <\/li>\n\n        \n            <li >\n\n                <div class=\"uk-panel uk-text-center\">\n\n                    \n                    \n                                        <div class=\"uk-text-center uk-margin uk-margin-remove-top\"><img decoding=\"async\" src=\"\/wp-content\/plugins\/widgetkit\/cache\/gorges-du-verdon-tourisme-7-9a617ab1edccd4afaa9a6e375011bc55.jpg\" class=\" uk-transition-scale-up uk-transition-opaque\" alt=\"vue des gorges du verdon\" width=\"500\" height=\"400\"><\/div>\n                    \n                    \n                        \n                        \n                        \n                        \n                        \n                        \n                        \n                    \n                <\/div>\n\n            <\/li>\n\n        \n            <li >\n\n                <div class=\"uk-panel uk-text-center\">\n\n                    \n                    \n                                        <div class=\"uk-text-center uk-margin uk-margin-remove-top\"><img decoding=\"async\" src=\"\/wp-content\/plugins\/widgetkit\/cache\/gorges-du-verdon-tourisme-4-d581a5df98cc7d3bbb5571248a777414.jpg\" class=\" uk-transition-scale-up uk-transition-opaque\" alt=\"lac dans les gorges du verdon\" width=\"500\" height=\"400\"><\/div>\n                    \n                    \n                        \n                        \n                        \n                        \n                        \n                        \n                        \n                    \n                <\/div>\n\n            <\/li>\n\n        \n            <li >\n\n                <div class=\"uk-panel uk-text-center\">\n\n                    \n                    \n                                        <div class=\"uk-text-center uk-margin uk-margin-remove-top\"><img decoding=\"async\" src=\"\/wp-content\/plugins\/widgetkit\/cache\/gorges-du-verdon-tourisme-1-fc54e4b9d2ccbba1c4f07d0d0eab1916.jpg\" class=\" uk-transition-scale-up uk-transition-opaque\" alt=\"paysage des gorges du verdon\" width=\"500\" height=\"400\"><\/div>\n                    \n                    \n                        \n                        \n                        \n                        \n                        \n                        \n                        \n                    \n                <\/div>\n\n            <\/li>\n\n                <\/ul>\n\n        \n    <\/div>\n\n    \n        <ul class=\"uk-slider-nav uk-dotnav uk-flex-center uk-margin-remove-bottom\"><\/ul>\n    \n    \n<\/div>\n\n\n\n\n<p>Le Gole del Verdon sono considerate il pi\u00f9 bel canyon d&#8217;Europa! Le pareti del canyon possono raggiungere 700 metri di altezza e sapranno offrirvi una carrellata di paesaggi mozzafiato durante vostre vacanze nel <a href=\"https:\/\/camping-terra-verdon.com\/\">campeggio Terra Verdon<\/a>&#8230; I dintorni delle Gole sono stati sistemati. Da Castellane una strada con tantissimi punti panoramici vertiginosi costeggia il canyon. Per un\u2019immersione totale nella natura, percorrete il Sentier Blanc-Martel, o affrontate le acque profonde, in kayak o rafting.<\/p>\n\n\n\n<h2 class=\"wp-block-heading\">Visitare le Gole del Verdon<\/h2>\n\n\n\n<ul class=\"wp-block-list\">\n<li><strong>In auto: <\/strong> <p style=\"text-align: justify;\">Se venite in automobile potrete approfittarne anche per esplorare gli spot pi\u00f9 belli della regione. Il vantaggio? Al volante della vostra auto, potrete procedere al ritmo che preferite e fermarvi quando vi va per godervi il paesaggio, fare una pausa o scattare qualche foto. Percorrendo la Route des Cr\u00eates, sulla riva destra, troverete non meno di 14 belvedere per altrettante viste mozzafiato sulle Gole del Verdon. Tra i punti panoramici da non perdere: Dent d&#8217;Aire e Escal\u00e8s.<\/p><\/li>\n\n\n\n<li><strong>In canoa: <\/strong> <p style=\"text-align: justify;\">Nelle Gole del Verdon c\u2019\u00e8 un mezzo di trasporto unico, che dovete provare a tutti i costi: la canoa! Ebbene s\u00ec, il Verdon si scopre anche dall\u2019acqua. Le gole si offriranno a voi da un\u2019angolazione completamente diversa. Comodamente seduti in canoa, guarderete le falesie calcaree dal basso e vi sembreranno ancora pi\u00f9 spettacolari! Al Pont du Galetas potrete noleggiare canoe, pedal\u00f2 e barche elettriche per le tutte le vostre gite sull\u2019acqua. Salite a bordo e partite per una passeggiata sulle acque turchesi nel pi\u00f9 grande canyon d\u2019Europa, le Gole del Verdon! Un\u2019esperienza fuori dal tempo che vi stupir\u00e0 a ogni colpo di pagaia. \u00c8 una promessa!&nbsp;<\/p><\/li>\n\n\n\n<li><strong>A piedi: <\/strong> <p style=\"text-align: justify;\">Cosa c\u2019\u00e8 di meglio della marcia e del suo ritmo lento per esplorare il Verdon e avere il tempo di ammirare il paesaggio? Numerosi sentieri e itinerari permettono di contemplare i meravigliosi paesaggi del Verdon allontanandosi un po\u2019 dalle zone pi\u00f9 turistiche! Preparate un buon paio di scarpe da trekking e uno zaino solido, e partite in famiglia alla conquista dei pi\u00f9 bei sentieri del Verdon.&nbsp; Ecco alcuni itinerari imperdibili: il Sentier de l\u2019Imbut e il Sentier Blanc-Martel per gli escursionisti esperti, e quello Du L\u00e9zard e Des P\u00eacheurs per chi cerca un livello di difficolt\u00e0 pi\u00f9 accessibile.<\/p><\/li>\n<\/ul>\n\n\n\n<h2 class=\"wp-block-heading\">I borghi pi\u00f9 belli del Verdon<\/h2>\n\n\n\n<p>Durante il vostro soggiorno nel <strong>campeggio nelle Gole del Verdon<\/strong> non dovreste mancare i piccoli borghi provenzali dal fascino pittoresco che rendono la regione cos\u00ec autentica. Tra un\u2019attivit\u00e0 sull\u2019acqua nelle gole e un\u2019escursione in una cornice naturale strepitosa, potrete divertirvi a gironzolare per le stradine selciate di questi paesini.&nbsp;<\/p>\n\n\n\n<p>Celebre per le sue maioliche, Moustiers-Sainte-Marie \u00e8 senza alcun dubbio IL borgo da visitare assolutamente durante un soggiorno nella regione. Oltre che per le maioliche, Moustiers-Sainte-Marie \u00e8 famosa anche per la stella sospesa che si scorge alzando gli occhi verso la cappella del villaggio, situata pi\u00f9 in alto.&nbsp; Un grazioso ruscello attraversa il borgo, rendendolo ancora pi\u00f9 pittoresco.<\/p>\n\n\n\n<p>Merita una visita anche Aiguines, il suo castello rinascimentale e il panorama a 360\u00b0 che domina il lago di Sainte-Croix.&nbsp;<\/p>\n\n\n\n<p>I borghi di Entrevaux, Rougon e La-Palud-sur-Verdon offrono suggestivi belvedere, tra cui il celebre Point Sublime, per gli amanti dei paesaggi sontuosi.<\/p>\n\n\n\n<p>Se durante il vostro soggiorno in <strong>campeggio nel Verdon<\/strong> vi resta il tempo di fare qualche tappa in pi\u00f9 e di visitare altri borghi del <strong>Parco naturale del Verdon<\/strong>, non perdetevi Quinson e il suo Museo della Preistoria, ideale per una visita divertente con i bambini. E, se dopo aver esplorato in lungo e in largo il Verdon, vi sentite un po\u2019 indolenziti, passate a Gr\u00e9oux-les-Bains per provare i benefici della sua stazione termale.<\/p>\n\n\n\n<div class=\" \" uk-slider=\"sets: true; autoplay-interval: 6500; pause-on-hover: false\">\n\n    \n    <div class=\"uk-position-relative uk-visible-toggle uk-margin\">\n\n        <ul class=\"uk-slider-items uk-grid uk-grid-match uk-child-width-1-1 uk-child-width-1-3@s uk-grid-small\">\n        \n            <li >\n\n                <div class=\"uk-panel uk-text-center\">\n\n                    \n                    \n                                        <div class=\"uk-text-center uk-margin uk-margin-remove-top\"><img decoding=\"async\" src=\"\/wp-content\/plugins\/widgetkit\/cache\/gorges-du-verdon-tourisme-8-4cc30113cf7f2f5a372d6241fdd4f71f.jpg\" class=\" uk-transition-scale-up uk-transition-opaque\" alt=\"gorges du verdon\" width=\"500\" height=\"400\"><\/div>\n                    \n                    \n                        \n                        \n                        \n                        \n                        \n                        \n                        \n                    \n                <\/div>\n\n            <\/li>\n\n        \n            <li >\n\n                <div class=\"uk-panel uk-text-center\">\n\n                    \n                    \n                                        <div class=\"uk-text-center uk-margin uk-margin-remove-top\"><img decoding=\"async\" src=\"\/wp-content\/plugins\/widgetkit\/cache\/gorges-du-verdon-tourisme-3-3acd6101675f999ab01574b4e316cc61.jpg\" class=\" uk-transition-scale-up uk-transition-opaque\" alt=\"gorges du verdon\" width=\"500\" height=\"400\"><\/div>\n                    \n                    \n                        \n                        \n                        \n                        \n                        \n                        \n                        \n                    \n                <\/div>\n\n            <\/li>\n\n        \n            <li >\n\n                <div class=\"uk-panel uk-text-center\">\n\n                    \n                    \n                                        <div class=\"uk-text-center uk-margin uk-margin-remove-top\"><img decoding=\"async\" src=\"\/wp-content\/plugins\/widgetkit\/cache\/gorges-du-verdon-tourisme-6-a6f0cc254de3624b31f706062ccd2be2.jpg\" class=\" uk-transition-scale-up uk-transition-opaque\" alt=\"gorges du verdon\" width=\"500\" height=\"400\"><\/div>\n                    \n                    \n                        \n                        \n                        \n                        \n                        \n                        \n                        \n                    \n                <\/div>\n\n            <\/li>\n\n                <\/ul>\n\n        \n    <\/div>\n\n    \n        <ul class=\"uk-slider-nav uk-dotnav uk-flex-center uk-margin-remove-bottom\"><\/ul>\n    \n    \n<\/div>\n\n\n\n\n<h2 class=\"wp-block-heading\">I posti pi\u00f9 belli del Verdon dove fare il bagno<\/h2>\n\n\n\n<p>Le acque turchesi che hanno reso celebre il Verdon sono un vero e proprio invito a tuffarsi in tutta libert\u00e0! Attenzione: la balneazione non \u00e8 consentita ovunque nelle Gole, in particolare nel canyon dove l\u2019acqua \u00e8 piuttosto turbolenta. Per divertirvi nell\u2019acqua, scegliete piuttosto uno dei tanti laghi della regione. In estate, questi specchi d\u2019acqua sono rapidamente presi d\u2019assalto dai vacanzieri a caccia di un po\u2019 di refrigerio. In questi laghi infatti il divertimento \u00e8 garantito per tutta la famiglia: nuoto o attivit\u00e0 acquatiche, nessuno rester\u00e0 deluso!&nbsp;<strong>Le Gole del Verdon<\/strong> sono anche il pi\u00f9 grande canyon d&#8217;Europa, caratteristica che rende senza alcun dubbio questo luogo una destinazione molto interessante e attrattiva per i vacanzieri.&nbsp;<\/p>\n\n\n\n<div class=\"wp-block-yootheme-widgetkit\">\n<ul class=\"uk-accordion uk-text-left \" uk-accordion=\"\">\n\n        <li >\n\n    \n\n<h3 href class=\"uk-accordion-title\">IL CANYON DELLE GOLE DEL VERDON<\/h3>\n\n\n\n            \n\n        <div class=\"uk-accordion-content\">\n\n            \n            \n            \n                        <div class=\"uk-margin\"><p>Il canyon si distende per circa quaranta chilometri, da <strong>Castellane<\/strong> al lago di Sainte-Croix. Il Verdon scava il suo letto tra ripide pareti calcaree. Questo nastro verde smeraldo, a tratti tranquillo, a tratti molto turbolento, &egrave; accessibile in diversi punti, per il puro piacere degli occhi, per nuotare o per fare attivit&agrave; tonificanti a contatto con la natura.<\/p><\/div>\n            \n            \n            \n            \n        <\/div>\n\n    <\/li>\n        <li >\n\n    \n\n<h3 href class=\"uk-accordion-title\">LAGO DI CASTILLON: DESTINAZIONE ESSENZIALE DELLE GOLE DEL VERDON<\/h3>\n\n\n\n            \n\n        <div class=\"uk-accordion-content\">\n\n            \n            \n            \n                        <div class=\"uk-margin\"><p>Il lago pi&ugrave; vicino al <strong><u>Camping Terra Verdon<\/u><\/strong> &egrave; il lago di Castillon, che dista circa 5 km ed &egrave; facilmente raggiungibile in bicicletta o in auto. Il lago &egrave; lungo 8 km ed &egrave; quello fra tutti con l&rsquo;aspetto pi&ugrave; selvaggio. In estate le sue acque verde smeraldo superano ampiamente i 22 &deg;C e diventano un terreno di gioco eccezionale per grandi e piccoli. Intorno al lago si trovano piccole spiagge riparate, ideali per fare il bagno. Una grande base nautica propone numerose attivit&agrave; come canoa, kayak, paddle, pedal&ograve; ma anche sci nautico e boa trainata.<\/p><\/div>\n            \n            \n            \n            \n        <\/div>\n\n    <\/li>\n        <li >\n\n    \n\n<h3 href class=\"uk-accordion-title\">LAGO DI CHAUDANNE<\/h3>\n\n\n\n            \n\n        <div class=\"uk-accordion-content\">\n\n            \n            \n            \n                        <div class=\"uk-margin\"><p>A soli 10 minuti di macchina dal campeggio, il lago di Chaudanne &egrave; facilmente accessibile, in auto o in bicicletta. La balneazione e le attivit&agrave; acquatiche qui sono vietate, ma potete approfittare di questo sito molto meno affollato per una passeggiata o semplicemente per un picnic seguito da un pomeriggio di dolce far niente sulle rive del lago.&nbsp;<\/p><\/div>\n            \n            \n            \n            \n        <\/div>\n\n    <\/li>\n        <li >\n\n    \n\n<h3 href class=\"uk-accordion-title\">LAGO DI SAINTE-CROIX, IL LAGO PI\u00d9 FAMOSO DELLE GOLE DEL VERDON<\/h3>\n\n\n\n            \n\n        <div class=\"uk-accordion-content\">\n\n            \n            \n            \n                        <div class=\"uk-margin\"><p>Con i suoi 22 km&sup2;, il lago di Sainte-Croix &egrave; il lago pi&ugrave; grande lungo il corso del Verdon ed &egrave; considerato anche il lago pi&ugrave; bello della Provenza. A circa un'ora di strada dal campeggio Terra Verdon, questo lago &egrave; il punto di partenza delle falesie pi&ugrave; alte del canyon. Permette l&rsquo;accesso alle gole in canoa, pedal&ograve; o in barca elettrica per 2 km. Numerose spiagge invitano al relax per una giornata tranquilla da trascorrere in famiglia, un po&rsquo; lontano dai centri abitati. In estate la temperatura dell'acqua pu&ograve; raggiungere i 27 &deg;C. Il catamarano e il windsurf sono molto popolari.<\/p><\/div>\n            \n            \n            \n            \n        <\/div>\n\n    <\/li>\n        <li >\n\n    \n\n<h3 href class=\"uk-accordion-title\">LAC D'ESPARRON<\/h3>\n\n\n\n            \n\n        <div class=\"uk-accordion-content\">\n\n            \n            \n            \n                        <div class=\"uk-margin\"><p>Il lago di Esparron, ugualmente molto apprezzato per la ricca offerta di attivit&agrave; sull&rsquo;acqua, non ha nulla da invidiare al famosissimo lago di Sainte-Croix. Anche qui l&rsquo;acqua &egrave; turchese e meravigliosa. La tranquillit&agrave; che regna in questo luogo vi regaler&agrave; un momento di autentico relax. Una gita in barca elettrica vi condurr&agrave; fino alle belle spiaggette della penisola di Esparron de Verdon, detta anche Le Quartier o l&rsquo;Ile du Barbu.<\/p><\/div>\n            \n            \n            \n            \n        <\/div>\n\n    <\/li>\n        <li >\n\n    \n\n<h3 href class=\"uk-accordion-title\">LAGO DI QUINSON<\/h3>\n\n\n\n            \n\n        <div class=\"uk-accordion-content\">\n\n            \n            \n            \n                        <div class=\"uk-margin\"><p>Il lago Quinson &egrave; il lago pi&ugrave; piccolo del Parco regionale del Verdon. Meno frequentato dei laghi vicini pi&ugrave; famosi, questo luogo preserva un&rsquo;atmosfera un po&rsquo; selvaggia e autentica, che apprezzer&agrave; molto chi vuole scappare dalla folla dei turisti. In questo lago la balneazione &egrave; vietata ma si possono praticare comunque varie attivit&agrave; come pedal&ograve;, canoe, paddle, barca elettrica, ecc.&nbsp;&nbsp;<\/p><\/div>\n            \n            \n            \n            \n        <\/div>\n\n    <\/li>\n    \n<\/ul>\n<\/div>\n\n\n","protected":false},"excerpt":{"rendered":"<p>Le Gole del Verdon sono considerate il pi\u00f9 bel canyon d&#8217;Europa! Le pareti del canyon possono raggiungere 700 metri di altezza e sapranno offrirvi una carrellata di paesaggi mozzafiato durante vostre vacanze nel campeggio Terra Verdon&#8230; I dintorni delle Gole sono stati sistemati. Da Castellane una strada con tantissimi punti panoramici vertiginosi costeggia il canyon. [&hellip;]<\/p>\n","protected":false},"author":1,"featured_media":0,"parent":0,"menu_order":25,"comment_status":"closed","ping_status":"closed","template":"","meta":{"_acf_changed":false,"footnotes":""},"class_list":["post-3256","page","type-page","status-publish","hentry"],"acf":[],"yoast_head":"<!-- This site is optimized with the Yoast SEO plugin v27.2 - https:\/\/yoast.com\/product\/yoast-seo-wordpress\/ -->\n<title>Gole del Verdon: dal lago di Sainte Croix a Castellane, il canyon pi\u00f9 bello d&#039;Europa<\/title>\n<meta name=\"robots\" content=\"index, follow, max-snippet:-1, max-image-preview:large, max-video-preview:-1\" \/>\n<link rel=\"canonical\" href=\"https:\/\/camping-terra-verdon.com\/it\/le-gole-del-verdon\/\" \/>\n<meta property=\"og:locale\" content=\"it_IT\" \/>\n<meta property=\"og:type\" content=\"article\" \/>\n<meta property=\"og:title\" content=\"Gole del Verdon: dal lago di Sainte Croix a Castellane, il canyon pi\u00f9 bello d&#039;Europa\" \/>\n<meta property=\"og:description\" content=\"Le Gole del Verdon sono considerate il pi\u00f9 bel canyon d&#8217;Europa! Le pareti del canyon possono raggiungere 700 metri di altezza e sapranno offrirvi una carrellata di paesaggi mozzafiato durante vostre vacanze nel campeggio Terra Verdon&#8230; I dintorni delle Gole sono stati sistemati. Da Castellane una strada con tantissimi punti panoramici vertiginosi costeggia il canyon. [&hellip;]\" \/>\n<meta property=\"og:url\" content=\"https:\/\/camping-terra-verdon.com\/it\/le-gole-del-verdon\/\" \/>\n<meta property=\"og:site_name\" content=\"Camping Terra Verdon\" \/>\n<meta property=\"article:modified_time\" content=\"2022-11-10T09:54:38+00:00\" \/>\n<meta name=\"twitter:card\" content=\"summary_large_image\" \/>\n<meta name=\"twitter:label1\" content=\"Tempo di lettura stimato\" \/>\n\t<meta name=\"twitter:data1\" content=\"4 minuti\" \/>\n<script type=\"application\/ld+json\" class=\"yoast-schema-graph\">{\"@context\":\"https:\/\/schema.org\",\"@graph\":[{\"@type\":\"WebPage\",\"@id\":\"https:\/\/camping-terra-verdon.com\/it\/le-gole-del-verdon\/\",\"url\":\"https:\/\/camping-terra-verdon.com\/it\/le-gole-del-verdon\/\",\"name\":\"Gole del Verdon: dal lago di Sainte Croix a Castellane, il canyon pi\u00f9 bello d'Europa\",\"isPartOf\":{\"@id\":\"https:\/\/camping-terra-verdon.com\/it\/#website\"},\"datePublished\":\"2021-04-08T14:42:01+00:00\",\"dateModified\":\"2022-11-10T09:54:38+00:00\",\"breadcrumb\":{\"@id\":\"https:\/\/camping-terra-verdon.com\/it\/le-gole-del-verdon\/#breadcrumb\"},\"inLanguage\":\"it-IT\",\"potentialAction\":[{\"@type\":\"ReadAction\",\"target\":[\"https:\/\/camping-terra-verdon.com\/it\/le-gole-del-verdon\/\"]}]},{\"@type\":\"BreadcrumbList\",\"@id\":\"https:\/\/camping-terra-verdon.com\/it\/le-gole-del-verdon\/#breadcrumb\",\"itemListElement\":[{\"@type\":\"ListItem\",\"position\":1,\"name\":\"Camping Gorges du Verdon\",\"item\":\"https:\/\/camping-terra-verdon.com\/it\/\"},{\"@type\":\"ListItem\",\"position\":2,\"name\":\"Scoprire le Gole del Verdon in vacanza\"}]},{\"@type\":\"WebSite\",\"@id\":\"https:\/\/camping-terra-verdon.com\/it\/#website\",\"url\":\"https:\/\/camping-terra-verdon.com\/it\/\",\"name\":\"Camping Terra Verdon\",\"description\":\"Camping Terra Verdon\",\"potentialAction\":[{\"@type\":\"SearchAction\",\"target\":{\"@type\":\"EntryPoint\",\"urlTemplate\":\"https:\/\/camping-terra-verdon.com\/it\/?s={search_term_string}\"},\"query-input\":{\"@type\":\"PropertyValueSpecification\",\"valueRequired\":true,\"valueName\":\"search_term_string\"}}],\"inLanguage\":\"it-IT\"}]}<\/script>\n<!-- \/ Yoast SEO plugin. -->","yoast_head_json":{"title":"Gole del Verdon: dal lago di Sainte Croix a Castellane, il canyon pi\u00f9 bello d'Europa","robots":{"index":"index","follow":"follow","max-snippet":"max-snippet:-1","max-image-preview":"max-image-preview:large","max-video-preview":"max-video-preview:-1"},"canonical":"https:\/\/camping-terra-verdon.com\/it\/le-gole-del-verdon\/","og_locale":"it_IT","og_type":"article","og_title":"Gole del Verdon: dal lago di Sainte Croix a Castellane, il canyon pi\u00f9 bello d'Europa","og_description":"Le Gole del Verdon sono considerate il pi\u00f9 bel canyon d&#8217;Europa! Le pareti del canyon possono raggiungere 700 metri di altezza e sapranno offrirvi una carrellata di paesaggi mozzafiato durante vostre vacanze nel campeggio Terra Verdon&#8230; I dintorni delle Gole sono stati sistemati. Da Castellane una strada con tantissimi punti panoramici vertiginosi costeggia il canyon. [&hellip;]","og_url":"https:\/\/camping-terra-verdon.com\/it\/le-gole-del-verdon\/","og_site_name":"Camping Terra Verdon","article_modified_time":"2022-11-10T09:54:38+00:00","twitter_card":"summary_large_image","twitter_misc":{"Tempo di lettura stimato":"4 minuti"},"schema":{"@context":"https:\/\/schema.org","@graph":[{"@type":"WebPage","@id":"https:\/\/camping-terra-verdon.com\/it\/le-gole-del-verdon\/","url":"https:\/\/camping-terra-verdon.com\/it\/le-gole-del-verdon\/","name":"Gole del Verdon: dal lago di Sainte Croix a Castellane, il canyon pi\u00f9 bello d'Europa","isPartOf":{"@id":"https:\/\/camping-terra-verdon.com\/it\/#website"},"datePublished":"2021-04-08T14:42:01+00:00","dateModified":"2022-11-10T09:54:38+00:00","breadcrumb":{"@id":"https:\/\/camping-terra-verdon.com\/it\/le-gole-del-verdon\/#breadcrumb"},"inLanguage":"it-IT","potentialAction":[{"@type":"ReadAction","target":["https:\/\/camping-terra-verdon.com\/it\/le-gole-del-verdon\/"]}]},{"@type":"BreadcrumbList","@id":"https:\/\/camping-terra-verdon.com\/it\/le-gole-del-verdon\/#breadcrumb","itemListElement":[{"@type":"ListItem","position":1,"name":"Camping Gorges du Verdon","item":"https:\/\/camping-terra-verdon.com\/it\/"},{"@type":"ListItem","position":2,"name":"Scoprire le Gole del Verdon in vacanza"}]},{"@type":"WebSite","@id":"https:\/\/camping-terra-verdon.com\/it\/#website","url":"https:\/\/camping-terra-verdon.com\/it\/","name":"Camping Terra Verdon","description":"Camping Terra Verdon","potentialAction":[{"@type":"SearchAction","target":{"@type":"EntryPoint","urlTemplate":"https:\/\/camping-terra-verdon.com\/it\/?s={search_term_string}"},"query-input":{"@type":"PropertyValueSpecification","valueRequired":true,"valueName":"search_term_string"}}],"inLanguage":"it-IT"}]}},"_links":{"self":[{"href":"https:\/\/camping-terra-verdon.com\/it\/wp-json\/wp\/v2\/pages\/3256","targetHints":{"allow":["GET"]}}],"collection":[{"href":"https:\/\/camping-terra-verdon.com\/it\/wp-json\/wp\/v2\/pages"}],"about":[{"href":"https:\/\/camping-terra-verdon.com\/it\/wp-json\/wp\/v2\/types\/page"}],"author":[{"embeddable":true,"href":"https:\/\/camping-terra-verdon.com\/it\/wp-json\/wp\/v2\/users\/1"}],"replies":[{"embeddable":true,"href":"https:\/\/camping-terra-verdon.com\/it\/wp-json\/wp\/v2\/comments?post=3256"}],"version-history":[{"count":5,"href":"https:\/\/camping-terra-verdon.com\/it\/wp-json\/wp\/v2\/pages\/3256\/revisions"}],"predecessor-version":[{"id":6040,"href":"https:\/\/camping-terra-verdon.com\/it\/wp-json\/wp\/v2\/pages\/3256\/revisions\/6040"}],"wp:attachment":[{"href":"https:\/\/camping-terra-verdon.com\/it\/wp-json\/wp\/v2\/media?parent=3256"}],"curies":[{"name":"wp","href":"https:\/\/api.w.org\/{rel}","templated":true}]}}