{"id":3246,"date":"2021-04-08T16:37:27","date_gmt":"2021-04-08T14:37:27","guid":{"rendered":"https:\/\/camping-terra-verdon.com\/?page_id=3246"},"modified":"2025-04-14T16:01:09","modified_gmt":"2025-04-14T14:01:09","slug":"castellane","status":"publish","type":"page","link":"https:\/\/camping-terra-verdon.com\/it\/castellane\/","title":{"rendered":"Turismo a Castellane nel Verdon"},"content":{"rendered":"\n\n<div class=\" \" uk-slider=\"sets: true; autoplay-interval: 6500; pause-on-hover: false\">\n\n    \n    <div class=\"uk-position-relative uk-visible-toggle uk-margin\">\n\n        <ul class=\"uk-slider-items uk-grid uk-grid-match uk-child-width-1-1 uk-child-width-1-2@s uk-grid-small\">\n        \n            <li >\n\n                <div class=\"uk-panel uk-text-center\">\n\n                    \n                    \n                                        <div class=\"uk-text-center uk-margin uk-margin-remove-top\"><img decoding=\"async\" src=\"\/wp-content\/plugins\/widgetkit\/cache\/camping-castellane-village-et-cite\u0301-de-caracte\u0300re-international-ciela-village-2-8456df5d5a13066d7e4687c246211769.jpg\" class=\" uk-transition-scale-up uk-transition-opaque\" alt=\"Camping Castellane Village Et Cit\u00e9 De Caract\u00e8re International Ciela Village\" width=\"600\" height=\"400\"><\/div>\n                    \n                    \n                        \n                        \n                        \n                        \n                        \n                        \n                        \n                    \n                <\/div>\n\n            <\/li>\n\n        \n            <li >\n\n                <div class=\"uk-panel uk-text-center\">\n\n                    \n                    \n                                        <div class=\"uk-text-center uk-margin uk-margin-remove-top\"><img decoding=\"async\" src=\"\/wp-content\/plugins\/widgetkit\/cache\/Eglise-St-Victor-copyright-JF-DENIER-2e8c0ad0dd7190fa83c625b88308fa8a.jpg\" class=\" uk-transition-scale-up uk-transition-opaque\" alt=\"Eglise St Victor\" width=\"600\" height=\"400\"><\/div>\n                    \n                    \n                        \n                        \n                        \n                        \n                        \n                        \n                        \n                    \n                <\/div>\n\n            <\/li>\n\n                <\/ul>\n\n        \n    <\/div>\n\n    \n        <ul class=\"uk-slider-nav uk-dotnav uk-flex-center uk-margin-remove-bottom\"><\/ul>\n    \n    \n<\/div>\n\n\n\n\n<p>Castellane \u00e8 la porta d\u2019ingresso alle <strong>Gole del Verdon<\/strong> sul <strong>Lago di Castillon<\/strong>, uno dei pi\u00f9 selvaggi del Verdon. Qui, la natura offre quanto ha di pi\u00f9 bello, dalle tumultuose Gole, alle montagne delle Prealpi, e ospita uno splendido lago rannicchiato nell\u2019incavo di una cornice maestosa. Citt\u00e0 medievale, anticamente costruita sulla famosa Rocca a strapiombo, Castellane ha mantenuto intatto il suo patrimonio culturale e architettonico. Gironzolate per le stradine, entrate nei laboratori d\u2019artigianato. Assaporerete l\u2019aria frizzante delle Alpi e l\u2019atmosfera rilassata della Provenza \u2026<\/p>\n\n\n\n<p>Una cosa \u00e8 certa: durante il vostro soggiorno a Castellane non avrete proprio il tempo di annoiarvi! Potrete approfittare di una vasta gamma di attivit\u00e0 di ogni tipo per la gioia dei bambini e anche dei genitori!<\/p>\n\n\n\n<h2 class=\"wp-block-heading\">Castellane, citt\u00e0 medievale nel Verdon<\/h2>\n\n\n\n<p>Per lungo tempo appollaiata sulla cima della Rocca, a 900 m d\u2019altitudine, per difendersi dalle invasioni, Castellane si \u00e8 finalmente ripiegata ai piedi di questo belvedere naturale alla fine del Medioevo. In cima a questo notevole picco roccioso, la cappella di Notre-Dame du Roc domina la piccola citt\u00e0. Se le mura e tredici delle sue torri oggi sono ormai scomparse, resta ancora la Tour Pentagonale. Il Pont du Roc, che \u00e8 stato a lungo il punto strategico per passare sopra il Verdon, \u00e8 stato distrutto e ricostruito pi\u00f9 volte. L\u2019originale risalirebbe all\u2019epoca romana.<\/p>\n\n\n\n<p>Durante il soggiorno a Castellane, non mancate di visitare la Maison de Pays e gli incantevoli negozi del centro per assaggiare i prodotti locali: miele di montagna, formaggi locali, dolci a base di lavanda, birre artigianali e gelati fatti in casa\u2026 Un vero assaggio di Provenza!<\/p>\n\n\n\n<div class=\" \" uk-slider=\"sets: true; autoplay-interval: 6500; pause-on-hover: false\">\n\n    \n    <div class=\"uk-position-relative uk-visible-toggle uk-margin\">\n\n        <ul class=\"uk-slider-items uk-grid uk-grid-match uk-child-width-1-1 uk-child-width-1-2@s uk-grid-small\">\n        \n            <li >\n\n                <div class=\"uk-panel uk-text-center\">\n\n                    \n                    \n                                        <div class=\"uk-text-center uk-margin uk-margin-remove-top\"><img decoding=\"async\" src=\"\/wp-content\/plugins\/widgetkit\/cache\/camping-castellane-lac-de-castillon-ciela-village-2-7a15bebabe55349f4d4b03131d977bb5.jpg\" class=\" uk-transition-scale-up uk-transition-opaque\" alt=\"Camping Castellane Village Et Cit\u00e9 De Caract\u00e8re International Ciela Village\" width=\"600\" height=\"400\"><\/div>\n                    \n                    \n                        \n                        \n                        \n                        \n                        \n                        \n                        \n                    \n                <\/div>\n\n            <\/li>\n\n        \n            <li >\n\n                <div class=\"uk-panel uk-text-center\">\n\n                    \n                    \n                                        <div class=\"uk-text-center uk-margin uk-margin-remove-top\"><img decoding=\"async\" src=\"\/wp-content\/plugins\/widgetkit\/cache\/camping-castellane-roc-et-tour-pentagonale-ciela-village-1-720ca993ad2578bb875e5bd4838148f8.jpg\" class=\" uk-transition-scale-up uk-transition-opaque\" alt=\"Roc Et Tour Pentagonale Proche Du Camping International Ciela Village Dans Le Verdon En France\" width=\"600\" height=\"400\"><\/div>\n                    \n                    \n                        \n                        \n                        \n                        \n                        \n                        \n                        \n                    \n                <\/div>\n\n            <\/li>\n\n                <\/ul>\n\n        \n    <\/div>\n\n    \n        <ul class=\"uk-slider-nav uk-dotnav uk-flex-center uk-margin-remove-bottom\"><\/ul>\n    \n    \n<\/div>\n\n\n\n\n<h2 class=\"wp-block-heading\">Scoprire l&#8217;artigianato di Castellane<\/h2>\n\n\n\n<p>La graziosa cittadina di Castellane ha saputo attirare numerosi artigiani che vi apriranno le porte dei loro atelier per una profumata passeggiata provenzale. Un saponificio, un autentico profumiere, una mieleria, vi trovate sulla Strada della lavanda \u2026 vasai e vetrai vi faranno scoprire la loro arte. E per finire, una breve visita al Mus\u00e9e Citro\u00ebn incanter\u00e0 gli appassionati di veicoli d\u2019epoca.<\/p>\n\n\n\n<h2 class=\"wp-block-heading\">Casa Natura e Patrimoni di Castellane<\/h2>\n\n\n\n<p>Per scoprire la bella regione del Verdon durante le vostre vacanze, dovete assolutamente prevedere una tappa alla <strong>Casa Natura e Patrimoni<\/strong> nel cuore della citt\u00e0! In programma: una mostra dedicata ai mammiferi marini, un negozio e diverse animazioni proposte dai team del sito, in particolare escursioni all&#8217;aperto con una guida.<\/p>\n\n\n\n<h2 class=\"wp-block-heading\">Il Sentier des Sir\u00e9niens<\/h2>\n\n\n\n<p>Avete voglia di fare una passeggiatina in famiglia?<\/p>\n\n\n\n<p>Il <strong>Sentier des Sir\u00e9niens<\/strong> \u00e8 ideale per una breve escursione con i bambini. In circa 1 ora e mezza, con una passeggiata di 4 chilometri (andata e ritorno), partendo dal Col des L\u00e8ques, raggiungerete un sito geologico con fossili e ossa di sireni risalenti a 40 milioni di anni fa.&nbsp; Un\u2019attivit\u00e0 divertente che piacer\u00e0 molto ai bambini!<\/p>\n\n\n\n<div class=\" \" uk-slider=\"sets: true; autoplay-interval: 6500; pause-on-hover: false\">\n\n    \n    <div class=\"uk-position-relative uk-visible-toggle uk-margin\">\n\n        <ul class=\"uk-slider-items uk-grid uk-grid-match uk-child-width-1-1 uk-child-width-1-2@s uk-grid-small\">\n        \n            <li >\n\n                <div class=\"uk-panel uk-text-center\">\n\n                    \n                    \n                                        <div class=\"uk-text-center uk-margin uk-margin-remove-top\"><img decoding=\"async\" src=\"\/wp-content\/plugins\/widgetkit\/cache\/lac-castillon-camping-verdon-international-ciela-village-197d242ca3f9cb470079dc933da2f4a2.jpg\" class=\" uk-transition-scale-up uk-transition-opaque\" alt=\"Camping Castellane Village Et Cit\u00e9 De Caract\u00e8re International Ciela Village\" width=\"600\" height=\"400\"><\/div>\n                    \n                    \n                        \n                        \n                        \n                        \n                        \n                        \n                        \n                    \n                <\/div>\n\n            <\/li>\n\n        \n            <li >\n\n                <div class=\"uk-panel uk-text-center\">\n\n                    \n                    \n                                        <div class=\"uk-text-center uk-margin uk-margin-remove-top\"><img decoding=\"async\" src=\"\/wp-content\/plugins\/widgetkit\/cache\/Lac-de-Chadanne-d6e993c8fb025af61ce04c242d62dd8f.jpg\" class=\" uk-transition-scale-up uk-transition-opaque\" alt=\"Lac De Chadanne\" width=\"600\" height=\"400\"><\/div>\n                    \n                    \n                        \n                        \n                        \n                        \n                        \n                        \n                        \n                    \n                <\/div>\n\n            <\/li>\n\n                <\/ul>\n\n        \n    <\/div>\n\n    \n        <ul class=\"uk-slider-nav uk-dotnav uk-flex-center uk-margin-remove-bottom\"><\/ul>\n    \n    \n<\/div>\n\n\n\n\n<h2 class=\"wp-block-heading\">Divertirsi in acqua<\/h2>\n\n\n\n<p>Durante il vostro soggiorno in famiglia, godetevi l\u2019acqua!<\/p>\n\n\n\n<p>Nei dintorni di Castellane, troverete numerosi laghi e punti d\u2019acqua per nuotare e offrirvi una pausa rinfrescante durante le vacanze.<\/p>\n\n\n\n<p>A 3 km da Castellane, il <strong>lago di Chaudanne<\/strong>, con la sua corona di falesie calcaree, le acque turchesi e il suo aspetto ancora un po\u2019 selvaggio, non mancher\u00e0 di affascinarvi.<\/p>\n\n\n\n<p>A 5 km da Castellane, il <strong>lago di Castillon<\/strong> \u00e8 il luogo di villeggiatura ideale per chi vuole passare le vacanze tra nuotate e attivit\u00e0 sull\u2019acqua.<\/p>\n\n\n\n<figure class=\"wp-block-embed is-type-video is-provider-youtube wp-block-embed-youtube wp-embed-aspect-16-9 wp-has-aspect-ratio\"><div class=\"wp-block-embed__wrapper\">\n<iframe loading=\"lazy\" title=\"Castellane | Le Verdon | Lac de Chaudanne | Chapelle Notre- Dame du Roc | 4K DJI Mavic Air 2 Aerial\" width=\"500\" height=\"281\" src=\"https:\/\/www.youtube.com\/embed\/BtHjDiR8l4k?feature=oembed\" frameborder=\"0\" allow=\"accelerometer; autoplay; clipboard-write; encrypted-media; gyroscope; picture-in-picture; web-share\" referrerpolicy=\"strict-origin-when-cross-origin\" allowfullscreen><\/iframe>\n<\/div><\/figure>\n\n\n\n<div style=\"height:20px\" aria-hidden=\"true\" class=\"wp-block-spacer\"><\/div>\n\n\n","protected":false},"excerpt":{"rendered":"<p>Castellane \u00e8 la porta d\u2019ingresso alle Gole del Verdon sul Lago di Castillon, uno dei pi\u00f9 selvaggi del Verdon. Qui, la natura offre quanto ha di pi\u00f9 bello, dalle tumultuose Gole, alle montagne delle Prealpi, e ospita uno splendido lago rannicchiato nell\u2019incavo di una cornice maestosa. Citt\u00e0 medievale, anticamente costruita sulla famosa Rocca a strapiombo, [&hellip;]<\/p>\n","protected":false},"author":1,"featured_media":0,"parent":0,"menu_order":37,"comment_status":"closed","ping_status":"closed","template":"","meta":{"_acf_changed":false,"footnotes":""},"class_list":["post-3246","page","type-page","status-publish","hentry"],"acf":[],"yoast_head":"<!-- This site is optimized with the Yoast SEO plugin v27.3 - https:\/\/yoast.com\/product\/yoast-seo-wordpress\/ -->\n<title>Turismo Castellane visita villaggio nel Verdon in Provenza<\/title>\n<meta name=\"robots\" content=\"index, follow, max-snippet:-1, max-image-preview:large, max-video-preview:-1\" \/>\n<link rel=\"canonical\" href=\"https:\/\/camping-terra-verdon.com\/it\/castellane\/\" \/>\n<meta property=\"og:locale\" content=\"it_IT\" \/>\n<meta property=\"og:type\" content=\"article\" \/>\n<meta property=\"og:title\" content=\"Turismo Castellane visita villaggio nel Verdon in Provenza\" \/>\n<meta property=\"og:description\" content=\"Castellane \u00e8 la porta d\u2019ingresso alle Gole del Verdon sul Lago di Castillon, uno dei pi\u00f9 selvaggi del Verdon. Qui, la natura offre quanto ha di pi\u00f9 bello, dalle tumultuose Gole, alle montagne delle Prealpi, e ospita uno splendido lago rannicchiato nell\u2019incavo di una cornice maestosa. Citt\u00e0 medievale, anticamente costruita sulla famosa Rocca a strapiombo, [&hellip;]\" \/>\n<meta property=\"og:url\" content=\"https:\/\/camping-terra-verdon.com\/it\/castellane\/\" \/>\n<meta property=\"og:site_name\" content=\"Camping Terra Verdon\" \/>\n<meta property=\"article:modified_time\" content=\"2025-04-14T14:01:09+00:00\" \/>\n<meta name=\"twitter:card\" content=\"summary_large_image\" \/>\n<meta name=\"twitter:label1\" content=\"Tempo di lettura stimato\" \/>\n\t<meta name=\"twitter:data1\" content=\"3 minuti\" \/>\n<script type=\"application\/ld+json\" class=\"yoast-schema-graph\">{\"@context\":\"https:\\\/\\\/schema.org\",\"@graph\":[{\"@type\":\"WebPage\",\"@id\":\"https:\\\/\\\/camping-terra-verdon.com\\\/it\\\/castellane\\\/\",\"url\":\"https:\\\/\\\/camping-terra-verdon.com\\\/it\\\/castellane\\\/\",\"name\":\"Turismo Castellane visita villaggio nel Verdon in Provenza\",\"isPartOf\":{\"@id\":\"https:\\\/\\\/camping-terra-verdon.com\\\/it\\\/#website\"},\"datePublished\":\"2021-04-08T14:37:27+00:00\",\"dateModified\":\"2025-04-14T14:01:09+00:00\",\"breadcrumb\":{\"@id\":\"https:\\\/\\\/camping-terra-verdon.com\\\/it\\\/castellane\\\/#breadcrumb\"},\"inLanguage\":\"it-IT\",\"potentialAction\":[{\"@type\":\"ReadAction\",\"target\":[\"https:\\\/\\\/camping-terra-verdon.com\\\/it\\\/castellane\\\/\"]}]},{\"@type\":\"BreadcrumbList\",\"@id\":\"https:\\\/\\\/camping-terra-verdon.com\\\/it\\\/castellane\\\/#breadcrumb\",\"itemListElement\":[{\"@type\":\"ListItem\",\"position\":1,\"name\":\"Camping Gorges du Verdon\",\"item\":\"https:\\\/\\\/camping-terra-verdon.com\\\/it\\\/\"},{\"@type\":\"ListItem\",\"position\":2,\"name\":\"Turismo a Castellane nel Verdon\"}]},{\"@type\":\"WebSite\",\"@id\":\"https:\\\/\\\/camping-terra-verdon.com\\\/it\\\/#website\",\"url\":\"https:\\\/\\\/camping-terra-verdon.com\\\/it\\\/\",\"name\":\"Camping Terra Verdon\",\"description\":\"Camping Terra Verdon\",\"potentialAction\":[{\"@type\":\"SearchAction\",\"target\":{\"@type\":\"EntryPoint\",\"urlTemplate\":\"https:\\\/\\\/camping-terra-verdon.com\\\/it\\\/?s={search_term_string}\"},\"query-input\":{\"@type\":\"PropertyValueSpecification\",\"valueRequired\":true,\"valueName\":\"search_term_string\"}}],\"inLanguage\":\"it-IT\"}]}<\/script>\n<!-- \/ Yoast SEO plugin. -->","yoast_head_json":{"title":"Turismo Castellane visita villaggio nel Verdon in Provenza","robots":{"index":"index","follow":"follow","max-snippet":"max-snippet:-1","max-image-preview":"max-image-preview:large","max-video-preview":"max-video-preview:-1"},"canonical":"https:\/\/camping-terra-verdon.com\/it\/castellane\/","og_locale":"it_IT","og_type":"article","og_title":"Turismo Castellane visita villaggio nel Verdon in Provenza","og_description":"Castellane \u00e8 la porta d\u2019ingresso alle Gole del Verdon sul Lago di Castillon, uno dei pi\u00f9 selvaggi del Verdon. Qui, la natura offre quanto ha di pi\u00f9 bello, dalle tumultuose Gole, alle montagne delle Prealpi, e ospita uno splendido lago rannicchiato nell\u2019incavo di una cornice maestosa. Citt\u00e0 medievale, anticamente costruita sulla famosa Rocca a strapiombo, [&hellip;]","og_url":"https:\/\/camping-terra-verdon.com\/it\/castellane\/","og_site_name":"Camping Terra Verdon","article_modified_time":"2025-04-14T14:01:09+00:00","twitter_card":"summary_large_image","twitter_misc":{"Tempo di lettura stimato":"3 minuti"},"schema":{"@context":"https:\/\/schema.org","@graph":[{"@type":"WebPage","@id":"https:\/\/camping-terra-verdon.com\/it\/castellane\/","url":"https:\/\/camping-terra-verdon.com\/it\/castellane\/","name":"Turismo Castellane visita villaggio nel Verdon in Provenza","isPartOf":{"@id":"https:\/\/camping-terra-verdon.com\/it\/#website"},"datePublished":"2021-04-08T14:37:27+00:00","dateModified":"2025-04-14T14:01:09+00:00","breadcrumb":{"@id":"https:\/\/camping-terra-verdon.com\/it\/castellane\/#breadcrumb"},"inLanguage":"it-IT","potentialAction":[{"@type":"ReadAction","target":["https:\/\/camping-terra-verdon.com\/it\/castellane\/"]}]},{"@type":"BreadcrumbList","@id":"https:\/\/camping-terra-verdon.com\/it\/castellane\/#breadcrumb","itemListElement":[{"@type":"ListItem","position":1,"name":"Camping Gorges du Verdon","item":"https:\/\/camping-terra-verdon.com\/it\/"},{"@type":"ListItem","position":2,"name":"Turismo a Castellane nel Verdon"}]},{"@type":"WebSite","@id":"https:\/\/camping-terra-verdon.com\/it\/#website","url":"https:\/\/camping-terra-verdon.com\/it\/","name":"Camping Terra Verdon","description":"Camping Terra Verdon","potentialAction":[{"@type":"SearchAction","target":{"@type":"EntryPoint","urlTemplate":"https:\/\/camping-terra-verdon.com\/it\/?s={search_term_string}"},"query-input":{"@type":"PropertyValueSpecification","valueRequired":true,"valueName":"search_term_string"}}],"inLanguage":"it-IT"}]}},"_links":{"self":[{"href":"https:\/\/camping-terra-verdon.com\/it\/wp-json\/wp\/v2\/pages\/3246","targetHints":{"allow":["GET"]}}],"collection":[{"href":"https:\/\/camping-terra-verdon.com\/it\/wp-json\/wp\/v2\/pages"}],"about":[{"href":"https:\/\/camping-terra-verdon.com\/it\/wp-json\/wp\/v2\/types\/page"}],"author":[{"embeddable":true,"href":"https:\/\/camping-terra-verdon.com\/it\/wp-json\/wp\/v2\/users\/1"}],"replies":[{"embeddable":true,"href":"https:\/\/camping-terra-verdon.com\/it\/wp-json\/wp\/v2\/comments?post=3246"}],"version-history":[{"count":5,"href":"https:\/\/camping-terra-verdon.com\/it\/wp-json\/wp\/v2\/pages\/3246\/revisions"}],"predecessor-version":[{"id":95167,"href":"https:\/\/camping-terra-verdon.com\/it\/wp-json\/wp\/v2\/pages\/3246\/revisions\/95167"}],"wp:attachment":[{"href":"https:\/\/camping-terra-verdon.com\/it\/wp-json\/wp\/v2\/media?parent=3246"}],"curies":[{"name":"wp","href":"https:\/\/api.w.org\/{rel}","templated":true}]}}