{"id":3204,"date":"2021-04-08T16:09:29","date_gmt":"2021-04-08T14:09:29","guid":{"rendered":"https:\/\/camping-terra-verdon.com\/?page_id=3204"},"modified":"2022-01-13T14:07:30","modified_gmt":"2022-01-13T13:07:30","slug":"alloggi-3-4-camere-da-letto","status":"publish","type":"page","link":"https:\/\/camping-terra-verdon.com\/it\/alloggi\/alloggi-3-4-camere-da-letto\/","title":{"rendered":"Alloggi 3 &#038; 4 camere da letto"},"content":{"rendered":"\n<p>Affinch\u00e9 le vacanze in famiglia siano una vera gioia, Ciela Village ha pensato a tutte le famiglie, piccole e grandi, tenendo in considerazione il loro budget e il loro desiderio di comodit\u00e0. I nostri alloggi con 3 o 4 camere da letto sono anche pensati per le vacanze tra amici, affinch\u00e9 ciascuno abbia il proprio angolo di tranquillit\u00e0.<\/p>\n\n\n\n<div class=\"galerie-loc\">\n<div class=\" \" uk-slider=\"sets: true\">\n\n    \n    <div class=\"uk-position-relative uk-visible-toggle uk-margin\">\n\n        <ul class=\"uk-slider-items uk-grid uk-grid-match uk-child-width-1-1 uk-child-width-1-2@s uk-grid-small\">\n        \n            <li >\n\n                <div class=\"uk-panel uk-text-center\">\n\n                    \n                    \n                                        <div class=\"uk-text-center uk-margin uk-margin-remove-top\"><img decoding=\"async\" src=\"\/wp-content\/plugins\/widgetkit\/cache\/location-mobil-home-gorge-verdon-6-14f275780413870710a846197a644b20.jpg\" class=\" uk-transition-scale-up uk-transition-opaque\" alt=\"img1\" width=\"600\" height=\"500\"><\/div>\n                    \n                    \n                        \n                        \n                        \n                        \n                        \n                        \n                        \n                    \n                <\/div>\n\n            <\/li>\n\n        \n            <li >\n\n                <div class=\"uk-panel uk-text-center\">\n\n                    \n                    \n                                        <div class=\"uk-text-center uk-margin uk-margin-remove-top\"><img decoding=\"async\" src=\"\/wp-content\/plugins\/widgetkit\/cache\/location-mobil-home-gorge-verdon-5-cb81533e0a5091b3e06e1de968b1e460.jpg\" class=\" uk-transition-scale-up uk-transition-opaque\" alt=\"img2\" width=\"600\" height=\"500\"><\/div>\n                    \n                    \n                        \n                        \n                        \n                        \n                        \n                        \n                        \n                    \n                <\/div>\n\n            <\/li>\n\n                <\/ul>\n\n        \n            \n                \n                    <a href=\"#\" class=\"uk-position-center-left uk-position-small uk-hidden-hover\" uk-slidenav-previous uk-slider-item=\"previous\"><\/a>\n                    <a href=\"#\" class=\"uk-position-center-right uk-position-small uk-hidden-hover\" uk-slidenav-next uk-slider-item=\"next\"><\/a>\n\n                \n            \n        \n    <\/div>\n\n    \n        <ul class=\"uk-slider-nav uk-dotnav uk-flex-center uk-margin-remove-bottom\"><\/ul>\n    \n    \n<\/div>\n<\/div>\n\n\n","protected":false},"excerpt":{"rendered":"<p>Affinch\u00e9 le vacanze in famiglia siano una vera gioia, Ciela Village ha pensato a tutte le famiglie, piccole e grandi, tenendo in considerazione il loro budget e il loro desiderio di comodit\u00e0. I nostri alloggi con 3 o 4 camere da letto sono anche pensati per le vacanze tra amici, affinch\u00e9 ciascuno abbia il proprio [&hellip;]<\/p>\n","protected":false},"author":1,"featured_media":0,"parent":3184,"menu_order":9,"comment_status":"closed","ping_status":"closed","template":"","meta":{"_acf_changed":false,"footnotes":""},"class_list":["post-3204","page","type-page","status-publish","hentry"],"acf":[],"yoast_head":"<!-- This site is optimized with the Yoast SEO plugin v27.3 - https:\/\/yoast.com\/product\/yoast-seo-wordpress\/ -->\n<title>Case mobili 3 e 4 camere da letto per 6 a 8 persone nel Verdon<\/title>\n<meta name=\"robots\" content=\"index, follow, max-snippet:-1, max-image-preview:large, max-video-preview:-1\" \/>\n<link rel=\"canonical\" href=\"https:\/\/camping-terra-verdon.com\/it\/alloggi\/alloggi-3-4-camere-da-letto\/\" \/>\n<meta property=\"og:locale\" content=\"it_IT\" \/>\n<meta property=\"og:type\" content=\"article\" \/>\n<meta property=\"og:title\" content=\"Case mobili 3 e 4 camere da letto per 6 a 8 persone nel Verdon\" \/>\n<meta property=\"og:description\" content=\"Affinch\u00e9 le vacanze in famiglia siano una vera gioia, Ciela Village ha pensato a tutte le famiglie, piccole e grandi, tenendo in considerazione il loro budget e il loro desiderio di comodit\u00e0. I nostri alloggi con 3 o 4 camere da letto sono anche pensati per le vacanze tra amici, affinch\u00e9 ciascuno abbia il proprio [&hellip;]\" \/>\n<meta property=\"og:url\" content=\"https:\/\/camping-terra-verdon.com\/it\/alloggi\/alloggi-3-4-camere-da-letto\/\" \/>\n<meta property=\"og:site_name\" content=\"Camping Terra Verdon\" \/>\n<meta property=\"article:modified_time\" content=\"2022-01-13T13:07:30+00:00\" \/>\n<meta name=\"twitter:card\" content=\"summary_large_image\" \/>\n<meta name=\"twitter:label1\" content=\"Tempo di lettura stimato\" \/>\n\t<meta name=\"twitter:data1\" content=\"1 minuto\" \/>\n<script type=\"application\/ld+json\" class=\"yoast-schema-graph\">{\"@context\":\"https:\\\/\\\/schema.org\",\"@graph\":[{\"@type\":\"WebPage\",\"@id\":\"https:\\\/\\\/camping-terra-verdon.com\\\/it\\\/alloggi\\\/alloggi-3-4-camere-da-letto\\\/\",\"url\":\"https:\\\/\\\/camping-terra-verdon.com\\\/it\\\/alloggi\\\/alloggi-3-4-camere-da-letto\\\/\",\"name\":\"Case mobili 3 e 4 camere da letto per 6 a 8 persone nel Verdon\",\"isPartOf\":{\"@id\":\"https:\\\/\\\/camping-terra-verdon.com\\\/it\\\/#website\"},\"datePublished\":\"2021-04-08T14:09:29+00:00\",\"dateModified\":\"2022-01-13T13:07:30+00:00\",\"breadcrumb\":{\"@id\":\"https:\\\/\\\/camping-terra-verdon.com\\\/it\\\/alloggi\\\/alloggi-3-4-camere-da-letto\\\/#breadcrumb\"},\"inLanguage\":\"it-IT\",\"potentialAction\":[{\"@type\":\"ReadAction\",\"target\":[\"https:\\\/\\\/camping-terra-verdon.com\\\/it\\\/alloggi\\\/alloggi-3-4-camere-da-letto\\\/\"]}]},{\"@type\":\"BreadcrumbList\",\"@id\":\"https:\\\/\\\/camping-terra-verdon.com\\\/it\\\/alloggi\\\/alloggi-3-4-camere-da-letto\\\/#breadcrumb\",\"itemListElement\":[{\"@type\":\"ListItem\",\"position\":1,\"name\":\"Camping Gorges du Verdon\",\"item\":\"https:\\\/\\\/camping-terra-verdon.com\\\/it\\\/\"},{\"@type\":\"ListItem\",\"position\":2,\"name\":\"Affitto di mobile home nelle Gole del Verdon\",\"item\":\"https:\\\/\\\/camping-terra-verdon.com\\\/it\\\/alloggi\\\/\"},{\"@type\":\"ListItem\",\"position\":3,\"name\":\"Alloggi 3 &#038; 4 camere da letto\"}]},{\"@type\":\"WebSite\",\"@id\":\"https:\\\/\\\/camping-terra-verdon.com\\\/it\\\/#website\",\"url\":\"https:\\\/\\\/camping-terra-verdon.com\\\/it\\\/\",\"name\":\"Camping Terra Verdon\",\"description\":\"Camping Terra Verdon\",\"potentialAction\":[{\"@type\":\"SearchAction\",\"target\":{\"@type\":\"EntryPoint\",\"urlTemplate\":\"https:\\\/\\\/camping-terra-verdon.com\\\/it\\\/?s={search_term_string}\"},\"query-input\":{\"@type\":\"PropertyValueSpecification\",\"valueRequired\":true,\"valueName\":\"search_term_string\"}}],\"inLanguage\":\"it-IT\"}]}<\/script>\n<!-- \/ Yoast SEO plugin. -->","yoast_head_json":{"title":"Case mobili 3 e 4 camere da letto per 6 a 8 persone nel Verdon","robots":{"index":"index","follow":"follow","max-snippet":"max-snippet:-1","max-image-preview":"max-image-preview:large","max-video-preview":"max-video-preview:-1"},"canonical":"https:\/\/camping-terra-verdon.com\/it\/alloggi\/alloggi-3-4-camere-da-letto\/","og_locale":"it_IT","og_type":"article","og_title":"Case mobili 3 e 4 camere da letto per 6 a 8 persone nel Verdon","og_description":"Affinch\u00e9 le vacanze in famiglia siano una vera gioia, Ciela Village ha pensato a tutte le famiglie, piccole e grandi, tenendo in considerazione il loro budget e il loro desiderio di comodit\u00e0. I nostri alloggi con 3 o 4 camere da letto sono anche pensati per le vacanze tra amici, affinch\u00e9 ciascuno abbia il proprio [&hellip;]","og_url":"https:\/\/camping-terra-verdon.com\/it\/alloggi\/alloggi-3-4-camere-da-letto\/","og_site_name":"Camping Terra Verdon","article_modified_time":"2022-01-13T13:07:30+00:00","twitter_card":"summary_large_image","twitter_misc":{"Tempo di lettura stimato":"1 minuto"},"schema":{"@context":"https:\/\/schema.org","@graph":[{"@type":"WebPage","@id":"https:\/\/camping-terra-verdon.com\/it\/alloggi\/alloggi-3-4-camere-da-letto\/","url":"https:\/\/camping-terra-verdon.com\/it\/alloggi\/alloggi-3-4-camere-da-letto\/","name":"Case mobili 3 e 4 camere da letto per 6 a 8 persone nel Verdon","isPartOf":{"@id":"https:\/\/camping-terra-verdon.com\/it\/#website"},"datePublished":"2021-04-08T14:09:29+00:00","dateModified":"2022-01-13T13:07:30+00:00","breadcrumb":{"@id":"https:\/\/camping-terra-verdon.com\/it\/alloggi\/alloggi-3-4-camere-da-letto\/#breadcrumb"},"inLanguage":"it-IT","potentialAction":[{"@type":"ReadAction","target":["https:\/\/camping-terra-verdon.com\/it\/alloggi\/alloggi-3-4-camere-da-letto\/"]}]},{"@type":"BreadcrumbList","@id":"https:\/\/camping-terra-verdon.com\/it\/alloggi\/alloggi-3-4-camere-da-letto\/#breadcrumb","itemListElement":[{"@type":"ListItem","position":1,"name":"Camping Gorges du Verdon","item":"https:\/\/camping-terra-verdon.com\/it\/"},{"@type":"ListItem","position":2,"name":"Affitto di mobile home nelle Gole del Verdon","item":"https:\/\/camping-terra-verdon.com\/it\/alloggi\/"},{"@type":"ListItem","position":3,"name":"Alloggi 3 &#038; 4 camere da letto"}]},{"@type":"WebSite","@id":"https:\/\/camping-terra-verdon.com\/it\/#website","url":"https:\/\/camping-terra-verdon.com\/it\/","name":"Camping Terra Verdon","description":"Camping Terra Verdon","potentialAction":[{"@type":"SearchAction","target":{"@type":"EntryPoint","urlTemplate":"https:\/\/camping-terra-verdon.com\/it\/?s={search_term_string}"},"query-input":{"@type":"PropertyValueSpecification","valueRequired":true,"valueName":"search_term_string"}}],"inLanguage":"it-IT"}]}},"_links":{"self":[{"href":"https:\/\/camping-terra-verdon.com\/it\/wp-json\/wp\/v2\/pages\/3204","targetHints":{"allow":["GET"]}}],"collection":[{"href":"https:\/\/camping-terra-verdon.com\/it\/wp-json\/wp\/v2\/pages"}],"about":[{"href":"https:\/\/camping-terra-verdon.com\/it\/wp-json\/wp\/v2\/types\/page"}],"author":[{"embeddable":true,"href":"https:\/\/camping-terra-verdon.com\/it\/wp-json\/wp\/v2\/users\/1"}],"replies":[{"embeddable":true,"href":"https:\/\/camping-terra-verdon.com\/it\/wp-json\/wp\/v2\/comments?post=3204"}],"version-history":[{"count":5,"href":"https:\/\/camping-terra-verdon.com\/it\/wp-json\/wp\/v2\/pages\/3204\/revisions"}],"predecessor-version":[{"id":4368,"href":"https:\/\/camping-terra-verdon.com\/it\/wp-json\/wp\/v2\/pages\/3204\/revisions\/4368"}],"up":[{"embeddable":true,"href":"https:\/\/camping-terra-verdon.com\/it\/wp-json\/wp\/v2\/pages\/3184"}],"wp:attachment":[{"href":"https:\/\/camping-terra-verdon.com\/it\/wp-json\/wp\/v2\/media?parent=3204"}],"curies":[{"name":"wp","href":"https:\/\/api.w.org\/{rel}","templated":true}]}}