{"id":3087,"date":"2021-04-08T12:44:04","date_gmt":"2021-04-08T10:44:04","guid":{"rendered":"https:\/\/camping-terra-verdon.com\/?page_id=3087"},"modified":"2021-04-08T12:44:05","modified_gmt":"2021-04-08T10:44:05","slug":"newsletter","status":"publish","type":"page","link":"https:\/\/camping-terra-verdon.com\/it\/newsletter\/","title":{"rendered":"Tutte le novit\u00e0 sulle vostre vacanze Ciela Village"},"content":{"rendered":"<p>Per scoprire tutte le novit\u00e0 dei camping Ciela Village, non esitate ad iscrivervi alla nostra newsletter. Riceverete cos\u00ec in esclusiva tutte le nostre offerte, le nostre operazioni speciali e le nostre promozioni.<\/p>\n\n","protected":false},"excerpt":{"rendered":"<p>Per scoprire tutte le novit\u00e0 dei camping Ciela Village, non esitate ad iscrivervi alla nostra newsletter. Riceverete cos\u00ec in esclusiva tutte le nostre offerte, le nostre operazioni speciali e le nostre promozioni.<\/p>\n","protected":false},"author":1,"featured_media":0,"parent":0,"menu_order":38,"comment_status":"closed","ping_status":"closed","template":"","meta":{"_acf_changed":false,"footnotes":""},"class_list":["post-3087","page","type-page","status-publish","hentry"],"acf":[],"yoast_head":"<!-- This site is optimized with the Yoast SEO plugin v27.2 - https:\/\/yoast.com\/product\/yoast-seo-wordpress\/ -->\n<title>Iscriviti alla Newsletter Camping Terra Verdon Ciela Village<\/title>\n<meta name=\"robots\" content=\"index, follow, max-snippet:-1, max-image-preview:large, max-video-preview:-1\" \/>\n<link rel=\"canonical\" href=\"https:\/\/camping-terra-verdon.com\/it\/newsletter\/\" \/>\n<meta property=\"og:locale\" content=\"it_IT\" \/>\n<meta property=\"og:type\" content=\"article\" \/>\n<meta property=\"og:title\" content=\"Iscriviti alla Newsletter Camping Terra Verdon Ciela Village\" \/>\n<meta property=\"og:description\" content=\"Per scoprire tutte le novit\u00e0 dei camping Ciela Village, non esitate ad iscrivervi alla nostra newsletter. Riceverete cos\u00ec in esclusiva tutte le nostre offerte, le nostre operazioni speciali e le nostre promozioni.\" \/>\n<meta property=\"og:url\" content=\"https:\/\/camping-terra-verdon.com\/it\/newsletter\/\" \/>\n<meta property=\"og:site_name\" content=\"Camping Terra Verdon\" \/>\n<meta property=\"article:modified_time\" content=\"2021-04-08T10:44:05+00:00\" \/>\n<meta name=\"twitter:card\" content=\"summary_large_image\" \/>\n<meta name=\"twitter:label1\" content=\"Tempo di lettura stimato\" \/>\n\t<meta name=\"twitter:data1\" content=\"1 minuto\" \/>\n<script type=\"application\/ld+json\" class=\"yoast-schema-graph\">{\"@context\":\"https:\/\/schema.org\",\"@graph\":[{\"@type\":\"WebPage\",\"@id\":\"https:\/\/camping-terra-verdon.com\/it\/newsletter\/\",\"url\":\"https:\/\/camping-terra-verdon.com\/it\/newsletter\/\",\"name\":\"Iscriviti alla Newsletter Camping Terra Verdon Ciela Village\",\"isPartOf\":{\"@id\":\"https:\/\/camping-terra-verdon.com\/it\/#website\"},\"datePublished\":\"2021-04-08T10:44:04+00:00\",\"dateModified\":\"2021-04-08T10:44:05+00:00\",\"breadcrumb\":{\"@id\":\"https:\/\/camping-terra-verdon.com\/it\/newsletter\/#breadcrumb\"},\"inLanguage\":\"it-IT\",\"potentialAction\":[{\"@type\":\"ReadAction\",\"target\":[\"https:\/\/camping-terra-verdon.com\/it\/newsletter\/\"]}]},{\"@type\":\"BreadcrumbList\",\"@id\":\"https:\/\/camping-terra-verdon.com\/it\/newsletter\/#breadcrumb\",\"itemListElement\":[{\"@type\":\"ListItem\",\"position\":1,\"name\":\"Camping Gorges du Verdon\",\"item\":\"https:\/\/camping-terra-verdon.com\/it\/\"},{\"@type\":\"ListItem\",\"position\":2,\"name\":\"Tutte le novit\u00e0 sulle vostre vacanze Ciela Village\"}]},{\"@type\":\"WebSite\",\"@id\":\"https:\/\/camping-terra-verdon.com\/it\/#website\",\"url\":\"https:\/\/camping-terra-verdon.com\/it\/\",\"name\":\"Camping Terra Verdon\",\"description\":\"Camping Terra Verdon\",\"potentialAction\":[{\"@type\":\"SearchAction\",\"target\":{\"@type\":\"EntryPoint\",\"urlTemplate\":\"https:\/\/camping-terra-verdon.com\/it\/?s={search_term_string}\"},\"query-input\":{\"@type\":\"PropertyValueSpecification\",\"valueRequired\":true,\"valueName\":\"search_term_string\"}}],\"inLanguage\":\"it-IT\"}]}<\/script>\n<!-- \/ Yoast SEO plugin. -->","yoast_head_json":{"title":"Iscriviti alla Newsletter Camping Terra Verdon Ciela Village","robots":{"index":"index","follow":"follow","max-snippet":"max-snippet:-1","max-image-preview":"max-image-preview:large","max-video-preview":"max-video-preview:-1"},"canonical":"https:\/\/camping-terra-verdon.com\/it\/newsletter\/","og_locale":"it_IT","og_type":"article","og_title":"Iscriviti alla Newsletter Camping Terra Verdon Ciela Village","og_description":"Per scoprire tutte le novit\u00e0 dei camping Ciela Village, non esitate ad iscrivervi alla nostra newsletter. Riceverete cos\u00ec in esclusiva tutte le nostre offerte, le nostre operazioni speciali e le nostre promozioni.","og_url":"https:\/\/camping-terra-verdon.com\/it\/newsletter\/","og_site_name":"Camping Terra Verdon","article_modified_time":"2021-04-08T10:44:05+00:00","twitter_card":"summary_large_image","twitter_misc":{"Tempo di lettura stimato":"1 minuto"},"schema":{"@context":"https:\/\/schema.org","@graph":[{"@type":"WebPage","@id":"https:\/\/camping-terra-verdon.com\/it\/newsletter\/","url":"https:\/\/camping-terra-verdon.com\/it\/newsletter\/","name":"Iscriviti alla Newsletter Camping Terra Verdon Ciela Village","isPartOf":{"@id":"https:\/\/camping-terra-verdon.com\/it\/#website"},"datePublished":"2021-04-08T10:44:04+00:00","dateModified":"2021-04-08T10:44:05+00:00","breadcrumb":{"@id":"https:\/\/camping-terra-verdon.com\/it\/newsletter\/#breadcrumb"},"inLanguage":"it-IT","potentialAction":[{"@type":"ReadAction","target":["https:\/\/camping-terra-verdon.com\/it\/newsletter\/"]}]},{"@type":"BreadcrumbList","@id":"https:\/\/camping-terra-verdon.com\/it\/newsletter\/#breadcrumb","itemListElement":[{"@type":"ListItem","position":1,"name":"Camping Gorges du Verdon","item":"https:\/\/camping-terra-verdon.com\/it\/"},{"@type":"ListItem","position":2,"name":"Tutte le novit\u00e0 sulle vostre vacanze Ciela Village"}]},{"@type":"WebSite","@id":"https:\/\/camping-terra-verdon.com\/it\/#website","url":"https:\/\/camping-terra-verdon.com\/it\/","name":"Camping Terra Verdon","description":"Camping Terra Verdon","potentialAction":[{"@type":"SearchAction","target":{"@type":"EntryPoint","urlTemplate":"https:\/\/camping-terra-verdon.com\/it\/?s={search_term_string}"},"query-input":{"@type":"PropertyValueSpecification","valueRequired":true,"valueName":"search_term_string"}}],"inLanguage":"it-IT"}]}},"_links":{"self":[{"href":"https:\/\/camping-terra-verdon.com\/it\/wp-json\/wp\/v2\/pages\/3087","targetHints":{"allow":["GET"]}}],"collection":[{"href":"https:\/\/camping-terra-verdon.com\/it\/wp-json\/wp\/v2\/pages"}],"about":[{"href":"https:\/\/camping-terra-verdon.com\/it\/wp-json\/wp\/v2\/types\/page"}],"author":[{"embeddable":true,"href":"https:\/\/camping-terra-verdon.com\/it\/wp-json\/wp\/v2\/users\/1"}],"replies":[{"embeddable":true,"href":"https:\/\/camping-terra-verdon.com\/it\/wp-json\/wp\/v2\/comments?post=3087"}],"version-history":[{"count":1,"href":"https:\/\/camping-terra-verdon.com\/it\/wp-json\/wp\/v2\/pages\/3087\/revisions"}],"predecessor-version":[{"id":3088,"href":"https:\/\/camping-terra-verdon.com\/it\/wp-json\/wp\/v2\/pages\/3087\/revisions\/3088"}],"wp:attachment":[{"href":"https:\/\/camping-terra-verdon.com\/it\/wp-json\/wp\/v2\/media?parent=3087"}],"curies":[{"name":"wp","href":"https:\/\/api.w.org\/{rel}","templated":true}]}}