{"id":6131,"date":"2023-01-24T10:01:22","date_gmt":"2023-01-24T09:01:22","guid":{"rendered":"https:\/\/camping-terra-verdon.com\/?page_id=6131"},"modified":"2025-06-27T12:01:34","modified_gmt":"2025-06-27T10:01:34","slug":"carte-des-campings","status":"publish","type":"page","link":"https:\/\/camping-terra-verdon.com\/de\/carte-des-campings\/","title":{"rendered":"Einzigartige Ferien in Frankreich auf den Sterne-Campingpl\u00e4tzen von Ciela Village"},"content":{"rendered":"\n<div>\n<p>Warum Abstriche machen, wenn man im Urlaub alles miteinander verbinden kann?<\/p>\n<p>Willkommen bei Ciela Village, einer hochwertigen, familiengef\u00fchrten Campingplatzkette in Frankreich, die Ihnen einen erlebnisreichen Campingurlaub bieten m\u00f6chte, bei dem Sie Gelegenheit haben, zur Natur zur\u00fcckzufinden.<\/p>\n<p>Ein idyllischer Rahmen, gemeinsame Momente mit der Familie und Freunden, eine freundliche und herzliche Atmosph\u00e4re, sowie nat\u00fcrlich hochwertige Dienstleistungen, Angebote und zahlreiche Aktivit\u00e4ten f\u00fcr einen absolut gelungenen Aufenthalt: Das ist das perfekte Programm f\u00fcr einen echten Traumurlaub.<\/p>\n<p>Verlieren Sie keine Sekunde und entdecken Sie alle unsere Campingpl\u00e4tze in Frankreich auf unserer <a href=\"https:\/\/cielavillage.fr\/de\/\" target=\"_blank\" rel=\"noopener\">Ciela Village Webseite<\/a>!<\/p>\n<\/div>\n\n\n\n<h2 class=\"wp-block-heading\">Unsere Campingpl\u00e4tze in Frankreich<\/h2>\n","protected":false},"excerpt":{"rendered":"<p>Warum Abstriche machen, wenn man im Urlaub alles miteinander verbinden kann? Willkommen bei Ciela Village, einer hochwertigen, familiengef\u00fchrten Campingplatzkette in Frankreich, die Ihnen einen erlebnisreichen Campingurlaub bieten m\u00f6chte, bei dem Sie Gelegenheit haben, zur Natur zur\u00fcckzufinden. Ein idyllischer Rahmen, gemeinsame Momente mit der Familie und Freunden, eine freundliche und herzliche Atmosph\u00e4re, sowie nat\u00fcrlich hochwertige Dienstleistungen, [&hellip;]<\/p>\n","protected":false},"author":1,"featured_media":0,"parent":0,"menu_order":0,"comment_status":"closed","ping_status":"closed","template":"","meta":{"_acf_changed":false,"footnotes":""},"class_list":["post-6131","page","type-page","status-publish","hentry"],"acf":[],"yoast_head":"<!-- This site is optimized with the Yoast SEO plugin v27.3 - https:\/\/yoast.com\/product\/yoast-seo-wordpress\/ -->\n<title>Einzigartige Ferien in Frankreich auf den Sterne-Campingpl\u00e4tzen von Ciela Village - Camping Terra Verdon<\/title>\n<meta name=\"robots\" content=\"index, follow, max-snippet:-1, max-image-preview:large, max-video-preview:-1\" \/>\n<link rel=\"canonical\" href=\"https:\/\/camping-terra-verdon.com\/de\/carte-des-campings\/\" \/>\n<meta property=\"og:locale\" content=\"de_DE\" \/>\n<meta property=\"og:type\" content=\"article\" \/>\n<meta property=\"og:title\" content=\"Einzigartige Ferien in Frankreich auf den Sterne-Campingpl\u00e4tzen von Ciela Village - Camping Terra Verdon\" \/>\n<meta property=\"og:description\" content=\"Warum Abstriche machen, wenn man im Urlaub alles miteinander verbinden kann? Willkommen bei Ciela Village, einer hochwertigen, familiengef\u00fchrten Campingplatzkette in Frankreich, die Ihnen einen erlebnisreichen Campingurlaub bieten m\u00f6chte, bei dem Sie Gelegenheit haben, zur Natur zur\u00fcckzufinden. Ein idyllischer Rahmen, gemeinsame Momente mit der Familie und Freunden, eine freundliche und herzliche Atmosph\u00e4re, sowie nat\u00fcrlich hochwertige Dienstleistungen, [&hellip;]\" \/>\n<meta property=\"og:url\" content=\"https:\/\/camping-terra-verdon.com\/de\/carte-des-campings\/\" \/>\n<meta property=\"og:site_name\" content=\"Camping Terra Verdon\" \/>\n<meta property=\"article:modified_time\" content=\"2025-06-27T10:01:34+00:00\" \/>\n<meta name=\"twitter:card\" content=\"summary_large_image\" \/>\n<meta name=\"twitter:label1\" content=\"Gesch\u00e4tzte Lesezeit\" \/>\n\t<meta name=\"twitter:data1\" content=\"1\u00a0Minute\" \/>\n<script type=\"application\/ld+json\" class=\"yoast-schema-graph\">{\"@context\":\"https:\\\/\\\/schema.org\",\"@graph\":[{\"@type\":\"WebPage\",\"@id\":\"https:\\\/\\\/camping-terra-verdon.com\\\/de\\\/carte-des-campings\\\/\",\"url\":\"https:\\\/\\\/camping-terra-verdon.com\\\/de\\\/carte-des-campings\\\/\",\"name\":\"Einzigartige Ferien in Frankreich auf den Sterne-Campingpl\u00e4tzen von Ciela Village - Camping Terra Verdon\",\"isPartOf\":{\"@id\":\"https:\\\/\\\/camping-terra-verdon.com\\\/de\\\/#website\"},\"datePublished\":\"2023-01-24T09:01:22+00:00\",\"dateModified\":\"2025-06-27T10:01:34+00:00\",\"breadcrumb\":{\"@id\":\"https:\\\/\\\/camping-terra-verdon.com\\\/de\\\/carte-des-campings\\\/#breadcrumb\"},\"inLanguage\":\"de\",\"potentialAction\":[{\"@type\":\"ReadAction\",\"target\":[\"https:\\\/\\\/camping-terra-verdon.com\\\/de\\\/carte-des-campings\\\/\"]}]},{\"@type\":\"BreadcrumbList\",\"@id\":\"https:\\\/\\\/camping-terra-verdon.com\\\/de\\\/carte-des-campings\\\/#breadcrumb\",\"itemListElement\":[{\"@type\":\"ListItem\",\"position\":1,\"name\":\"Camping Gorges du Verdon\",\"item\":\"https:\\\/\\\/camping-terra-verdon.com\\\/de\\\/\"},{\"@type\":\"ListItem\",\"position\":2,\"name\":\"Einzigartige Ferien in Frankreich auf den Sterne-Campingpl\u00e4tzen von Ciela Village\"}]},{\"@type\":\"WebSite\",\"@id\":\"https:\\\/\\\/camping-terra-verdon.com\\\/de\\\/#website\",\"url\":\"https:\\\/\\\/camping-terra-verdon.com\\\/de\\\/\",\"name\":\"Camping Terra Verdon\",\"description\":\"Camping Terra Verdon\",\"potentialAction\":[{\"@type\":\"SearchAction\",\"target\":{\"@type\":\"EntryPoint\",\"urlTemplate\":\"https:\\\/\\\/camping-terra-verdon.com\\\/de\\\/?s={search_term_string}\"},\"query-input\":{\"@type\":\"PropertyValueSpecification\",\"valueRequired\":true,\"valueName\":\"search_term_string\"}}],\"inLanguage\":\"de\"}]}<\/script>\n<!-- \/ Yoast SEO plugin. -->","yoast_head_json":{"title":"Einzigartige Ferien in Frankreich auf den Sterne-Campingpl\u00e4tzen von Ciela Village - Camping Terra Verdon","robots":{"index":"index","follow":"follow","max-snippet":"max-snippet:-1","max-image-preview":"max-image-preview:large","max-video-preview":"max-video-preview:-1"},"canonical":"https:\/\/camping-terra-verdon.com\/de\/carte-des-campings\/","og_locale":"de_DE","og_type":"article","og_title":"Einzigartige Ferien in Frankreich auf den Sterne-Campingpl\u00e4tzen von Ciela Village - Camping Terra Verdon","og_description":"Warum Abstriche machen, wenn man im Urlaub alles miteinander verbinden kann? Willkommen bei Ciela Village, einer hochwertigen, familiengef\u00fchrten Campingplatzkette in Frankreich, die Ihnen einen erlebnisreichen Campingurlaub bieten m\u00f6chte, bei dem Sie Gelegenheit haben, zur Natur zur\u00fcckzufinden. Ein idyllischer Rahmen, gemeinsame Momente mit der Familie und Freunden, eine freundliche und herzliche Atmosph\u00e4re, sowie nat\u00fcrlich hochwertige Dienstleistungen, [&hellip;]","og_url":"https:\/\/camping-terra-verdon.com\/de\/carte-des-campings\/","og_site_name":"Camping Terra Verdon","article_modified_time":"2025-06-27T10:01:34+00:00","twitter_card":"summary_large_image","twitter_misc":{"Gesch\u00e4tzte Lesezeit":"1\u00a0Minute"},"schema":{"@context":"https:\/\/schema.org","@graph":[{"@type":"WebPage","@id":"https:\/\/camping-terra-verdon.com\/de\/carte-des-campings\/","url":"https:\/\/camping-terra-verdon.com\/de\/carte-des-campings\/","name":"Einzigartige Ferien in Frankreich auf den Sterne-Campingpl\u00e4tzen von Ciela Village - Camping Terra Verdon","isPartOf":{"@id":"https:\/\/camping-terra-verdon.com\/de\/#website"},"datePublished":"2023-01-24T09:01:22+00:00","dateModified":"2025-06-27T10:01:34+00:00","breadcrumb":{"@id":"https:\/\/camping-terra-verdon.com\/de\/carte-des-campings\/#breadcrumb"},"inLanguage":"de","potentialAction":[{"@type":"ReadAction","target":["https:\/\/camping-terra-verdon.com\/de\/carte-des-campings\/"]}]},{"@type":"BreadcrumbList","@id":"https:\/\/camping-terra-verdon.com\/de\/carte-des-campings\/#breadcrumb","itemListElement":[{"@type":"ListItem","position":1,"name":"Camping Gorges du Verdon","item":"https:\/\/camping-terra-verdon.com\/de\/"},{"@type":"ListItem","position":2,"name":"Einzigartige Ferien in Frankreich auf den Sterne-Campingpl\u00e4tzen von Ciela Village"}]},{"@type":"WebSite","@id":"https:\/\/camping-terra-verdon.com\/de\/#website","url":"https:\/\/camping-terra-verdon.com\/de\/","name":"Camping Terra Verdon","description":"Camping Terra Verdon","potentialAction":[{"@type":"SearchAction","target":{"@type":"EntryPoint","urlTemplate":"https:\/\/camping-terra-verdon.com\/de\/?s={search_term_string}"},"query-input":{"@type":"PropertyValueSpecification","valueRequired":true,"valueName":"search_term_string"}}],"inLanguage":"de"}]}},"_links":{"self":[{"href":"https:\/\/camping-terra-verdon.com\/de\/wp-json\/wp\/v2\/pages\/6131","targetHints":{"allow":["GET"]}}],"collection":[{"href":"https:\/\/camping-terra-verdon.com\/de\/wp-json\/wp\/v2\/pages"}],"about":[{"href":"https:\/\/camping-terra-verdon.com\/de\/wp-json\/wp\/v2\/types\/page"}],"author":[{"embeddable":true,"href":"https:\/\/camping-terra-verdon.com\/de\/wp-json\/wp\/v2\/users\/1"}],"replies":[{"embeddable":true,"href":"https:\/\/camping-terra-verdon.com\/de\/wp-json\/wp\/v2\/comments?post=6131"}],"version-history":[{"count":19,"href":"https:\/\/camping-terra-verdon.com\/de\/wp-json\/wp\/v2\/pages\/6131\/revisions"}],"predecessor-version":[{"id":224488,"href":"https:\/\/camping-terra-verdon.com\/de\/wp-json\/wp\/v2\/pages\/6131\/revisions\/224488"}],"wp:attachment":[{"href":"https:\/\/camping-terra-verdon.com\/de\/wp-json\/wp\/v2\/media?parent=6131"}],"curies":[{"name":"wp","href":"https:\/\/api.w.org\/{rel}","templated":true}]}}