{"id":3254,"date":"2021-04-08T16:41:27","date_gmt":"2021-04-08T14:41:27","guid":{"rendered":"https:\/\/camping-terra-verdon.com\/?page_id=3254"},"modified":"2022-06-09T12:26:47","modified_gmt":"2022-06-09T10:26:47","slug":"die-verdonschlucht","status":"publish","type":"page","link":"https:\/\/camping-terra-verdon.com\/de\/die-verdonschlucht\/","title":{"rendered":"Tourismus in den Gorges du Verdon"},"content":{"rendered":"\n<div class=\" \" uk-slider=\"sets: true; autoplay-interval: 6500; pause-on-hover: false\">\n\n    \n    <div class=\"uk-position-relative uk-visible-toggle uk-margin\">\n\n        <ul class=\"uk-slider-items uk-grid uk-grid-match uk-child-width-1-1 uk-child-width-1-4@s uk-grid-small\">\n        \n            <li >\n\n                <div class=\"uk-panel uk-text-center\">\n\n                    \n                    \n                                        <div class=\"uk-text-center uk-margin uk-margin-remove-top\"><img decoding=\"async\" src=\"\/wp-content\/plugins\/widgetkit\/cache\/gorges-du-verdon-tourisme-2-be973baa013920604218d3ae5d405ce1.jpg\" class=\" uk-transition-scale-up uk-transition-opaque\" alt=\"montagne du verdon\" width=\"500\" height=\"400\"><\/div>\n                    \n                    \n                        \n                        \n                        \n                        \n                        \n                        \n                        \n                    \n                <\/div>\n\n            <\/li>\n\n        \n            <li >\n\n                <div class=\"uk-panel uk-text-center\">\n\n                    \n                    \n                                        <div class=\"uk-text-center uk-margin uk-margin-remove-top\"><img decoding=\"async\" src=\"\/wp-content\/plugins\/widgetkit\/cache\/gorges-du-verdon-tourisme-7-9a617ab1edccd4afaa9a6e375011bc55.jpg\" class=\" uk-transition-scale-up uk-transition-opaque\" alt=\"vue des gorges du verdon\" width=\"500\" height=\"400\"><\/div>\n                    \n                    \n                        \n                        \n                        \n                        \n                        \n                        \n                        \n                    \n                <\/div>\n\n            <\/li>\n\n        \n            <li >\n\n                <div class=\"uk-panel uk-text-center\">\n\n                    \n                    \n                                        <div class=\"uk-text-center uk-margin uk-margin-remove-top\"><img decoding=\"async\" src=\"\/wp-content\/plugins\/widgetkit\/cache\/gorges-du-verdon-tourisme-4-d581a5df98cc7d3bbb5571248a777414.jpg\" class=\" uk-transition-scale-up uk-transition-opaque\" alt=\"lac dans les gorges du verdon\" width=\"500\" height=\"400\"><\/div>\n                    \n                    \n                        \n                        \n                        \n                        \n                        \n                        \n                        \n                    \n                <\/div>\n\n            <\/li>\n\n        \n            <li >\n\n                <div class=\"uk-panel uk-text-center\">\n\n                    \n                    \n                                        <div class=\"uk-text-center uk-margin uk-margin-remove-top\"><img decoding=\"async\" src=\"\/wp-content\/plugins\/widgetkit\/cache\/gorges-du-verdon-tourisme-1-fc54e4b9d2ccbba1c4f07d0d0eab1916.jpg\" class=\" uk-transition-scale-up uk-transition-opaque\" alt=\"paysage des gorges du verdon\" width=\"500\" height=\"400\"><\/div>\n                    \n                    \n                        \n                        \n                        \n                        \n                        \n                        \n                        \n                    \n                <\/div>\n\n            <\/li>\n\n                <\/ul>\n\n        \n    <\/div>\n\n    \n        <ul class=\"uk-slider-nav uk-dotnav uk-flex-center uk-margin-remove-bottom\"><\/ul>\n    \n    \n<\/div>\n\n\n\n\n<p>Die Gorges du Verdon gelten als der sch\u00f6nste Canyon Europas! Die Felsw\u00e4nde der Schlucht k\u00f6nnen bis zu 700 m hoch sein ! An jeder Ecke der Gorges du Verdon bieten sich Ihnen w\u00e4hrend Ihres Urlaubs auf dem <strong>Campingplatz Terra Verdon<\/strong> atemberaubende Landschaften. Die Umgebung der Schluchten ist vollst\u00e4ndig erschlossen. Von Castellane aus f\u00fchrt eine Stra\u00dfe am Rand der Schlucht entlang und bietet zahlreiche schwindelerregende Aussichtspunkte. Um in die Natur einzutauchen, wandern Sie auf dem Martel-Pfad oder st\u00fcrzen sich mit einem Kajak oder beim Rafting in die Stromschnellen.<\/p>\n\n\n\n<h2 class=\"wp-block-heading\">Besuch der Verdonschlucht<\/h2>\n\n\n\n<ul class=\"wp-block-list\"><li><strong>Mit dem Auto: <\/strong> <p style=\"text-align: justify;\">Wenn Sie f\u00fcr Ihren Aufenthalt mit dem Auto anreisen, k\u00f6nnen Sie auch Ihr Fahrzeug nutzen, um die sch\u00f6nsten Spots der Region zu durchstreifen. Der Vorteil? Am Steuer Ihres Fahrzeugs k\u00f6nnen Sie nach Belieben \u00fcberall anhalten, um die Landschaft zu genie\u00dfen, eine Pause einzulegen oder ein Foto zu schie\u00dfen. Nehmen Sie die Route des Cr\u00eates (Vogesenkammstra\u00dfe), auf der rechten Uferseite befinden sich ganze 14 Aussichtspunkte, die Ihnen einen atemberaubenden Blick auf die Gorges du Verdon erm\u00f6glichen. Zu den beeindruckendsten Aussichtspunkten geh\u00f6ren: Dent d&#8217;Aire und Escal\u00e8s.<\/p><\/li><li><strong>Im Kanu: <\/strong> <p style=\"text-align: justify;\">In den Schluchten des Verdon gibt es ein unumg\u00e4ngliches Transportmittel, das Sie unbedingt ausprobieren sollten: das Kanu! Denn den Verdon kann man auch vom Wasser aus entdecken. Die Schluchten lassen sich so aus einem v\u00f6llig neuen Blickwinkel erkunden. Bequem in Ihrem Kanu sitzend, werden Ihnen die Kalksteinklippen von unten betrachtet mit Sicherheit noch spektakul\u00e4rer erscheinen! An der Galetas-Br\u00fccke k\u00f6nnen Sie Kanus, Tretboote und Elektroboote mieten, um auf dem Wasser zu fahren. Begeben Sie sich anschlie\u00dfend auf eine Wasserwanderung durch den gr\u00f6\u00dften Canyon Europas, die Gorges du Verdon! Ein unvergesslicher Moment im t\u00fcrkisfarbenen Wasser, der Sie garantiert ins Staunen versetzen wird!\u00a0<\/p><\/li><li><strong>Zu Fu\u00df: <\/strong> <p style=\"text-align: justify;\">Was gibt es Besseres als eine Wanderung, um den Verdon im gem\u00fctlichen Tempo zu erkunden, damit Sie gen\u00fcgend Zeit haben, um die Landschaft zu bewundern? Zahlreiche Wanderwege und Pfade erm\u00f6glichen es, die wunderbaren Landschaften des Verdon zu erkunden und sich ein wenig von den allzu touristischen Gebieten zu entfernen. Packen Sie gute Wanderschuhe und einen Rucksack ein, um mit der ganzen Familie die sch\u00f6nsten Wanderwege des Verdon zu erforschen.\u00a0 Zu den unverzichtbaren Wanderungen geh\u00f6ren der Imbut-Pfad und der Blanc-Martel-Pfad f\u00fcr erfahrene Wanderer sowie auch der Sentier du L\u00e9zard und des P\u00eacheurs (Eidechsenpfad und Fischerpfad) mit einem niedrigeren Schwierigkeitsgrad.<\/p><\/li><\/ul>\n\n\n\n<h2 class=\"wp-block-heading\">Die sch\u00f6nsten D\u00f6rfer des Verdon<\/h2>\n\n\n\n<p>W\u00e4hrend Ihres <strong>Campingurlaubs in den Gorges du Verdon<\/strong> sollten Sie sich die M\u00f6glichkeit nicht entgehen lassen, kleine provenzalische D\u00f6rfer mit malerischem Charme zu entdecken, die die einzigartige Authentizit\u00e4t der Region ausmachen. Neben Wassersportaktivit\u00e4t in den Schluchten und Wanderungen in einer au\u00dfergew\u00f6hnlichen nat\u00fcrlichen Umgebung haben Sie sicherlich auch Zeit und Lust, durch die gepflasterten Gassen der kleinen D\u00f6rfer zu schlendern.&nbsp;<\/p>\n\n\n\n<p>Moustiers-Sainte-Marie, das f\u00fcr seine Fayence ber\u00fchmt ist, ist zweifellos DAS Dorf, das Sie bei Ihrem Aufenthalt in der Region unbedingt besuchen sollten. Highlights von Moustiers-Sainte-Marie sind die Fayencen und der h\u00e4ngende Stern, den Sie sehen k\u00f6nnen, wenn Sie in Richtung der hoch gelegenen Dorfkapelle aufblicken.&nbsp; Durch das Dorf flie\u00dft ein h\u00fcbscher kleiner Bach, der zum Charme des Ortes beitr\u00e4gt.<\/p>\n\n\n\n<p>Aiguines, das den Lac de Sainte-Croix \u00fcberragt, ist mit seinem Renaissance-Schloss und dem 360\u00b0-Panorama \u00fcber den See ebenfalls einen Besuch wert.&nbsp;<\/p>\n\n\n\n<p>In den D\u00f6rfern Rougon und La-Palud-sur-Verdon gibt es einige sch\u00f6ne Aussichtspunkte, darunter den ber\u00fchmten Point Sublime, der mit einem herrlichen Ausblick begeistert.<\/p>\n\n\n\n<p>Wenn Sie w\u00e4hrend Ihres <strong>Campingurlaubs im Verdon<\/strong> die Zeit haben, noch mehr Zwischenstopps einzulegen, um andere D\u00f6rfer <strong>im Naturpark Verdon<\/strong> zu besuchen, sollten Sie sich Quinson und sein Museum der Vorgeschichte nicht entgehen lassen, das ideal f\u00fcr einen spielerischen Besuch mit Kindern ist. Wenn Sie nach einer Wanderung durch den Verdon ein wenig Muskelkater versp\u00fcren, fahren Sie nach Gr\u00e9oux-les-Bains und testen Sie die wohltuende Wirkung des Wassers im Thermalbad von Gr\u00e9oux-les-Bains.<\/p>\n\n\n\n<div class=\" \" uk-slider=\"sets: true; autoplay-interval: 6500; pause-on-hover: false\">\n\n    \n    <div class=\"uk-position-relative uk-visible-toggle uk-margin\">\n\n        <ul class=\"uk-slider-items uk-grid uk-grid-match uk-child-width-1-1 uk-child-width-1-3@s uk-grid-small\">\n        \n            <li >\n\n                <div class=\"uk-panel uk-text-center\">\n\n                    \n                    \n                                        <div class=\"uk-text-center uk-margin uk-margin-remove-top\"><img decoding=\"async\" src=\"\/wp-content\/plugins\/widgetkit\/cache\/gorges-du-verdon-tourisme-8-4cc30113cf7f2f5a372d6241fdd4f71f.jpg\" class=\" uk-transition-scale-up uk-transition-opaque\" alt=\"gorges du verdon\" width=\"500\" height=\"400\"><\/div>\n                    \n                    \n                        \n                        \n                        \n                        \n                        \n                        \n                        \n                    \n                <\/div>\n\n            <\/li>\n\n        \n            <li >\n\n                <div class=\"uk-panel uk-text-center\">\n\n                    \n                    \n                                        <div class=\"uk-text-center uk-margin uk-margin-remove-top\"><img decoding=\"async\" src=\"\/wp-content\/plugins\/widgetkit\/cache\/gorges-du-verdon-tourisme-3-3acd6101675f999ab01574b4e316cc61.jpg\" class=\" uk-transition-scale-up uk-transition-opaque\" alt=\"gorges du verdon\" width=\"500\" height=\"400\"><\/div>\n                    \n                    \n                        \n                        \n                        \n                        \n                        \n                        \n                        \n                    \n                <\/div>\n\n            <\/li>\n\n        \n            <li >\n\n                <div class=\"uk-panel uk-text-center\">\n\n                    \n                    \n                                        <div class=\"uk-text-center uk-margin uk-margin-remove-top\"><img decoding=\"async\" src=\"\/wp-content\/plugins\/widgetkit\/cache\/gorges-du-verdon-tourisme-6-a6f0cc254de3624b31f706062ccd2be2.jpg\" class=\" uk-transition-scale-up uk-transition-opaque\" alt=\"gorges du verdon\" width=\"500\" height=\"400\"><\/div>\n                    \n                    \n                        \n                        \n                        \n                        \n                        \n                        \n                        \n                    \n                <\/div>\n\n            <\/li>\n\n                <\/ul>\n\n        \n    <\/div>\n\n    \n        <ul class=\"uk-slider-nav uk-dotnav uk-flex-center uk-margin-remove-bottom\"><\/ul>\n    \n    \n<\/div>\n\n\n\n\n<h2 class=\"wp-block-heading\">Die sch\u00f6nsten Badestellen im Verdon<\/h2>\n\n\n\n<p>Der Verdon ist f\u00fcr sein t\u00fcrkisfarbenes Wasser bekannt, das geradezu dazu einl\u00e4dt, sich nach Lust und Laune in die Fluten zu st\u00fcrzen! Passen Sie jedoch auf, denn man kann nicht \u00fcberall in den Schluchten baden, vor allem im Bereich des Canyons, wo das Wasser ziemlich tosend ist. Es ist daher besser, die zahlreichen Seen, die es in der Region gibt, zu besuchen, um in aller Ruhe zu schwimmen. In den Sommermonaten werden diese Wasserstellen sehr schnell von Urlaubsg\u00e4sten, die sich erfrischen wollen, in Beschlag genommen. Kein Wunder, denn in den Seen kann sich die ganze Familie am\u00fcsieren: Baden oder Wassersport, hier ist f\u00fcr jeden etwas dabei!\u00a0Die Gorges du Verdon sind au\u00dferdem der gr\u00f6\u00dfte Canyon Europas \u2013 ein Pluspunkt, der diesen Ort nat\u00fcrlich zu einer besonders attraktiven Sehensw\u00fcrdigkeit f\u00fcr Urlauber macht!\u00a0<\/p>\n\n\n\n<div class=\"wp-block-yootheme-widgetkit\">\n<ul class=\"uk-accordion uk-text-left \" uk-accordion=\"\">\n\n        <li >\n\n    \n\n<h3 href class=\"uk-accordion-title\">DER CANYON DER VERDONSCHLUCHT<\/h3>\n\n\n\n            \n\n        <div class=\"uk-accordion-content\">\n\n            \n            \n            \n                        <div class=\"uk-margin\"><p>Der Canyon erstreckt sich von <strong>Castellane<\/strong> bis zum Lac de Sainte-Croix &uuml;ber etwa 40 km. Der Fluss Verdon bahnt sich seinen Weg zwischen steilen Kalksteinw&auml;nden. Dieses smaragdgr&uuml;ne Band, das manchmal ruhig oder auch wild und tosend ist, ist an vielen Stellen zug&auml;nglich &ndash; genie&szlig;en Sie den Ausblick, baden Sie oder entdecken Sie spannende Aktivit&auml;ten inmitten der Natur.<\/p><\/div>\n            \n            \n            \n            \n        <\/div>\n\n    <\/li>\n        <li >\n\n    \n\n<h3 href class=\"uk-accordion-title\">CASTILLON-SEE: EIN HIGHLIHT DER GORGES DU VERDON<\/h3>\n\n\n\n            \n\n        <div class=\"uk-accordion-content\">\n\n            \n            \n            \n                        <div class=\"uk-margin\"><p>Der dem <strong><u>Campingplatz Terra Verdon<\/u><\/strong> am n&auml;chsten gelegene See ist der Lac de Castillon, der etwa 5 km entfernt liegt und mit dem Fahrrad oder Auto erreicht werden kann. Er ist auch der wildeste See und erstreckt sich &uuml;ber 8 km. Sein smaragdgr&uuml;nes Wasser wird im Sommer weit &uuml;ber 22 &deg;C warm und ist perfekt zum Baden f&uuml;r die ganze Familie. Kleine gesch&uuml;tzte Str&auml;nde laden zum Planschen ein. Ein gro&szlig;es Wassersportzentrum bietet Ihnen zahlreiche Aktivit&auml;ten wie Kanu-, Kajak-, Paddel- und Tretbootfahren sowie Wasserski und Fun Tubes.<\/p><\/div>\n            \n            \n            \n            \n        <\/div>\n\n    <\/li>\n        <li >\n\n    \n\n<h3 href class=\"uk-accordion-title\">CHAUDANNE-SEE<\/h3>\n\n\n\n            \n\n        <div class=\"uk-accordion-content\">\n\n            \n            \n            \n                        <div class=\"uk-margin\"><p>Nur 10 Autominuten vom Campingplatz entfernt liegt der Lac de Chaudanne, den Sie mit dem Auto oder Fahrrad leicht erreichen k&ouml;nnen. Obwohl das Baden und Wassersport verboten sind, k&ouml;nnen Sie diesen sch&ouml;nen, viel weniger besuchten See dennoch f&uuml;r einen Spaziergang oder ein gem&uuml;tliches Picknick am Wasser nutzen &ndash; perfekt f&uuml;r einen entspannten Nachmittag!&nbsp;<\/p><\/div>\n            \n            \n            \n            \n        <\/div>\n\n    <\/li>\n        <li >\n\n    \n\n<h3 href class=\"uk-accordion-title\">SAINTE-CROIX-SEE, DER BER\u00dcHMTESTE SEE DER VERDONSCHLUCHT<\/h3>\n\n\n\n            \n\n        <div class=\"uk-accordion-content\">\n\n            \n            \n            \n                        <div class=\"uk-margin\"><p>Mit seinen 22 km&sup2; ist er der gr&ouml;&szlig;te See des Verdon und gilt au&szlig;erdem als der sch&ouml;nste See der Provence. Etwa eine Autostunde vom Campingplatz Terra Verdon entfernt liegt der Lac de Sainte-Croix, von dem aus die h&ouml;chsten Klippen des Canyons zu sehen sind. Er erm&ouml;glicht einen Zugang zu den Schluchten mit Kanus, Tretbooten oder Elektrobooten auf einer L&auml;nge von 2 km. Zahlreiche Str&auml;nde laden zum Entspannen ein, und wenn Sie sich ein wenig von den D&ouml;rfern entfernen, k&ouml;nnen Sie dort einen ruhigen Tag mit der Familie verbringen. Im Sommer kann die Wassertemperatur bis zu 27&deg; C betragen. Katamaranfahren und Windsurfen sind hier sehr beliebt.<\/p><\/div>\n            \n            \n            \n            \n        <\/div>\n\n    <\/li>\n        <li >\n\n    \n\n<h3 href class=\"uk-accordion-title\">ESPARRON-SEE<\/h3>\n\n\n\n            \n\n        <div class=\"uk-accordion-content\">\n\n            \n            \n            \n                        <div class=\"uk-margin\"><p>Der Lac d'Esparron, der ebenfalls wegen seiner zahlreichen Wassersportm&ouml;glichkeiten beliebt ist, steht dem bekannten Lac de Sainte-Croix in nichts nach. Das Wasser ist hier genauso t&uuml;rkisfarben und wundersch&ouml;n! Die Ruhe, die an diesem Ort herrscht, erm&ouml;glicht es Ihnen, einen echten Moment der Entspannung zu genie&szlig;en. Bei einer Fahrt mit dem Elektroboot k&ouml;nnen Sie an den h&uuml;bschen kleinen Str&auml;nden der Halbinsel Esparron de Verdon, die auch Le Quartier oder &Icirc;le du Barbu genannt wird, Halt machen.<\/p><\/div>\n            \n            \n            \n            \n        <\/div>\n\n    <\/li>\n        <li >\n\n    \n\n<h3 href class=\"uk-accordion-title\">QUINSON-SEE<\/h3>\n\n\n\n            \n\n        <div class=\"uk-accordion-content\">\n\n            \n            \n            \n                        <div class=\"uk-margin\"><p>Der Lac de Quinson ist der kleinste See im Regionalpark Verdon. Er ist nicht so &uuml;berlaufen wie seine ber&uuml;hmten Nachbarseen und hat noch immer eine wilde und authentische Seite, die besonders angenehm ist, wenn man den Menschenmassen der bei Touristen beliebten Orte entfliehen m&ouml;chte. Obwohl das Baden in diesem See verboten ist, kann man hier verschiedene Wassersportaktivit&auml;ten aus&uuml;ben: Tretboot, Kanu, Paddeln, Elektroboot und mehr.&nbsp;&nbsp;<\/p><\/div>\n            \n            \n            \n            \n        <\/div>\n\n    <\/li>\n    \n<\/ul>\n<\/div>\n\n\n","protected":false},"excerpt":{"rendered":"<p>Die Gorges du Verdon gelten als der sch\u00f6nste Canyon Europas! Die Felsw\u00e4nde der Schlucht k\u00f6nnen bis zu 700 m hoch sein ! An jeder Ecke der Gorges du Verdon bieten sich Ihnen w\u00e4hrend Ihres Urlaubs auf dem Campingplatz Terra Verdon atemberaubende Landschaften. Die Umgebung der Schluchten ist vollst\u00e4ndig erschlossen. Von Castellane aus f\u00fchrt eine Stra\u00dfe [&hellip;]<\/p>\n","protected":false},"author":1,"featured_media":0,"parent":0,"menu_order":25,"comment_status":"closed","ping_status":"closed","template":"","meta":{"_acf_changed":false,"footnotes":""},"class_list":["post-3254","page","type-page","status-publish","hentry"],"acf":[],"yoast_head":"<!-- This site is optimized with the Yoast SEO plugin v27.2 - https:\/\/yoast.com\/product\/yoast-seo-wordpress\/ -->\n<title>Die Verdonschlucht, der sch\u00f6nste Canyon Europas: vom Lac de Sainte Croix bis nach Castellane<\/title>\n<meta name=\"robots\" content=\"index, follow, max-snippet:-1, max-image-preview:large, max-video-preview:-1\" \/>\n<link rel=\"canonical\" href=\"https:\/\/camping-terra-verdon.com\/de\/die-verdonschlucht\/\" \/>\n<meta property=\"og:locale\" content=\"de_DE\" \/>\n<meta property=\"og:type\" content=\"article\" \/>\n<meta property=\"og:title\" content=\"Die Verdonschlucht, der sch\u00f6nste Canyon Europas: vom Lac de Sainte Croix bis nach Castellane\" \/>\n<meta property=\"og:description\" content=\"Die Gorges du Verdon gelten als der sch\u00f6nste Canyon Europas! Die Felsw\u00e4nde der Schlucht k\u00f6nnen bis zu 700 m hoch sein ! An jeder Ecke der Gorges du Verdon bieten sich Ihnen w\u00e4hrend Ihres Urlaubs auf dem Campingplatz Terra Verdon atemberaubende Landschaften. Die Umgebung der Schluchten ist vollst\u00e4ndig erschlossen. Von Castellane aus f\u00fchrt eine Stra\u00dfe [&hellip;]\" \/>\n<meta property=\"og:url\" content=\"https:\/\/camping-terra-verdon.com\/de\/die-verdonschlucht\/\" \/>\n<meta property=\"og:site_name\" content=\"Camping Terra Verdon\" \/>\n<meta property=\"article:modified_time\" content=\"2022-06-09T10:26:47+00:00\" \/>\n<meta name=\"twitter:card\" content=\"summary_large_image\" \/>\n<meta name=\"twitter:label1\" content=\"Gesch\u00e4tzte Lesezeit\" \/>\n\t<meta name=\"twitter:data1\" content=\"4\u00a0Minuten\" \/>\n<script type=\"application\/ld+json\" class=\"yoast-schema-graph\">{\"@context\":\"https:\/\/schema.org\",\"@graph\":[{\"@type\":\"WebPage\",\"@id\":\"https:\/\/camping-terra-verdon.com\/de\/die-verdonschlucht\/\",\"url\":\"https:\/\/camping-terra-verdon.com\/de\/die-verdonschlucht\/\",\"name\":\"Die Verdonschlucht, der sch\u00f6nste Canyon Europas: vom Lac de Sainte Croix bis nach Castellane\",\"isPartOf\":{\"@id\":\"https:\/\/camping-terra-verdon.com\/de\/#website\"},\"datePublished\":\"2021-04-08T14:41:27+00:00\",\"dateModified\":\"2022-06-09T10:26:47+00:00\",\"breadcrumb\":{\"@id\":\"https:\/\/camping-terra-verdon.com\/de\/die-verdonschlucht\/#breadcrumb\"},\"inLanguage\":\"de\",\"potentialAction\":[{\"@type\":\"ReadAction\",\"target\":[\"https:\/\/camping-terra-verdon.com\/de\/die-verdonschlucht\/\"]}]},{\"@type\":\"BreadcrumbList\",\"@id\":\"https:\/\/camping-terra-verdon.com\/de\/die-verdonschlucht\/#breadcrumb\",\"itemListElement\":[{\"@type\":\"ListItem\",\"position\":1,\"name\":\"Camping Gorges du Verdon\",\"item\":\"https:\/\/camping-terra-verdon.com\/de\/\"},{\"@type\":\"ListItem\",\"position\":2,\"name\":\"Die Gorges du Verdon im Urlaub entdecken\"}]},{\"@type\":\"WebSite\",\"@id\":\"https:\/\/camping-terra-verdon.com\/de\/#website\",\"url\":\"https:\/\/camping-terra-verdon.com\/de\/\",\"name\":\"Camping Terra Verdon\",\"description\":\"Camping Terra Verdon\",\"potentialAction\":[{\"@type\":\"SearchAction\",\"target\":{\"@type\":\"EntryPoint\",\"urlTemplate\":\"https:\/\/camping-terra-verdon.com\/de\/?s={search_term_string}\"},\"query-input\":{\"@type\":\"PropertyValueSpecification\",\"valueRequired\":true,\"valueName\":\"search_term_string\"}}],\"inLanguage\":\"de\"}]}<\/script>\n<!-- \/ Yoast SEO plugin. -->","yoast_head_json":{"title":"Die Verdonschlucht, der sch\u00f6nste Canyon Europas: vom Lac de Sainte Croix bis nach Castellane","robots":{"index":"index","follow":"follow","max-snippet":"max-snippet:-1","max-image-preview":"max-image-preview:large","max-video-preview":"max-video-preview:-1"},"canonical":"https:\/\/camping-terra-verdon.com\/de\/die-verdonschlucht\/","og_locale":"de_DE","og_type":"article","og_title":"Die Verdonschlucht, der sch\u00f6nste Canyon Europas: vom Lac de Sainte Croix bis nach Castellane","og_description":"Die Gorges du Verdon gelten als der sch\u00f6nste Canyon Europas! Die Felsw\u00e4nde der Schlucht k\u00f6nnen bis zu 700 m hoch sein ! An jeder Ecke der Gorges du Verdon bieten sich Ihnen w\u00e4hrend Ihres Urlaubs auf dem Campingplatz Terra Verdon atemberaubende Landschaften. Die Umgebung der Schluchten ist vollst\u00e4ndig erschlossen. Von Castellane aus f\u00fchrt eine Stra\u00dfe [&hellip;]","og_url":"https:\/\/camping-terra-verdon.com\/de\/die-verdonschlucht\/","og_site_name":"Camping Terra Verdon","article_modified_time":"2022-06-09T10:26:47+00:00","twitter_card":"summary_large_image","twitter_misc":{"Gesch\u00e4tzte Lesezeit":"4\u00a0Minuten"},"schema":{"@context":"https:\/\/schema.org","@graph":[{"@type":"WebPage","@id":"https:\/\/camping-terra-verdon.com\/de\/die-verdonschlucht\/","url":"https:\/\/camping-terra-verdon.com\/de\/die-verdonschlucht\/","name":"Die Verdonschlucht, der sch\u00f6nste Canyon Europas: vom Lac de Sainte Croix bis nach Castellane","isPartOf":{"@id":"https:\/\/camping-terra-verdon.com\/de\/#website"},"datePublished":"2021-04-08T14:41:27+00:00","dateModified":"2022-06-09T10:26:47+00:00","breadcrumb":{"@id":"https:\/\/camping-terra-verdon.com\/de\/die-verdonschlucht\/#breadcrumb"},"inLanguage":"de","potentialAction":[{"@type":"ReadAction","target":["https:\/\/camping-terra-verdon.com\/de\/die-verdonschlucht\/"]}]},{"@type":"BreadcrumbList","@id":"https:\/\/camping-terra-verdon.com\/de\/die-verdonschlucht\/#breadcrumb","itemListElement":[{"@type":"ListItem","position":1,"name":"Camping Gorges du Verdon","item":"https:\/\/camping-terra-verdon.com\/de\/"},{"@type":"ListItem","position":2,"name":"Die Gorges du Verdon im Urlaub entdecken"}]},{"@type":"WebSite","@id":"https:\/\/camping-terra-verdon.com\/de\/#website","url":"https:\/\/camping-terra-verdon.com\/de\/","name":"Camping Terra Verdon","description":"Camping Terra Verdon","potentialAction":[{"@type":"SearchAction","target":{"@type":"EntryPoint","urlTemplate":"https:\/\/camping-terra-verdon.com\/de\/?s={search_term_string}"},"query-input":{"@type":"PropertyValueSpecification","valueRequired":true,"valueName":"search_term_string"}}],"inLanguage":"de"}]}},"_links":{"self":[{"href":"https:\/\/camping-terra-verdon.com\/de\/wp-json\/wp\/v2\/pages\/3254","targetHints":{"allow":["GET"]}}],"collection":[{"href":"https:\/\/camping-terra-verdon.com\/de\/wp-json\/wp\/v2\/pages"}],"about":[{"href":"https:\/\/camping-terra-verdon.com\/de\/wp-json\/wp\/v2\/types\/page"}],"author":[{"embeddable":true,"href":"https:\/\/camping-terra-verdon.com\/de\/wp-json\/wp\/v2\/users\/1"}],"replies":[{"embeddable":true,"href":"https:\/\/camping-terra-verdon.com\/de\/wp-json\/wp\/v2\/comments?post=3254"}],"version-history":[{"count":4,"href":"https:\/\/camping-terra-verdon.com\/de\/wp-json\/wp\/v2\/pages\/3254\/revisions"}],"predecessor-version":[{"id":5326,"href":"https:\/\/camping-terra-verdon.com\/de\/wp-json\/wp\/v2\/pages\/3254\/revisions\/5326"}],"wp:attachment":[{"href":"https:\/\/camping-terra-verdon.com\/de\/wp-json\/wp\/v2\/media?parent=3254"}],"curies":[{"name":"wp","href":"https:\/\/api.w.org\/{rel}","templated":true}]}}