{"id":3244,"date":"2021-04-08T16:36:43","date_gmt":"2021-04-08T14:36:43","guid":{"rendered":"https:\/\/camping-terra-verdon.com\/?page_id=3244"},"modified":"2025-04-14T15:59:45","modified_gmt":"2025-04-14T13:59:45","slug":"castellane","status":"publish","type":"page","link":"https:\/\/camping-terra-verdon.com\/de\/castellane\/","title":{"rendered":"Tourismus in Castellane im Verdon"},"content":{"rendered":"\n\n<div class=\" \" uk-slider=\"sets: true; autoplay-interval: 6500; pause-on-hover: false\">\n\n    \n    <div class=\"uk-position-relative uk-visible-toggle uk-margin\">\n\n        <ul class=\"uk-slider-items uk-grid uk-grid-match uk-child-width-1-1 uk-child-width-1-2@s uk-grid-small\">\n        \n            <li >\n\n                <div class=\"uk-panel uk-text-center\">\n\n                    \n                    \n                                        <div class=\"uk-text-center uk-margin uk-margin-remove-top\"><img decoding=\"async\" src=\"\/wp-content\/plugins\/widgetkit\/cache\/camping-castellane-village-et-cite\u0301-de-caracte\u0300re-international-ciela-village-2-8456df5d5a13066d7e4687c246211769.jpg\" class=\" uk-transition-scale-up uk-transition-opaque\" alt=\"Camping Castellane Village Et Cit\u00e9 De Caract\u00e8re International Ciela Village\" width=\"600\" height=\"400\"><\/div>\n                    \n                    \n                        \n                        \n                        \n                        \n                        \n                        \n                        \n                    \n                <\/div>\n\n            <\/li>\n\n        \n            <li >\n\n                <div class=\"uk-panel uk-text-center\">\n\n                    \n                    \n                                        <div class=\"uk-text-center uk-margin uk-margin-remove-top\"><img decoding=\"async\" src=\"\/wp-content\/plugins\/widgetkit\/cache\/Eglise-St-Victor-copyright-JF-DENIER-2e8c0ad0dd7190fa83c625b88308fa8a.jpg\" class=\" uk-transition-scale-up uk-transition-opaque\" alt=\"Eglise St Victor\" width=\"600\" height=\"400\"><\/div>\n                    \n                    \n                        \n                        \n                        \n                        \n                        \n                        \n                        \n                    \n                <\/div>\n\n            <\/li>\n\n                <\/ul>\n\n        \n    <\/div>\n\n    \n        <ul class=\"uk-slider-nav uk-dotnav uk-flex-center uk-margin-remove-bottom\"><\/ul>\n    \n    \n<\/div>\n\n\n\n\n<p>Castellane liegt direkt am Eingang zur <strong>Verdonschlucht<\/strong> und am Rande des <strong>Lac de Castillon<\/strong>, eines der naturbelassensten Seen im Naturpark Verdon. Hier zeigt sich die Natur von ihrer sch\u00f6nsten Seite \u2013 von der wilden Schlucht bis hin zu den Bergen der Voralpen \u2013 und beherbergt inmitten einer majest\u00e4tischen Umgebung einen wundersch\u00f6nen See. Castellane, ein mittelalterliches St\u00e4dtchen, das ehemals auf dem ber\u00fchmten Felsen lag, der es \u00fcberragt, konnte sein kulturelles und architektonisches Erbe bis heute erhalten. Schlendern Sie durch die Stra\u00dfen und besuchen Sie die Werkst\u00e4tten der Kunsthandwerker. Profitieren Sie von der belebenden Luft der Alpen und vom milden Klima der Provence\u2026<\/p>\n\n\n\n<p>W\u00e4hrend eines Aufenthalts in Castellane kommt garantiert keine Langeweile auf! Sie k\u00f6nnen n\u00e4mlich von einer breiten Palette an Aktivit\u00e4ten aller Art profitieren, die Kindern und Eltern gleicherma\u00dfen gefallen!<\/p>\n\n\n\n<h2 class=\"wp-block-heading\">Castellane, Mittelalterliches St\u00e4dtchen in der Verdon Region<\/h2>\n\n\n\n<p>Um sich vor Angriffen zu sch\u00fctzen, lag Castellane lange Zeit in 900&nbsp;m H\u00f6he am Gipfel des Felsens, doch gegen Ende des Mittelalters wurde das St\u00e4dtchen schlie\u00dflich an den Fu\u00df dieses nat\u00fcrlichen Aussichtspunkts verlegt. Vom Gipfel der beeindruckenden Bergspitze aus \u00fcberragt die Kapelle Notre-Dame du Roc die kleine Stadt. Die Stadtmauer sowie dreizehn T\u00fcrme sind heute aus dem Stadtbild verschwunden, aber der F\u00fcnfeckige Turm ist immer noch erhalten. Die Br\u00fccke Pont du Roc, die lange Zeit einen strategischen Ort f\u00fcr die \u00dcberquerung des Flusses Verdon darstellte, wurde unz\u00e4hlige Male zerst\u00f6rt und wieder aufgebaut. Das Original w\u00fcrde noch aus der R\u00f6merzeit stammen.<\/p>\n\n\n\n<p>Bei Ihrem Aufenthalt in Castellane sollten Sie unbedingt einen Abstecher ins Maison de Pays und in die charmanten Gesch\u00e4fte im Stadtzentrum machen, um die lokalen K\u00f6stlichkeiten zu probieren: Berghonig, K\u00e4se aus der Region, S\u00fc\u00dfigkeiten auf Lavendelbasis, handwerklich gebrautes Bier und hausgemachtes Eis\u2026 Ein wahres Konzentrat der Provence, das Sie genie\u00dfen sollten!<\/p>\n\n\n\n<div class=\" \" uk-slider=\"sets: true; autoplay-interval: 6500; pause-on-hover: false\">\n\n    \n    <div class=\"uk-position-relative uk-visible-toggle uk-margin\">\n\n        <ul class=\"uk-slider-items uk-grid uk-grid-match uk-child-width-1-1 uk-child-width-1-2@s uk-grid-small\">\n        \n            <li >\n\n                <div class=\"uk-panel uk-text-center\">\n\n                    \n                    \n                                        <div class=\"uk-text-center uk-margin uk-margin-remove-top\"><img decoding=\"async\" src=\"\/wp-content\/plugins\/widgetkit\/cache\/camping-castellane-lac-de-castillon-ciela-village-2-7a15bebabe55349f4d4b03131d977bb5.jpg\" class=\" uk-transition-scale-up uk-transition-opaque\" alt=\"Camping Castellane Village Et Cit\u00e9 De Caract\u00e8re International Ciela Village\" width=\"600\" height=\"400\"><\/div>\n                    \n                    \n                        \n                        \n                        \n                        \n                        \n                        \n                        \n                    \n                <\/div>\n\n            <\/li>\n\n        \n            <li >\n\n                <div class=\"uk-panel uk-text-center\">\n\n                    \n                    \n                                        <div class=\"uk-text-center uk-margin uk-margin-remove-top\"><img decoding=\"async\" src=\"\/wp-content\/plugins\/widgetkit\/cache\/camping-castellane-roc-et-tour-pentagonale-ciela-village-1-720ca993ad2578bb875e5bd4838148f8.jpg\" class=\" uk-transition-scale-up uk-transition-opaque\" alt=\"Roc Et Tour Pentagonale Proche Du Camping International Ciela Village Dans Le Verdon En France\" width=\"600\" height=\"400\"><\/div>\n                    \n                    \n                        \n                        \n                        \n                        \n                        \n                        \n                        \n                    \n                <\/div>\n\n            <\/li>\n\n                <\/ul>\n\n        \n    <\/div>\n\n    \n        <ul class=\"uk-slider-nav uk-dotnav uk-flex-center uk-margin-remove-bottom\"><\/ul>\n    \n    \n<\/div>\n\n\n\n\n<h2 class=\"wp-block-heading\">Entdecken Sie das Kunsthandwerk in Castellane<\/h2>\n\n\n\n<p>Das nette St\u00e4dtchen Castellane hat zahlreiche Kunsthandwerker angezogen, die ihre Werkst\u00e4tten f\u00fcr die Besucher \u00f6ffnen und Sie zu einem duftenden Spaziergang durch die Provence einladen. Seifenhersteller, Parf\u00fcmeure, Honighersteller \u2013 Sie befinden sich auf der Lavendelstra\u00dfe\u2026 Auch Glasbl\u00e4sern und T\u00f6pfern k\u00f6nnen Sie bei der Arbeit zusehen. F\u00fcr die Liebhaber alter Autos bietet ein Besuch im Mus\u00e9e Citro\u00ebn ein besonderes Erlebnis.<\/p>\n\n\n\n<h2 class=\"wp-block-heading\">Haus der Natur und des Kulturerbes in Castellane<\/h2>\n\n\n\n<p>Wenn Sie w\u00e4hrend Ihres Urlaubs die sch\u00f6ne Region Verdon erkunden m\u00f6chten, sollten Sie im <strong>Maison Nature et Patrimoines<\/strong> im Herzen der Stadt Halt machen! Auf dem Programm: eine Ausstellung \u00fcber Meeress\u00e4ugetiere, ein Shop sowie verschiedene Veranstaltungen, die von den Teams vor Ort angeboten werden, insbesondere Ausfl\u00fcge in die Natur mit einem Guide.<\/p>\n\n\n\n<h2 class=\"wp-block-heading\">Der Sentier des Sir\u00e9niens<\/h2>\n\n\n\n<p>Haben Sie Lust auf einen kleinen Spaziergang mit der Familie?<\/p>\n\n\n\n<p>Der <strong>Seek\u00fche-Pfad<\/strong> (Sentier des Sir\u00e9niens) ist ideal f\u00fcr eine kleine Wanderung mit Kindern. Sie erwartet eine Strecke von etwa 1,5 Stunden, 4 km hin und zur\u00fcck. Sie beginnt am Col des L\u00e8ques und f\u00fchrt zu einer geologischen St\u00e4tte mit Fossilien und Knochen von Seek\u00fchen, die 40 Millionen Jahre alt sind.&nbsp; Eine spielerischer, lehrreicher Ausflug, der Kinder garantiert begeistert!<\/p>\n\n\n\n<div class=\" \" uk-slider=\"sets: true; autoplay-interval: 6500; pause-on-hover: false\">\n\n    \n    <div class=\"uk-position-relative uk-visible-toggle uk-margin\">\n\n        <ul class=\"uk-slider-items uk-grid uk-grid-match uk-child-width-1-1 uk-child-width-1-2@s uk-grid-small\">\n        \n            <li >\n\n                <div class=\"uk-panel uk-text-center\">\n\n                    \n                    \n                                        <div class=\"uk-text-center uk-margin uk-margin-remove-top\"><img decoding=\"async\" src=\"\/wp-content\/plugins\/widgetkit\/cache\/lac-castillon-camping-verdon-international-ciela-village-197d242ca3f9cb470079dc933da2f4a2.jpg\" class=\" uk-transition-scale-up uk-transition-opaque\" alt=\"Camping Castellane Village Et Cit\u00e9 De Caract\u00e8re International Ciela Village\" width=\"600\" height=\"400\"><\/div>\n                    \n                    \n                        \n                        \n                        \n                        \n                        \n                        \n                        \n                    \n                <\/div>\n\n            <\/li>\n\n        \n            <li >\n\n                <div class=\"uk-panel uk-text-center\">\n\n                    \n                    \n                                        <div class=\"uk-text-center uk-margin uk-margin-remove-top\"><img decoding=\"async\" src=\"\/wp-content\/plugins\/widgetkit\/cache\/Lac-de-Chadanne-d6e993c8fb025af61ce04c242d62dd8f.jpg\" class=\" uk-transition-scale-up uk-transition-opaque\" alt=\"Lac De Chadanne\" width=\"600\" height=\"400\"><\/div>\n                    \n                    \n                        \n                        \n                        \n                        \n                        \n                        \n                        \n                    \n                <\/div>\n\n            <\/li>\n\n                <\/ul>\n\n        \n    <\/div>\n\n    \n        <ul class=\"uk-slider-nav uk-dotnav uk-flex-center uk-margin-remove-bottom\"><\/ul>\n    \n    \n<\/div>\n\n\n\n\n<h2 class=\"wp-block-heading\">Baden<\/h2>\n\n\n\n<p>W\u00e4hrend Ihres Aufenthalts haben Sie Gelegenheit, mit der ganzen Familie nach Lust und Laune zu planschen!<\/p>\n\n\n\n<p>Rund um Castellane gibt es zahlreiche Seen und Wasserstellen, an denen Sie baden und eine erfrischende Pause w\u00e4hrend des Urlaubs genie\u00dfen k\u00f6nnen.<\/p>\n\n\n\n<p>3 km von Castellane entfernt liegt der <strong>Lac de Chaudanne<\/strong>, der von Kalksteinfelsen und t\u00fcrkisfarbenem Wasser umgeben ist. Ein wilder, beinahe unber\u00fchrter Ort, der viel zu bieten hat.<\/p>\n\n\n\n<p>Nur 5 km von Castellane entfernt ist der <strong>Lac de Castillon<\/strong> ein unumg\u00e4nglicher Spot f\u00fcr Urlauber, die auf der Suche nach Badespa\u00df, Entspannung und Wassersportaktivit\u00e4ten sind. Am See gibt es drei Wassersportbasen: Die n\u00e4chstgelegene, die Baie du Cheiron, beherbergt die Basis \u201eLe Sirocco\u201c, die ideal f\u00fcr einen schnellen Ausflug ist. Etwas weiter entfernt liegt die Basis \u201eBike Beach\u201c in Saint-Julien-du-Verdon, die durch ihre wildere Umgebung und die M\u00f6glichkeit, Elektroboote zu mieten, besticht. Schlie\u00dflich geht es nach Saint-Andr\u00e9-les-Alpes, um den \u201ePlage du Plan\u201c zu genie\u00dfen, wo sich Gro\u00df und Klein im \u201eAqua Aventure Park\u201c, einem schwimmenden Wasserpark voller Spa\u00df, austoben k\u00f6nnen!<\/p>\n\n\n\n<figure class=\"wp-block-embed is-type-video is-provider-youtube wp-block-embed-youtube wp-embed-aspect-16-9 wp-has-aspect-ratio\"><div class=\"wp-block-embed__wrapper\">\n<iframe loading=\"lazy\" title=\"Castellane | Le Verdon | Lac de Chaudanne | Chapelle Notre- Dame du Roc | 4K DJI Mavic Air 2 Aerial\" width=\"500\" height=\"281\" src=\"https:\/\/www.youtube.com\/embed\/BtHjDiR8l4k?feature=oembed\" frameborder=\"0\" allow=\"accelerometer; autoplay; clipboard-write; encrypted-media; gyroscope; picture-in-picture; web-share\" referrerpolicy=\"strict-origin-when-cross-origin\" allowfullscreen><\/iframe>\n<\/div><\/figure>\n\n\n\n<div style=\"height:20px\" aria-hidden=\"true\" class=\"wp-block-spacer\"><\/div>\n\n\n","protected":false},"excerpt":{"rendered":"<p>Castellane liegt direkt am Eingang zur Verdonschlucht und am Rande des Lac de Castillon, eines der naturbelassensten Seen im Naturpark Verdon. Hier zeigt sich die Natur von ihrer sch\u00f6nsten Seite \u2013 von der wilden Schlucht bis hin zu den Bergen der Voralpen \u2013 und beherbergt inmitten einer majest\u00e4tischen Umgebung einen wundersch\u00f6nen See. Castellane, ein mittelalterliches [&hellip;]<\/p>\n","protected":false},"author":1,"featured_media":0,"parent":0,"menu_order":37,"comment_status":"closed","ping_status":"closed","template":"","meta":{"_acf_changed":false,"footnotes":""},"class_list":["post-3244","page","type-page","status-publish","hentry"],"acf":[],"yoast_head":"<!-- This site is optimized with the Yoast SEO plugin v27.3 - https:\/\/yoast.com\/product\/yoast-seo-wordpress\/ -->\n<title>Tourismus Castelcastel Besuch Dorf in der Verdon in der Provence<\/title>\n<meta name=\"robots\" content=\"index, follow, max-snippet:-1, max-image-preview:large, max-video-preview:-1\" \/>\n<link rel=\"canonical\" href=\"https:\/\/camping-terra-verdon.com\/de\/castellane\/\" \/>\n<meta property=\"og:locale\" content=\"de_DE\" \/>\n<meta property=\"og:type\" content=\"article\" \/>\n<meta property=\"og:title\" content=\"Tourismus Castelcastel Besuch Dorf in der Verdon in der Provence\" \/>\n<meta property=\"og:description\" content=\"Castellane liegt direkt am Eingang zur Verdonschlucht und am Rande des Lac de Castillon, eines der naturbelassensten Seen im Naturpark Verdon. Hier zeigt sich die Natur von ihrer sch\u00f6nsten Seite \u2013 von der wilden Schlucht bis hin zu den Bergen der Voralpen \u2013 und beherbergt inmitten einer majest\u00e4tischen Umgebung einen wundersch\u00f6nen See. Castellane, ein mittelalterliches [&hellip;]\" \/>\n<meta property=\"og:url\" content=\"https:\/\/camping-terra-verdon.com\/de\/castellane\/\" \/>\n<meta property=\"og:site_name\" content=\"Camping Terra Verdon\" \/>\n<meta property=\"article:modified_time\" content=\"2025-04-14T13:59:45+00:00\" \/>\n<meta name=\"twitter:card\" content=\"summary_large_image\" \/>\n<meta name=\"twitter:label1\" content=\"Gesch\u00e4tzte Lesezeit\" \/>\n\t<meta name=\"twitter:data1\" content=\"4\u00a0Minuten\" \/>\n<script type=\"application\/ld+json\" class=\"yoast-schema-graph\">{\"@context\":\"https:\\\/\\\/schema.org\",\"@graph\":[{\"@type\":\"WebPage\",\"@id\":\"https:\\\/\\\/camping-terra-verdon.com\\\/de\\\/castellane\\\/\",\"url\":\"https:\\\/\\\/camping-terra-verdon.com\\\/de\\\/castellane\\\/\",\"name\":\"Tourismus Castelcastel Besuch Dorf in der Verdon in der Provence\",\"isPartOf\":{\"@id\":\"https:\\\/\\\/camping-terra-verdon.com\\\/de\\\/#website\"},\"datePublished\":\"2021-04-08T14:36:43+00:00\",\"dateModified\":\"2025-04-14T13:59:45+00:00\",\"breadcrumb\":{\"@id\":\"https:\\\/\\\/camping-terra-verdon.com\\\/de\\\/castellane\\\/#breadcrumb\"},\"inLanguage\":\"de\",\"potentialAction\":[{\"@type\":\"ReadAction\",\"target\":[\"https:\\\/\\\/camping-terra-verdon.com\\\/de\\\/castellane\\\/\"]}]},{\"@type\":\"BreadcrumbList\",\"@id\":\"https:\\\/\\\/camping-terra-verdon.com\\\/de\\\/castellane\\\/#breadcrumb\",\"itemListElement\":[{\"@type\":\"ListItem\",\"position\":1,\"name\":\"Camping Gorges du Verdon\",\"item\":\"https:\\\/\\\/camping-terra-verdon.com\\\/de\\\/\"},{\"@type\":\"ListItem\",\"position\":2,\"name\":\"Tourismus in Castellane im Verdon\"}]},{\"@type\":\"WebSite\",\"@id\":\"https:\\\/\\\/camping-terra-verdon.com\\\/de\\\/#website\",\"url\":\"https:\\\/\\\/camping-terra-verdon.com\\\/de\\\/\",\"name\":\"Camping Terra Verdon\",\"description\":\"Camping Terra Verdon\",\"potentialAction\":[{\"@type\":\"SearchAction\",\"target\":{\"@type\":\"EntryPoint\",\"urlTemplate\":\"https:\\\/\\\/camping-terra-verdon.com\\\/de\\\/?s={search_term_string}\"},\"query-input\":{\"@type\":\"PropertyValueSpecification\",\"valueRequired\":true,\"valueName\":\"search_term_string\"}}],\"inLanguage\":\"de\"}]}<\/script>\n<!-- \/ Yoast SEO plugin. -->","yoast_head_json":{"title":"Tourismus Castelcastel Besuch Dorf in der Verdon in der Provence","robots":{"index":"index","follow":"follow","max-snippet":"max-snippet:-1","max-image-preview":"max-image-preview:large","max-video-preview":"max-video-preview:-1"},"canonical":"https:\/\/camping-terra-verdon.com\/de\/castellane\/","og_locale":"de_DE","og_type":"article","og_title":"Tourismus Castelcastel Besuch Dorf in der Verdon in der Provence","og_description":"Castellane liegt direkt am Eingang zur Verdonschlucht und am Rande des Lac de Castillon, eines der naturbelassensten Seen im Naturpark Verdon. Hier zeigt sich die Natur von ihrer sch\u00f6nsten Seite \u2013 von der wilden Schlucht bis hin zu den Bergen der Voralpen \u2013 und beherbergt inmitten einer majest\u00e4tischen Umgebung einen wundersch\u00f6nen See. Castellane, ein mittelalterliches [&hellip;]","og_url":"https:\/\/camping-terra-verdon.com\/de\/castellane\/","og_site_name":"Camping Terra Verdon","article_modified_time":"2025-04-14T13:59:45+00:00","twitter_card":"summary_large_image","twitter_misc":{"Gesch\u00e4tzte Lesezeit":"4\u00a0Minuten"},"schema":{"@context":"https:\/\/schema.org","@graph":[{"@type":"WebPage","@id":"https:\/\/camping-terra-verdon.com\/de\/castellane\/","url":"https:\/\/camping-terra-verdon.com\/de\/castellane\/","name":"Tourismus Castelcastel Besuch Dorf in der Verdon in der Provence","isPartOf":{"@id":"https:\/\/camping-terra-verdon.com\/de\/#website"},"datePublished":"2021-04-08T14:36:43+00:00","dateModified":"2025-04-14T13:59:45+00:00","breadcrumb":{"@id":"https:\/\/camping-terra-verdon.com\/de\/castellane\/#breadcrumb"},"inLanguage":"de","potentialAction":[{"@type":"ReadAction","target":["https:\/\/camping-terra-verdon.com\/de\/castellane\/"]}]},{"@type":"BreadcrumbList","@id":"https:\/\/camping-terra-verdon.com\/de\/castellane\/#breadcrumb","itemListElement":[{"@type":"ListItem","position":1,"name":"Camping Gorges du Verdon","item":"https:\/\/camping-terra-verdon.com\/de\/"},{"@type":"ListItem","position":2,"name":"Tourismus in Castellane im Verdon"}]},{"@type":"WebSite","@id":"https:\/\/camping-terra-verdon.com\/de\/#website","url":"https:\/\/camping-terra-verdon.com\/de\/","name":"Camping Terra Verdon","description":"Camping Terra Verdon","potentialAction":[{"@type":"SearchAction","target":{"@type":"EntryPoint","urlTemplate":"https:\/\/camping-terra-verdon.com\/de\/?s={search_term_string}"},"query-input":{"@type":"PropertyValueSpecification","valueRequired":true,"valueName":"search_term_string"}}],"inLanguage":"de"}]}},"_links":{"self":[{"href":"https:\/\/camping-terra-verdon.com\/de\/wp-json\/wp\/v2\/pages\/3244","targetHints":{"allow":["GET"]}}],"collection":[{"href":"https:\/\/camping-terra-verdon.com\/de\/wp-json\/wp\/v2\/pages"}],"about":[{"href":"https:\/\/camping-terra-verdon.com\/de\/wp-json\/wp\/v2\/types\/page"}],"author":[{"embeddable":true,"href":"https:\/\/camping-terra-verdon.com\/de\/wp-json\/wp\/v2\/users\/1"}],"replies":[{"embeddable":true,"href":"https:\/\/camping-terra-verdon.com\/de\/wp-json\/wp\/v2\/comments?post=3244"}],"version-history":[{"count":7,"href":"https:\/\/camping-terra-verdon.com\/de\/wp-json\/wp\/v2\/pages\/3244\/revisions"}],"predecessor-version":[{"id":95166,"href":"https:\/\/camping-terra-verdon.com\/de\/wp-json\/wp\/v2\/pages\/3244\/revisions\/95166"}],"wp:attachment":[{"href":"https:\/\/camping-terra-verdon.com\/de\/wp-json\/wp\/v2\/media?parent=3244"}],"curies":[{"name":"wp","href":"https:\/\/api.w.org\/{rel}","templated":true}]}}