{"id":3211,"date":"2021-04-08T16:14:47","date_gmt":"2021-04-08T14:14:47","guid":{"rendered":"https:\/\/camping-terra-verdon.com\/?page_id=3211"},"modified":"2026-01-12T09:53:15","modified_gmt":"2026-01-12T08:53:15","slug":"impressum","status":"publish","type":"page","link":"https:\/\/camping-terra-verdon.com\/de\/impressum\/","title":{"rendered":"Rechtliche Hinweise"},"content":{"rendered":"\n<h2 class=\"wp-block-heading\"><strong>Pr\u00e4ambel<\/strong><\/h2>\n\n\n\n<p>Mit den vorliegenden Allgemeinen Nutzungsbedingungen werden die Regeln f\u00fcr einen Zugriff auf die vorliegende Website sowie die Nutzungsbestimmungen festgelegt. Allein durch den Zugriff auf die Website best\u00e4tigen die Nutzer, die Nutzungsbestimmungen vorbehaltlos anzuerkennen.<\/p>\n\n\n\n<h2 class=\"wp-block-heading\"><strong>Impressum<\/strong><\/h2>\n\n\n\n<p>Gem\u00e4\u00df den Bestimmungen in Artikel 6 III-1 des Gesetzes Nr. 2004-575 vom 21. Juni 2004 \u00fcber das Vertrauen im digitalen Wirtschaftsverkehr setzen wir Sie dar\u00fcber in Kenntnis, dass die Website camping-terra-verdon.com (im Folgenden \u201eWebsite\u201c genannt) von folgender Stelle herausgegeben wird:<br>Groupe GB<br>Tel.: +33(0)4 94 291 690<br>Vereinfachte AG mit einem Kapital von 1&nbsp;776 366, 82 Euro \u2013 franz. Handelsregister Toulon 413 562 604        Innergemeinschaftliche Mehrwertsteuer FR12413562604<br>Le Pergol\u00e8se, 1155 Avenue dei Reganeu, 83150 BANDOL<br>Der Herausgeber ist Herr Thierry Bouchard.<\/p>\n\n\n\n<h2 class=\"wp-block-heading\"><strong>Webhoster<\/strong><\/h2>\n\n\n\n<p>OVH<br>Vereinfachte AG mit einem Kapital von 10.059.500 \u20ac<br>Franz. Handelsregister Lille M\u00e9tropole 424 761 419 00045<br>APE-T\u00e4tigkeitscode 6202A<br>Ust.-Id.-Nr.: FR 22 424 761 419<br>Unternehmenssitz: 2 Rue Kellermann \u2013 59100 Roubaix \u2013 Frankreich<\/p>\n\n\n\n<h2 class=\"wp-block-heading\"><strong>Grafikdesign Und Webentwicklung<\/strong><\/h2>\n\n\n\n<p>M7creation<br>Tel.: +33 (0)6 16 21 81 70<br>http:\/\/www.m7creation.com<\/p>\n\n\n\n<h2 class=\"wp-block-heading\">Schutz Personenbezogener Daten<\/h2>\n\n\n\n<p>Der Konzern Groupe GB behandelt die personenbezogenen Daten der Internetnutzer als vertrauliche Informationen. Sie werden nur von den internen Stellen von Ciela Village benutzt, um Ihre Anfragen bearbeiten und die Kommunikation sowie die f\u00fcr die Kunden bestimmten Serviceangebote verbessern und pers\u00f6nlicher gestalten zu k\u00f6nnen.<br>Gem\u00e4\u00df dem franz\u00f6sischen Datenschutzgesetz vom 6. Januar 1978 verf\u00fcgen Sie \u00fcber ein Recht auf Zugang, Berichtigung und Einspruch betreffend Ihre personenbezogenen Daten. Um dieses Recht in Anspruch zu nehmen, senden Sie bitte unter Angabe Ihres Namens, Vornamens und Ihrer Adresse ein Schreiben an Groupe GB, Ciela Village Le Pergol\u00e8se, 1155 Avenue dei Reganeu, 83150 Bandol.<\/p>\n\n\n\n<h2 class=\"wp-block-heading\"><strong>Geistiges Eigentum<\/strong><\/h2>\n\n\n\n<p>F\u00fcr eine Nutzung wie beispielsweise eine Vervielf\u00e4ltigung, Ab\u00e4nderung, \u00dcbertragung oder Verbreitung der auf der Website angef\u00fchrten Informationen ben\u00f6tigen Sie das vorherige schriftliche Einverst\u00e4ndnis des Konzerns Groupe GB; ausgenommen davon sind Kopien, die f\u00fcr eine private und nicht kommerzielle Nutzung (im Kreis der Familie) angefertigt werden. Jede unbefugte Nutzung der Website und ihres Inhalts f\u00fchrt dazu, dass die Haftung des Internetnutzers ausgel\u00f6st wird und stellt eine F\u00e4lschung dar.<\/p>\n\n\n\n<h2 class=\"wp-block-heading\">Haftungsbeschr\u00e4nkung Und Haftungsausschluss<\/h2>\n\n\n\n<p>Der Konzern Groupe GB versucht, sich nach M\u00f6glichkeit zu vergewissern, dass die auf der Website bereitgestellten Informationen der Wahrheit entsprechen und die Website regelm\u00e4\u00dfig zu aktualisieren. Es kann jedoch vorkommen, dass fehlerhafte Informationen vorhanden sind oder Angaben fehlen. Der Konzern Groupe GB haftet nicht f\u00fcr die Richtigkeit der auf der Website angef\u00fchrten Informationen. Er beh\u00e4lt sich das Recht vor, die Website jederzeit und ohne Vorwarnung abzu\u00e4ndern oder gewisse Funktionen der Website zu sperren.<br>Der Konzern Groupe GB kann keinen kontinuierlichen Zugang zur Website gew\u00e4hrleisten: es kann vorkommen, dass der Zugriff auf die angebotenen Dienste aufgrund von Wartungsproblemen oder IT-Problemen, aufgrund einer St\u00f6rung des Internets oder aufgrund von anderen unvorhergesehenen Ereignissen unterbrochen wird. Gleicherma\u00dfen haftet der Konzern Groupe GB nicht f\u00fcr Verz\u00f6gerungen, Schwierigkeiten bei der Nutzung oder einer Inkompatibilit\u00e4t der vorliegenden Website mit Ihren Dateien bzw. Ihrem Browser.<\/p>\n\n\n\n<h2 class=\"wp-block-heading\"><strong>Cookies<\/strong><\/h2>\n\n\n\n<p>Bei einem Zugriff auf unsere Website wird Ihnen ein permanentes \u201eCookie\u201c (kleine Textdatei) zugewiesen, welches auf der Festplatte Ihres Computers gespeichert wird. Mit Hilfe dieses Cookies kann Ihr Computer bei Ihrem n\u00e4chsten Besuch auf unserer Website identifiziert werden, sodass wir Ihre Surferfahrung auf der Website verbessern und Ihre Online-Erfahrung pers\u00f6nlicher gestalten k\u00f6nnen: automatische Wiedererkennung, Speicherung der bevorzugten Sucheinstellungen,\u2026<br>Jedes Mal wenn Sie im Rahmen eines Besuchs unserer Website auf eine Seite zugreifen, erheben wir au\u00dferdem technische Informationen \u00fcber Ihren Computer. Diese Informationen umfassen Ihre IP-Adresse (Internet Protokoll), das verwendete Betriebssystem, die Art des Browsers und gegebenenfalls die Adresse der Website, von der Sie unsere Website ansteuern. Wir erheben diese Informationen, um die Nutzererfahrung bei einem Zugriff auf unsere Website verbessern zu k\u00f6nnen. Diese Informationen werden nicht an Dritte verkauft oder weitergegeben.<br>In den meisten Browsern werden Cookies automatisch akzeptiert, sie haben aber die M\u00f6glichkeit, die Verwendung von Cookies zu aktivieren oder zu deaktivieren. Da jeder Browser unterschiedlich ist, empfehlen wir Ihnen, die \u201eHilfe\u201c Ihres Webbrowsers zu Rate zu ziehen, um herauszufinden, wie Sie die Cookie-Einstellungen ab\u00e4ndern k\u00f6nnen. Die Nutzung der Website wird dadurch nicht beeintr\u00e4chtigt und Sie k\u00f6nnen weiterhin auf alle Funktionen zugreifen.<\/p>\n\n\n\n<h2 class=\"wp-block-heading\"><strong>Erstellung Von Hyperlinks<\/strong><\/h2>\n\n\n\n<p>Um Ihnen den Zugang zu anderen Websites zu erleichtern, die zus\u00e4tzliche Informationen zur Verf\u00fcgung stellen, hat der Konzern Groupe GB mehrere Links in die Website eingebettet. Nichtsdestotrotz haftet der Konzern nicht f\u00fcr die Inhalte der Websites von Dritten, auf die der Internetnutzer \u00fcber die Website zugreifen kann. Da der Konzern Groupe GB keine M\u00f6glichkeit hat, die Inhalte dieser Websites zu \u00fcberpr\u00fcfen, kann seine Haftung aufgrund der Nichtverf\u00fcgbarkeit dieser Websites, der Inhalte, der Werbung oder anderer Bestandteile dieser Websites nicht ausgel\u00f6st werden. Gleicherma\u00dfen k\u00f6nnen auf externen Websites Links eingebettet sein, die auf die Website verweisen. Derartige Hyperlinks d\u00fcrfen nicht ohne das vorherige schriftliche Einverst\u00e4ndnis des Konzerns Groupe GB angebracht werden.<\/p>\n\n\n\n<h2 class=\"wp-block-heading\"><strong>Newsletter<\/strong><\/h2>\n\n\n\n<p>Wenn Sie sich auf unserer Website f\u00fcr den Ciela Village-Newsletter anmelden, werden Ihnen per E-Mail Informationen \u00fcber unserer Leistungen \u00fcbermittelt. Diese dienen zu Informationszwecken und Sie k\u00f6nnen sich jederzeit wieder vom Newsletter abmelden, indem Sie auf den zu diesem Zweck vorgesehenen Link klicken, der unterhalb des Newsletters angef\u00fchrt ist.<\/p>\n\n\n\n<h2 class=\"wp-block-heading\">Wettbewerbe Und Gewinnspiele<\/h2>\n\n\n\n<p>Zu bestimmten Zeiten organisiert Groupe GB Wettbewerbe, kostenlose Gewinnspiele oder Werbeaktionen \u00fcber die Website. Diese unterliegen den Sonderbestimmungen, die auf den f\u00fcr diese Wettbewerbe, Gewinnspiele oder Werbeaktionen eingerichteten Websites angef\u00fchrt sind und eingesehen werden k\u00f6nnen.<\/p>\n\n\n\n<h2 class=\"wp-block-heading\">Anwendbares Recht<\/h2>\n\n\n\n<p>Die Website und ihre Inhalte unterliegen franz\u00f6sischem Recht.<\/p>\n\n\n\n<h2 class=\"wp-block-heading\">Kontakt<\/h2>\n\n\n\n<p>Sollten Sie Anmerkungen zur Funktionsweise der Website haben, wenden Sie sich bitte <a href=\"https:\/\/camping-terra-verdon.com\/de\/kontakt-zum-campingplatz\/\">hier<\/a>.<\/p>\n","protected":false},"excerpt":{"rendered":"<p>Pr\u00e4ambel Mit den vorliegenden Allgemeinen Nutzungsbedingungen werden die Regeln f\u00fcr einen Zugriff auf die vorliegende Website sowie die Nutzungsbestimmungen festgelegt. Allein durch den Zugriff auf die Website best\u00e4tigen die Nutzer, die Nutzungsbestimmungen vorbehaltlos anzuerkennen. Impressum Gem\u00e4\u00df den Bestimmungen in Artikel 6 III-1 des Gesetzes Nr. 2004-575 vom 21. Juni 2004 \u00fcber das Vertrauen im digitalen [&hellip;]<\/p>\n","protected":false},"author":1,"featured_media":0,"parent":0,"menu_order":43,"comment_status":"closed","ping_status":"closed","template":"","meta":{"_acf_changed":false,"footnotes":""},"class_list":["post-3211","page","type-page","status-publish","hentry"],"acf":[],"yoast_head":"<!-- This site is optimized with the Yoast SEO plugin v27.3 - https:\/\/yoast.com\/product\/yoast-seo-wordpress\/ -->\n<title>Legal Camping Terra Verdon in Castel 4 Sterne<\/title>\n<meta name=\"robots\" content=\"index, follow, max-snippet:-1, max-image-preview:large, max-video-preview:-1\" \/>\n<link rel=\"canonical\" href=\"https:\/\/camping-terra-verdon.com\/de\/impressum\/\" \/>\n<meta property=\"og:locale\" content=\"de_DE\" \/>\n<meta property=\"og:type\" content=\"article\" \/>\n<meta property=\"og:title\" content=\"Legal Camping Terra Verdon in Castel 4 Sterne\" \/>\n<meta property=\"og:description\" content=\"Pr\u00e4ambel Mit den vorliegenden Allgemeinen Nutzungsbedingungen werden die Regeln f\u00fcr einen Zugriff auf die vorliegende Website sowie die Nutzungsbestimmungen festgelegt. Allein durch den Zugriff auf die Website best\u00e4tigen die Nutzer, die Nutzungsbestimmungen vorbehaltlos anzuerkennen. Impressum Gem\u00e4\u00df den Bestimmungen in Artikel 6 III-1 des Gesetzes Nr. 2004-575 vom 21. Juni 2004 \u00fcber das Vertrauen im digitalen [&hellip;]\" \/>\n<meta property=\"og:url\" content=\"https:\/\/camping-terra-verdon.com\/de\/impressum\/\" \/>\n<meta property=\"og:site_name\" content=\"Camping Terra Verdon\" \/>\n<meta property=\"article:modified_time\" content=\"2026-01-12T08:53:15+00:00\" \/>\n<meta name=\"twitter:card\" content=\"summary_large_image\" \/>\n<meta name=\"twitter:label1\" content=\"Gesch\u00e4tzte Lesezeit\" \/>\n\t<meta name=\"twitter:data1\" content=\"5\u00a0Minuten\" \/>\n<script type=\"application\/ld+json\" class=\"yoast-schema-graph\">{\"@context\":\"https:\\\/\\\/schema.org\",\"@graph\":[{\"@type\":\"WebPage\",\"@id\":\"https:\\\/\\\/camping-terra-verdon.com\\\/de\\\/impressum\\\/\",\"url\":\"https:\\\/\\\/camping-terra-verdon.com\\\/de\\\/impressum\\\/\",\"name\":\"Legal Camping Terra Verdon in Castel 4 Sterne\",\"isPartOf\":{\"@id\":\"https:\\\/\\\/camping-terra-verdon.com\\\/de\\\/#website\"},\"datePublished\":\"2021-04-08T14:14:47+00:00\",\"dateModified\":\"2026-01-12T08:53:15+00:00\",\"breadcrumb\":{\"@id\":\"https:\\\/\\\/camping-terra-verdon.com\\\/de\\\/impressum\\\/#breadcrumb\"},\"inLanguage\":\"de\",\"potentialAction\":[{\"@type\":\"ReadAction\",\"target\":[\"https:\\\/\\\/camping-terra-verdon.com\\\/de\\\/impressum\\\/\"]}]},{\"@type\":\"BreadcrumbList\",\"@id\":\"https:\\\/\\\/camping-terra-verdon.com\\\/de\\\/impressum\\\/#breadcrumb\",\"itemListElement\":[{\"@type\":\"ListItem\",\"position\":1,\"name\":\"Camping Gorges du Verdon\",\"item\":\"https:\\\/\\\/camping-terra-verdon.com\\\/de\\\/\"},{\"@type\":\"ListItem\",\"position\":2,\"name\":\"Rechtliche Hinweise\"}]},{\"@type\":\"WebSite\",\"@id\":\"https:\\\/\\\/camping-terra-verdon.com\\\/de\\\/#website\",\"url\":\"https:\\\/\\\/camping-terra-verdon.com\\\/de\\\/\",\"name\":\"Camping Terra Verdon\",\"description\":\"Camping Terra Verdon\",\"potentialAction\":[{\"@type\":\"SearchAction\",\"target\":{\"@type\":\"EntryPoint\",\"urlTemplate\":\"https:\\\/\\\/camping-terra-verdon.com\\\/de\\\/?s={search_term_string}\"},\"query-input\":{\"@type\":\"PropertyValueSpecification\",\"valueRequired\":true,\"valueName\":\"search_term_string\"}}],\"inLanguage\":\"de\"}]}<\/script>\n<!-- \/ Yoast SEO plugin. -->","yoast_head_json":{"title":"Legal Camping Terra Verdon in Castel 4 Sterne","robots":{"index":"index","follow":"follow","max-snippet":"max-snippet:-1","max-image-preview":"max-image-preview:large","max-video-preview":"max-video-preview:-1"},"canonical":"https:\/\/camping-terra-verdon.com\/de\/impressum\/","og_locale":"de_DE","og_type":"article","og_title":"Legal Camping Terra Verdon in Castel 4 Sterne","og_description":"Pr\u00e4ambel Mit den vorliegenden Allgemeinen Nutzungsbedingungen werden die Regeln f\u00fcr einen Zugriff auf die vorliegende Website sowie die Nutzungsbestimmungen festgelegt. Allein durch den Zugriff auf die Website best\u00e4tigen die Nutzer, die Nutzungsbestimmungen vorbehaltlos anzuerkennen. Impressum Gem\u00e4\u00df den Bestimmungen in Artikel 6 III-1 des Gesetzes Nr. 2004-575 vom 21. Juni 2004 \u00fcber das Vertrauen im digitalen [&hellip;]","og_url":"https:\/\/camping-terra-verdon.com\/de\/impressum\/","og_site_name":"Camping Terra Verdon","article_modified_time":"2026-01-12T08:53:15+00:00","twitter_card":"summary_large_image","twitter_misc":{"Gesch\u00e4tzte Lesezeit":"5\u00a0Minuten"},"schema":{"@context":"https:\/\/schema.org","@graph":[{"@type":"WebPage","@id":"https:\/\/camping-terra-verdon.com\/de\/impressum\/","url":"https:\/\/camping-terra-verdon.com\/de\/impressum\/","name":"Legal Camping Terra Verdon in Castel 4 Sterne","isPartOf":{"@id":"https:\/\/camping-terra-verdon.com\/de\/#website"},"datePublished":"2021-04-08T14:14:47+00:00","dateModified":"2026-01-12T08:53:15+00:00","breadcrumb":{"@id":"https:\/\/camping-terra-verdon.com\/de\/impressum\/#breadcrumb"},"inLanguage":"de","potentialAction":[{"@type":"ReadAction","target":["https:\/\/camping-terra-verdon.com\/de\/impressum\/"]}]},{"@type":"BreadcrumbList","@id":"https:\/\/camping-terra-verdon.com\/de\/impressum\/#breadcrumb","itemListElement":[{"@type":"ListItem","position":1,"name":"Camping Gorges du Verdon","item":"https:\/\/camping-terra-verdon.com\/de\/"},{"@type":"ListItem","position":2,"name":"Rechtliche Hinweise"}]},{"@type":"WebSite","@id":"https:\/\/camping-terra-verdon.com\/de\/#website","url":"https:\/\/camping-terra-verdon.com\/de\/","name":"Camping Terra Verdon","description":"Camping Terra Verdon","potentialAction":[{"@type":"SearchAction","target":{"@type":"EntryPoint","urlTemplate":"https:\/\/camping-terra-verdon.com\/de\/?s={search_term_string}"},"query-input":{"@type":"PropertyValueSpecification","valueRequired":true,"valueName":"search_term_string"}}],"inLanguage":"de"}]}},"_links":{"self":[{"href":"https:\/\/camping-terra-verdon.com\/de\/wp-json\/wp\/v2\/pages\/3211","targetHints":{"allow":["GET"]}}],"collection":[{"href":"https:\/\/camping-terra-verdon.com\/de\/wp-json\/wp\/v2\/pages"}],"about":[{"href":"https:\/\/camping-terra-verdon.com\/de\/wp-json\/wp\/v2\/types\/page"}],"author":[{"embeddable":true,"href":"https:\/\/camping-terra-verdon.com\/de\/wp-json\/wp\/v2\/users\/1"}],"replies":[{"embeddable":true,"href":"https:\/\/camping-terra-verdon.com\/de\/wp-json\/wp\/v2\/comments?post=3211"}],"version-history":[{"count":9,"href":"https:\/\/camping-terra-verdon.com\/de\/wp-json\/wp\/v2\/pages\/3211\/revisions"}],"predecessor-version":[{"id":497533,"href":"https:\/\/camping-terra-verdon.com\/de\/wp-json\/wp\/v2\/pages\/3211\/revisions\/497533"}],"wp:attachment":[{"href":"https:\/\/camping-terra-verdon.com\/de\/wp-json\/wp\/v2\/media?parent=3211"}],"curies":[{"name":"wp","href":"https:\/\/api.w.org\/{rel}","templated":true}]}}