{"id":3202,"date":"2021-04-08T16:08:51","date_gmt":"2021-04-08T14:08:51","guid":{"rendered":"https:\/\/camping-terra-verdon.com\/?page_id=3202"},"modified":"2022-01-13T14:07:14","modified_gmt":"2022-01-13T13:07:14","slug":"unterkunfte-mit-3-oder-4-schlafzimmern","status":"publish","type":"page","link":"https:\/\/camping-terra-verdon.com\/de\/unterkunfte\/unterkunfte-mit-3-oder-4-schlafzimmern\/","title":{"rendered":"Unterk\u00fcnfte mit 3 oder 4 Schlafzimmern"},"content":{"rendered":"\n<p>Damit Ihr Familienurlaub ein voller Erfolg wird, hat Ciela Village an alle Familien gedacht und eine Reihe von Angeboten f\u00fcr Gro\u00df- und Kleinfamilien zu verschiedensten Preisen und mit unterschiedlichem Komfort zusammengestellt. Unsere Unterk\u00fcnfte mit 3 oder 4 Schlafzimmern eignen sich auch perfekt f\u00fcr einen Urlaub mit Freunden, bei dem jeder \u00fcber gen\u00fcgend Platz zum Entspannen verf\u00fcgt.<\/p>\n\n\n\n<div class=\"galerie-loc\">\n<div class=\" \" uk-slider=\"sets: true\">\n\n    \n    <div class=\"uk-position-relative uk-visible-toggle uk-margin\">\n\n        <ul class=\"uk-slider-items uk-grid uk-grid-match uk-child-width-1-1 uk-child-width-1-2@s uk-grid-small\">\n        \n            <li >\n\n                <div class=\"uk-panel uk-text-center\">\n\n                    \n                    \n                                        <div class=\"uk-text-center uk-margin uk-margin-remove-top\"><img decoding=\"async\" src=\"\/wp-content\/plugins\/widgetkit\/cache\/location-mobil-home-gorge-verdon-6-14f275780413870710a846197a644b20.jpg\" class=\" uk-transition-scale-up uk-transition-opaque\" alt=\"img1\" width=\"600\" height=\"500\"><\/div>\n                    \n                    \n                        \n                        \n                        \n                        \n                        \n                        \n                        \n                    \n                <\/div>\n\n            <\/li>\n\n        \n            <li >\n\n                <div class=\"uk-panel uk-text-center\">\n\n                    \n                    \n                                        <div class=\"uk-text-center uk-margin uk-margin-remove-top\"><img decoding=\"async\" src=\"\/wp-content\/plugins\/widgetkit\/cache\/location-mobil-home-gorge-verdon-5-cb81533e0a5091b3e06e1de968b1e460.jpg\" class=\" uk-transition-scale-up uk-transition-opaque\" alt=\"img2\" width=\"600\" height=\"500\"><\/div>\n                    \n                    \n                        \n                        \n                        \n                        \n                        \n                        \n                        \n                    \n                <\/div>\n\n            <\/li>\n\n                <\/ul>\n\n        \n            \n                \n                    <a href=\"#\" class=\"uk-position-center-left uk-position-small uk-hidden-hover\" uk-slidenav-previous uk-slider-item=\"previous\"><\/a>\n                    <a href=\"#\" class=\"uk-position-center-right uk-position-small uk-hidden-hover\" uk-slidenav-next uk-slider-item=\"next\"><\/a>\n\n                \n            \n        \n    <\/div>\n\n    \n        <ul class=\"uk-slider-nav uk-dotnav uk-flex-center uk-margin-remove-bottom\"><\/ul>\n    \n    \n<\/div>\n<\/div>\n\n\n","protected":false},"excerpt":{"rendered":"<p>Damit Ihr Familienurlaub ein voller Erfolg wird, hat Ciela Village an alle Familien gedacht und eine Reihe von Angeboten f\u00fcr Gro\u00df- und Kleinfamilien zu verschiedensten Preisen und mit unterschiedlichem Komfort zusammengestellt. Unsere Unterk\u00fcnfte mit 3 oder 4 Schlafzimmern eignen sich auch perfekt f\u00fcr einen Urlaub mit Freunden, bei dem jeder \u00fcber gen\u00fcgend Platz zum Entspannen [&hellip;]<\/p>\n","protected":false},"author":1,"featured_media":0,"parent":3182,"menu_order":9,"comment_status":"closed","ping_status":"closed","template":"","meta":{"_acf_changed":false,"footnotes":""},"class_list":["post-3202","page","type-page","status-publish","hentry"],"acf":[],"yoast_head":"<!-- This site is optimized with the Yoast SEO plugin v27.2 - https:\/\/yoast.com\/product\/yoast-seo-wordpress\/ -->\n<title>Mobilheime 3 &amp; 4 Schlafzimmer f\u00fcr 6 bis 8 Personen in der Verdon<\/title>\n<meta name=\"robots\" content=\"index, follow, max-snippet:-1, max-image-preview:large, max-video-preview:-1\" \/>\n<link rel=\"canonical\" href=\"https:\/\/camping-terra-verdon.com\/de\/unterkunfte\/unterkunfte-mit-3-oder-4-schlafzimmern\/\" \/>\n<meta property=\"og:locale\" content=\"de_DE\" \/>\n<meta property=\"og:type\" content=\"article\" \/>\n<meta property=\"og:title\" content=\"Mobilheime 3 &amp; 4 Schlafzimmer f\u00fcr 6 bis 8 Personen in der Verdon\" \/>\n<meta property=\"og:description\" content=\"Damit Ihr Familienurlaub ein voller Erfolg wird, hat Ciela Village an alle Familien gedacht und eine Reihe von Angeboten f\u00fcr Gro\u00df- und Kleinfamilien zu verschiedensten Preisen und mit unterschiedlichem Komfort zusammengestellt. Unsere Unterk\u00fcnfte mit 3 oder 4 Schlafzimmern eignen sich auch perfekt f\u00fcr einen Urlaub mit Freunden, bei dem jeder \u00fcber gen\u00fcgend Platz zum Entspannen [&hellip;]\" \/>\n<meta property=\"og:url\" content=\"https:\/\/camping-terra-verdon.com\/de\/unterkunfte\/unterkunfte-mit-3-oder-4-schlafzimmern\/\" \/>\n<meta property=\"og:site_name\" content=\"Camping Terra Verdon\" \/>\n<meta property=\"article:modified_time\" content=\"2022-01-13T13:07:14+00:00\" \/>\n<meta name=\"twitter:card\" content=\"summary_large_image\" \/>\n<meta name=\"twitter:label1\" content=\"Gesch\u00e4tzte Lesezeit\" \/>\n\t<meta name=\"twitter:data1\" content=\"1\u00a0Minute\" \/>\n<script type=\"application\/ld+json\" class=\"yoast-schema-graph\">{\"@context\":\"https:\/\/schema.org\",\"@graph\":[{\"@type\":\"WebPage\",\"@id\":\"https:\/\/camping-terra-verdon.com\/de\/unterkunfte\/unterkunfte-mit-3-oder-4-schlafzimmern\/\",\"url\":\"https:\/\/camping-terra-verdon.com\/de\/unterkunfte\/unterkunfte-mit-3-oder-4-schlafzimmern\/\",\"name\":\"Mobilheime 3 & 4 Schlafzimmer f\u00fcr 6 bis 8 Personen in der Verdon\",\"isPartOf\":{\"@id\":\"https:\/\/camping-terra-verdon.com\/de\/#website\"},\"datePublished\":\"2021-04-08T14:08:51+00:00\",\"dateModified\":\"2022-01-13T13:07:14+00:00\",\"breadcrumb\":{\"@id\":\"https:\/\/camping-terra-verdon.com\/de\/unterkunfte\/unterkunfte-mit-3-oder-4-schlafzimmern\/#breadcrumb\"},\"inLanguage\":\"de\",\"potentialAction\":[{\"@type\":\"ReadAction\",\"target\":[\"https:\/\/camping-terra-verdon.com\/de\/unterkunfte\/unterkunfte-mit-3-oder-4-schlafzimmern\/\"]}]},{\"@type\":\"BreadcrumbList\",\"@id\":\"https:\/\/camping-terra-verdon.com\/de\/unterkunfte\/unterkunfte-mit-3-oder-4-schlafzimmern\/#breadcrumb\",\"itemListElement\":[{\"@type\":\"ListItem\",\"position\":1,\"name\":\"Camping Gorges du Verdon\",\"item\":\"https:\/\/camping-terra-verdon.com\/de\/\"},{\"@type\":\"ListItem\",\"position\":2,\"name\":\"Mobilheim in den Gorges du Verdon\",\"item\":\"https:\/\/camping-terra-verdon.com\/de\/unterkunfte\/\"},{\"@type\":\"ListItem\",\"position\":3,\"name\":\"Unterk\u00fcnfte mit 3 oder 4 Schlafzimmern\"}]},{\"@type\":\"WebSite\",\"@id\":\"https:\/\/camping-terra-verdon.com\/de\/#website\",\"url\":\"https:\/\/camping-terra-verdon.com\/de\/\",\"name\":\"Camping Terra Verdon\",\"description\":\"Camping Terra Verdon\",\"potentialAction\":[{\"@type\":\"SearchAction\",\"target\":{\"@type\":\"EntryPoint\",\"urlTemplate\":\"https:\/\/camping-terra-verdon.com\/de\/?s={search_term_string}\"},\"query-input\":{\"@type\":\"PropertyValueSpecification\",\"valueRequired\":true,\"valueName\":\"search_term_string\"}}],\"inLanguage\":\"de\"}]}<\/script>\n<!-- \/ Yoast SEO plugin. -->","yoast_head_json":{"title":"Mobilheime 3 & 4 Schlafzimmer f\u00fcr 6 bis 8 Personen in der Verdon","robots":{"index":"index","follow":"follow","max-snippet":"max-snippet:-1","max-image-preview":"max-image-preview:large","max-video-preview":"max-video-preview:-1"},"canonical":"https:\/\/camping-terra-verdon.com\/de\/unterkunfte\/unterkunfte-mit-3-oder-4-schlafzimmern\/","og_locale":"de_DE","og_type":"article","og_title":"Mobilheime 3 & 4 Schlafzimmer f\u00fcr 6 bis 8 Personen in der Verdon","og_description":"Damit Ihr Familienurlaub ein voller Erfolg wird, hat Ciela Village an alle Familien gedacht und eine Reihe von Angeboten f\u00fcr Gro\u00df- und Kleinfamilien zu verschiedensten Preisen und mit unterschiedlichem Komfort zusammengestellt. Unsere Unterk\u00fcnfte mit 3 oder 4 Schlafzimmern eignen sich auch perfekt f\u00fcr einen Urlaub mit Freunden, bei dem jeder \u00fcber gen\u00fcgend Platz zum Entspannen [&hellip;]","og_url":"https:\/\/camping-terra-verdon.com\/de\/unterkunfte\/unterkunfte-mit-3-oder-4-schlafzimmern\/","og_site_name":"Camping Terra Verdon","article_modified_time":"2022-01-13T13:07:14+00:00","twitter_card":"summary_large_image","twitter_misc":{"Gesch\u00e4tzte Lesezeit":"1\u00a0Minute"},"schema":{"@context":"https:\/\/schema.org","@graph":[{"@type":"WebPage","@id":"https:\/\/camping-terra-verdon.com\/de\/unterkunfte\/unterkunfte-mit-3-oder-4-schlafzimmern\/","url":"https:\/\/camping-terra-verdon.com\/de\/unterkunfte\/unterkunfte-mit-3-oder-4-schlafzimmern\/","name":"Mobilheime 3 & 4 Schlafzimmer f\u00fcr 6 bis 8 Personen in der Verdon","isPartOf":{"@id":"https:\/\/camping-terra-verdon.com\/de\/#website"},"datePublished":"2021-04-08T14:08:51+00:00","dateModified":"2022-01-13T13:07:14+00:00","breadcrumb":{"@id":"https:\/\/camping-terra-verdon.com\/de\/unterkunfte\/unterkunfte-mit-3-oder-4-schlafzimmern\/#breadcrumb"},"inLanguage":"de","potentialAction":[{"@type":"ReadAction","target":["https:\/\/camping-terra-verdon.com\/de\/unterkunfte\/unterkunfte-mit-3-oder-4-schlafzimmern\/"]}]},{"@type":"BreadcrumbList","@id":"https:\/\/camping-terra-verdon.com\/de\/unterkunfte\/unterkunfte-mit-3-oder-4-schlafzimmern\/#breadcrumb","itemListElement":[{"@type":"ListItem","position":1,"name":"Camping Gorges du Verdon","item":"https:\/\/camping-terra-verdon.com\/de\/"},{"@type":"ListItem","position":2,"name":"Mobilheim in den Gorges du Verdon","item":"https:\/\/camping-terra-verdon.com\/de\/unterkunfte\/"},{"@type":"ListItem","position":3,"name":"Unterk\u00fcnfte mit 3 oder 4 Schlafzimmern"}]},{"@type":"WebSite","@id":"https:\/\/camping-terra-verdon.com\/de\/#website","url":"https:\/\/camping-terra-verdon.com\/de\/","name":"Camping Terra Verdon","description":"Camping Terra Verdon","potentialAction":[{"@type":"SearchAction","target":{"@type":"EntryPoint","urlTemplate":"https:\/\/camping-terra-verdon.com\/de\/?s={search_term_string}"},"query-input":{"@type":"PropertyValueSpecification","valueRequired":true,"valueName":"search_term_string"}}],"inLanguage":"de"}]}},"_links":{"self":[{"href":"https:\/\/camping-terra-verdon.com\/de\/wp-json\/wp\/v2\/pages\/3202","targetHints":{"allow":["GET"]}}],"collection":[{"href":"https:\/\/camping-terra-verdon.com\/de\/wp-json\/wp\/v2\/pages"}],"about":[{"href":"https:\/\/camping-terra-verdon.com\/de\/wp-json\/wp\/v2\/types\/page"}],"author":[{"embeddable":true,"href":"https:\/\/camping-terra-verdon.com\/de\/wp-json\/wp\/v2\/users\/1"}],"replies":[{"embeddable":true,"href":"https:\/\/camping-terra-verdon.com\/de\/wp-json\/wp\/v2\/comments?post=3202"}],"version-history":[{"count":5,"href":"https:\/\/camping-terra-verdon.com\/de\/wp-json\/wp\/v2\/pages\/3202\/revisions"}],"predecessor-version":[{"id":4367,"href":"https:\/\/camping-terra-verdon.com\/de\/wp-json\/wp\/v2\/pages\/3202\/revisions\/4367"}],"up":[{"embeddable":true,"href":"https:\/\/camping-terra-verdon.com\/de\/wp-json\/wp\/v2\/pages\/3182"}],"wp:attachment":[{"href":"https:\/\/camping-terra-verdon.com\/de\/wp-json\/wp\/v2\/media?parent=3202"}],"curies":[{"name":"wp","href":"https:\/\/api.w.org\/{rel}","templated":true}]}}