{"id":3192,"date":"2021-04-08T16:04:36","date_gmt":"2021-04-08T14:04:36","guid":{"rendered":"https:\/\/camping-terra-verdon.com\/?page_id=3192"},"modified":"2021-04-22T11:21:23","modified_gmt":"2021-04-22T09:21:23","slug":"unterkunfte-mit-2-schlafzimmern","status":"publish","type":"page","link":"https:\/\/camping-terra-verdon.com\/de\/unterkunfte\/unterkunfte-mit-2-schlafzimmern\/","title":{"rendered":"Unterk\u00fcnfte mit 2 Schlafzimmern"},"content":{"rendered":"\n<p>Bei Ciela Village steht die Qualit\u00e4t der Unterk\u00fcnfte ganz oben auf der Priorit\u00e4tenliste. All unsere Mobilheime mit zwei Schlafzimmern verf\u00fcgen \u00fcber eine m\u00f6blierte Holzterrasse und befinden sich auf mit Hecken begrenzten Stellpl\u00e4tzen. Dadurch ist ein Aufenthalt in einer ruhigen und angenehmen Umgebung garantiert.<\/p>\n\n\n<div class=\"galerie-loc\">\n<div class=\" \" uk-slider=\"sets: true\">\n\n    \n    <div class=\"uk-position-relative uk-visible-toggle uk-margin\">\n\n        <ul class=\"uk-slider-items uk-grid uk-grid-match uk-child-width-1-1 uk-child-width-1-2@s uk-grid-small\">\n        \n            <li >\n\n                <div class=\"uk-panel uk-text-center\">\n\n                    \n                    \n                                        <div class=\"uk-text-center uk-margin uk-margin-remove-top\"><img decoding=\"async\" src=\"\/wp-content\/plugins\/widgetkit\/cache\/location-mobil-home-gorge-verdon-2-43bd318a9be96bcf6b22924bef96a82d.jpg\" class=\" uk-transition-scale-up uk-transition-opaque\" alt=\"img1\" width=\"600\" height=\"500\"><\/div>\n                    \n                    \n                        \n                        \n                        \n                        \n                        \n                        \n                        \n                    \n                <\/div>\n\n            <\/li>\n\n        \n            <li >\n\n                <div class=\"uk-panel uk-text-center\">\n\n                    \n                    \n                                        <div class=\"uk-text-center uk-margin uk-margin-remove-top\"><img decoding=\"async\" src=\"\/wp-content\/plugins\/widgetkit\/cache\/location-mobil-home-gorge-verdon-1-71b1717bec1331a425fa58ea886631c2.jpg\" class=\" uk-transition-scale-up uk-transition-opaque\" alt=\"img2\" width=\"600\" height=\"500\"><\/div>\n                    \n                    \n                        \n                        \n                        \n                        \n                        \n                        \n                        \n                    \n                <\/div>\n\n            <\/li>\n\n                <\/ul>\n\n        \n            \n                \n                    <a href=\"#\" class=\"uk-position-center-left uk-position-small uk-hidden-hover\" uk-slidenav-previous uk-slider-item=\"previous\"><\/a>\n                    <a href=\"#\" class=\"uk-position-center-right uk-position-small uk-hidden-hover\" uk-slidenav-next uk-slider-item=\"next\"><\/a>\n\n                \n            \n        \n    <\/div>\n\n    \n        <ul class=\"uk-slider-nav uk-dotnav uk-flex-center uk-margin-remove-bottom\"><\/ul>\n    \n    \n<\/div>\n<\/div>\n\n","protected":false},"excerpt":{"rendered":"<p>Bei Ciela Village steht die Qualit\u00e4t der Unterk\u00fcnfte ganz oben auf der Priorit\u00e4tenliste. All unsere Mobilheime mit zwei Schlafzimmern verf\u00fcgen \u00fcber eine m\u00f6blierte Holzterrasse und befinden sich auf mit Hecken begrenzten Stellpl\u00e4tzen. Dadurch ist ein Aufenthalt in einer ruhigen und angenehmen Umgebung garantiert.<\/p>\n","protected":false},"author":1,"featured_media":0,"parent":3182,"menu_order":10,"comment_status":"closed","ping_status":"closed","template":"","meta":{"_acf_changed":false,"footnotes":""},"class_list":["post-3192","page","type-page","status-publish","hentry"],"acf":[],"yoast_head":"<!-- This site is optimized with the Yoast SEO plugin v27.3 - https:\/\/yoast.com\/product\/yoast-seo-wordpress\/ -->\n<title>Mobilheim 2 Zimmer f\u00fcr 2 bis 5 Personen in der Verdon<\/title>\n<meta name=\"robots\" content=\"index, follow, max-snippet:-1, max-image-preview:large, max-video-preview:-1\" \/>\n<link rel=\"canonical\" href=\"https:\/\/camping-terra-verdon.com\/de\/unterkunfte\/unterkunfte-mit-2-schlafzimmern\/\" \/>\n<meta property=\"og:locale\" content=\"de_DE\" \/>\n<meta property=\"og:type\" content=\"article\" \/>\n<meta property=\"og:title\" content=\"Mobilheim 2 Zimmer f\u00fcr 2 bis 5 Personen in der Verdon\" \/>\n<meta property=\"og:description\" content=\"Bei Ciela Village steht die Qualit\u00e4t der Unterk\u00fcnfte ganz oben auf der Priorit\u00e4tenliste. All unsere Mobilheime mit zwei Schlafzimmern verf\u00fcgen \u00fcber eine m\u00f6blierte Holzterrasse und befinden sich auf mit Hecken begrenzten Stellpl\u00e4tzen. Dadurch ist ein Aufenthalt in einer ruhigen und angenehmen Umgebung garantiert.\" \/>\n<meta property=\"og:url\" content=\"https:\/\/camping-terra-verdon.com\/de\/unterkunfte\/unterkunfte-mit-2-schlafzimmern\/\" \/>\n<meta property=\"og:site_name\" content=\"Camping Terra Verdon\" \/>\n<meta property=\"article:modified_time\" content=\"2021-04-22T09:21:23+00:00\" \/>\n<meta name=\"twitter:card\" content=\"summary_large_image\" \/>\n<meta name=\"twitter:label1\" content=\"Gesch\u00e4tzte Lesezeit\" \/>\n\t<meta name=\"twitter:data1\" content=\"1\u00a0Minute\" \/>\n<script type=\"application\/ld+json\" class=\"yoast-schema-graph\">{\"@context\":\"https:\\\/\\\/schema.org\",\"@graph\":[{\"@type\":\"WebPage\",\"@id\":\"https:\\\/\\\/camping-terra-verdon.com\\\/de\\\/unterkunfte\\\/unterkunfte-mit-2-schlafzimmern\\\/\",\"url\":\"https:\\\/\\\/camping-terra-verdon.com\\\/de\\\/unterkunfte\\\/unterkunfte-mit-2-schlafzimmern\\\/\",\"name\":\"Mobilheim 2 Zimmer f\u00fcr 2 bis 5 Personen in der Verdon\",\"isPartOf\":{\"@id\":\"https:\\\/\\\/camping-terra-verdon.com\\\/de\\\/#website\"},\"datePublished\":\"2021-04-08T14:04:36+00:00\",\"dateModified\":\"2021-04-22T09:21:23+00:00\",\"breadcrumb\":{\"@id\":\"https:\\\/\\\/camping-terra-verdon.com\\\/de\\\/unterkunfte\\\/unterkunfte-mit-2-schlafzimmern\\\/#breadcrumb\"},\"inLanguage\":\"de\",\"potentialAction\":[{\"@type\":\"ReadAction\",\"target\":[\"https:\\\/\\\/camping-terra-verdon.com\\\/de\\\/unterkunfte\\\/unterkunfte-mit-2-schlafzimmern\\\/\"]}]},{\"@type\":\"BreadcrumbList\",\"@id\":\"https:\\\/\\\/camping-terra-verdon.com\\\/de\\\/unterkunfte\\\/unterkunfte-mit-2-schlafzimmern\\\/#breadcrumb\",\"itemListElement\":[{\"@type\":\"ListItem\",\"position\":1,\"name\":\"Camping Gorges du Verdon\",\"item\":\"https:\\\/\\\/camping-terra-verdon.com\\\/de\\\/\"},{\"@type\":\"ListItem\",\"position\":2,\"name\":\"Mobilheim in den Gorges du Verdon\",\"item\":\"https:\\\/\\\/camping-terra-verdon.com\\\/de\\\/unterkunfte\\\/\"},{\"@type\":\"ListItem\",\"position\":3,\"name\":\"Unterk\u00fcnfte mit 2 Schlafzimmern\"}]},{\"@type\":\"WebSite\",\"@id\":\"https:\\\/\\\/camping-terra-verdon.com\\\/de\\\/#website\",\"url\":\"https:\\\/\\\/camping-terra-verdon.com\\\/de\\\/\",\"name\":\"Camping Terra Verdon\",\"description\":\"Camping Terra Verdon\",\"potentialAction\":[{\"@type\":\"SearchAction\",\"target\":{\"@type\":\"EntryPoint\",\"urlTemplate\":\"https:\\\/\\\/camping-terra-verdon.com\\\/de\\\/?s={search_term_string}\"},\"query-input\":{\"@type\":\"PropertyValueSpecification\",\"valueRequired\":true,\"valueName\":\"search_term_string\"}}],\"inLanguage\":\"de\"}]}<\/script>\n<!-- \/ Yoast SEO plugin. -->","yoast_head_json":{"title":"Mobilheim 2 Zimmer f\u00fcr 2 bis 5 Personen in der Verdon","robots":{"index":"index","follow":"follow","max-snippet":"max-snippet:-1","max-image-preview":"max-image-preview:large","max-video-preview":"max-video-preview:-1"},"canonical":"https:\/\/camping-terra-verdon.com\/de\/unterkunfte\/unterkunfte-mit-2-schlafzimmern\/","og_locale":"de_DE","og_type":"article","og_title":"Mobilheim 2 Zimmer f\u00fcr 2 bis 5 Personen in der Verdon","og_description":"Bei Ciela Village steht die Qualit\u00e4t der Unterk\u00fcnfte ganz oben auf der Priorit\u00e4tenliste. All unsere Mobilheime mit zwei Schlafzimmern verf\u00fcgen \u00fcber eine m\u00f6blierte Holzterrasse und befinden sich auf mit Hecken begrenzten Stellpl\u00e4tzen. Dadurch ist ein Aufenthalt in einer ruhigen und angenehmen Umgebung garantiert.","og_url":"https:\/\/camping-terra-verdon.com\/de\/unterkunfte\/unterkunfte-mit-2-schlafzimmern\/","og_site_name":"Camping Terra Verdon","article_modified_time":"2021-04-22T09:21:23+00:00","twitter_card":"summary_large_image","twitter_misc":{"Gesch\u00e4tzte Lesezeit":"1\u00a0Minute"},"schema":{"@context":"https:\/\/schema.org","@graph":[{"@type":"WebPage","@id":"https:\/\/camping-terra-verdon.com\/de\/unterkunfte\/unterkunfte-mit-2-schlafzimmern\/","url":"https:\/\/camping-terra-verdon.com\/de\/unterkunfte\/unterkunfte-mit-2-schlafzimmern\/","name":"Mobilheim 2 Zimmer f\u00fcr 2 bis 5 Personen in der Verdon","isPartOf":{"@id":"https:\/\/camping-terra-verdon.com\/de\/#website"},"datePublished":"2021-04-08T14:04:36+00:00","dateModified":"2021-04-22T09:21:23+00:00","breadcrumb":{"@id":"https:\/\/camping-terra-verdon.com\/de\/unterkunfte\/unterkunfte-mit-2-schlafzimmern\/#breadcrumb"},"inLanguage":"de","potentialAction":[{"@type":"ReadAction","target":["https:\/\/camping-terra-verdon.com\/de\/unterkunfte\/unterkunfte-mit-2-schlafzimmern\/"]}]},{"@type":"BreadcrumbList","@id":"https:\/\/camping-terra-verdon.com\/de\/unterkunfte\/unterkunfte-mit-2-schlafzimmern\/#breadcrumb","itemListElement":[{"@type":"ListItem","position":1,"name":"Camping Gorges du Verdon","item":"https:\/\/camping-terra-verdon.com\/de\/"},{"@type":"ListItem","position":2,"name":"Mobilheim in den Gorges du Verdon","item":"https:\/\/camping-terra-verdon.com\/de\/unterkunfte\/"},{"@type":"ListItem","position":3,"name":"Unterk\u00fcnfte mit 2 Schlafzimmern"}]},{"@type":"WebSite","@id":"https:\/\/camping-terra-verdon.com\/de\/#website","url":"https:\/\/camping-terra-verdon.com\/de\/","name":"Camping Terra Verdon","description":"Camping Terra Verdon","potentialAction":[{"@type":"SearchAction","target":{"@type":"EntryPoint","urlTemplate":"https:\/\/camping-terra-verdon.com\/de\/?s={search_term_string}"},"query-input":{"@type":"PropertyValueSpecification","valueRequired":true,"valueName":"search_term_string"}}],"inLanguage":"de"}]}},"_links":{"self":[{"href":"https:\/\/camping-terra-verdon.com\/de\/wp-json\/wp\/v2\/pages\/3192","targetHints":{"allow":["GET"]}}],"collection":[{"href":"https:\/\/camping-terra-verdon.com\/de\/wp-json\/wp\/v2\/pages"}],"about":[{"href":"https:\/\/camping-terra-verdon.com\/de\/wp-json\/wp\/v2\/types\/page"}],"author":[{"embeddable":true,"href":"https:\/\/camping-terra-verdon.com\/de\/wp-json\/wp\/v2\/users\/1"}],"replies":[{"embeddable":true,"href":"https:\/\/camping-terra-verdon.com\/de\/wp-json\/wp\/v2\/comments?post=3192"}],"version-history":[{"count":3,"href":"https:\/\/camping-terra-verdon.com\/de\/wp-json\/wp\/v2\/pages\/3192\/revisions"}],"predecessor-version":[{"id":4144,"href":"https:\/\/camping-terra-verdon.com\/de\/wp-json\/wp\/v2\/pages\/3192\/revisions\/4144"}],"up":[{"embeddable":true,"href":"https:\/\/camping-terra-verdon.com\/de\/wp-json\/wp\/v2\/pages\/3182"}],"wp:attachment":[{"href":"https:\/\/camping-terra-verdon.com\/de\/wp-json\/wp\/v2\/media?parent=3192"}],"curies":[{"name":"wp","href":"https:\/\/api.w.org\/{rel}","templated":true}]}}