{"id":3163,"date":"2021-04-08T13:53:34","date_gmt":"2021-04-08T11:53:34","guid":{"rendered":"https:\/\/camping-terra-verdon.com\/?page_id=3163"},"modified":"2021-04-22T11:21:44","modified_gmt":"2021-04-22T09:21:44","slug":"ciela-nature-ein-bequemer-zeltbungalow","status":"publish","type":"page","link":"https:\/\/camping-terra-verdon.com\/de\/unterkunfte\/ciela-nature-ein-bequemer-zeltbungalow\/","title":{"rendered":"Mobilheim Ciela Natur Verdon"},"content":{"rendered":"<div class=\"galerie-loc\">\n\n    <div id=\"wk-grid4bc\" class=\"uk-child-width-1-1 uk-child-width-1-2@s uk-child-width-1-4@m uk-child-width-1-4@l uk-child-width-1-4@xl uk-grid-small uk-grid-match \" uk-height-match=\"target: &gt; div &gt; .uk-panel, &gt; div &gt; .uk-card; row: true\" uk-grid  uk-scrollspy=\"cls: uk-animation-fade; target: &gt; div &gt; .uk-panel, &gt; div &gt; .uk-card; delay: 200\" >\n\n            \n        <div>\n        \n<div class=\"uk-panel\">\n\n    \n        <div class=\"uk-inline-clip uk-transition-toggle \">\n\n            <img decoding=\"async\" src=\"\/wp-content\/plugins\/widgetkit\/cache\/camping-terraverdon-ciela-nature-lodge-2ch-3-775edd4a1e1d423e067a5495c94404f2.jpg\" class=\"uk-transition-scale-up uk-transition-opaque\" alt=\"img3\" width=\"300\" height=\"300\">\n            \n            \n            \n                                        \n        <\/div>\n\n    \n    \n        \n        \n    \n    \n<\/div>\n        <\/div>\n\n                    \n        <div>\n        \n<div class=\"uk-panel\">\n\n    \n        <div class=\"uk-inline-clip uk-transition-toggle \">\n\n            <img decoding=\"async\" src=\"\/wp-content\/plugins\/widgetkit\/cache\/camping-terraverdon-ciela-nature-lodge-2ch-2-c75aa5fff780372d6519b7919528bd5f.jpg\" class=\"uk-transition-scale-up uk-transition-opaque\" alt=\"img2\" width=\"300\" height=\"300\">\n            \n            \n            \n                                        \n        <\/div>\n\n    \n    \n        \n        \n    \n    \n<\/div>\n        <\/div>\n\n                    \n        <div>\n        \n<div class=\"uk-panel\">\n\n    \n        <div class=\"uk-inline-clip uk-transition-toggle \">\n\n            <img decoding=\"async\" src=\"\/wp-content\/plugins\/widgetkit\/cache\/camping-terraverdon-ciela-nature-lodge-2ch-f2d3c7c783a8c1e0b977be82b8561329.jpg\" class=\"uk-transition-scale-up uk-transition-opaque\" alt=\"img4\" width=\"300\" height=\"300\">\n            \n            \n            \n                                        \n        <\/div>\n\n    \n    \n        \n        \n    \n    \n<\/div>\n        <\/div>\n\n                    \n        <div>\n        \n<div class=\"uk-panel\">\n\n    \n        <div class=\"uk-inline-clip uk-transition-toggle \">\n\n            <img decoding=\"async\" src=\"\/wp-content\/plugins\/widgetkit\/cache\/camping-terraverdon-ciela-nature-lodge-2ch-1-638abb2ca6cdbcd75ccb91662a5cf86c.jpg\" class=\"uk-transition-scale-up uk-transition-opaque\" alt=\"img1\" width=\"300\" height=\"300\">\n            \n            \n            \n                                        \n        <\/div>\n\n    \n    \n        \n        \n    \n    \n<\/div>\n        <\/div>\n\n            \n    <\/div>\n\n\n\n<script>\n\n    (function(UIkit){\n\n        var $ = UIkit.util;\n\n        $.ready(function () {\n            if (!$.$('.uk-gallery-container')) {\n                $.append(document.body, '<div class=\"uk-scope uk-gallery-container\">');\n            }\n        });\n\n    })(window.UIkitwk || window.UIkit);\n\n<\/script>\n<\/div>\n\n\n<p>F\u00fcr Sie bedeutet Urlaub, mal etwas Anderes zu sehen? Dann entdecken Sie unsere Safarizelte aus Holz und Stoff. Wenn Ihre Kinder gerne einen Abenteuerurlaub erleben, Sie aber nicht auf Komfort verzichten m\u00f6chten, ist das genau das Richtige f\u00fcr Sie! Sie befinden sich mitten in der Natur, verf\u00fcgen aber \u00fcber eine gut ausgestattete K\u00fcche, ein Badezimmer und ein Wohnzimmer, das auf eine geschmackvoll eingerichtete Terrasse f\u00fchrt, auf der Sie am Abend an Ihre fantastischen Wanderungen zur\u00fcckdenken k\u00f6nnen. Der Zeltbungalow ist mit qualitativ hochwertigen Holzm\u00f6beln ausgestattet.<\/p>\n\n\n","protected":false},"excerpt":{"rendered":"<p>F\u00fcr Sie bedeutet Urlaub, mal etwas Anderes zu sehen? Dann entdecken Sie unsere Safarizelte aus Holz und Stoff. Wenn Ihre Kinder gerne einen Abenteuerurlaub erleben, Sie aber nicht auf Komfort verzichten m\u00f6chten, ist das genau das Richtige f\u00fcr Sie! Sie befinden sich mitten in der Natur, verf\u00fcgen aber \u00fcber eine gut ausgestattete K\u00fcche, ein Badezimmer [&hellip;]<\/p>\n","protected":false},"author":1,"featured_media":0,"parent":3182,"menu_order":14,"comment_status":"closed","ping_status":"closed","template":"","meta":{"_acf_changed":false,"footnotes":""},"class_list":["post-3163","page","type-page","status-publish","hentry"],"acf":[],"yoast_head":"<!-- This site is optimized with the Yoast SEO plugin v27.3 - https:\/\/yoast.com\/product\/yoast-seo-wordpress\/ -->\n<title>Die Mieten Mobilheime reichen Ciela Natur Terra Verdon<\/title>\n<meta name=\"robots\" content=\"index, follow, max-snippet:-1, max-image-preview:large, max-video-preview:-1\" \/>\n<link rel=\"canonical\" href=\"https:\/\/camping-terra-verdon.com\/de\/unterkunfte\/ciela-nature-ein-bequemer-zeltbungalow\/\" \/>\n<meta property=\"og:locale\" content=\"de_DE\" \/>\n<meta property=\"og:type\" content=\"article\" \/>\n<meta property=\"og:title\" content=\"Die Mieten Mobilheime reichen Ciela Natur Terra Verdon\" \/>\n<meta property=\"og:description\" content=\"F\u00fcr Sie bedeutet Urlaub, mal etwas Anderes zu sehen? Dann entdecken Sie unsere Safarizelte aus Holz und Stoff. Wenn Ihre Kinder gerne einen Abenteuerurlaub erleben, Sie aber nicht auf Komfort verzichten m\u00f6chten, ist das genau das Richtige f\u00fcr Sie! Sie befinden sich mitten in der Natur, verf\u00fcgen aber \u00fcber eine gut ausgestattete K\u00fcche, ein Badezimmer [&hellip;]\" \/>\n<meta property=\"og:url\" content=\"https:\/\/camping-terra-verdon.com\/de\/unterkunfte\/ciela-nature-ein-bequemer-zeltbungalow\/\" \/>\n<meta property=\"og:site_name\" content=\"Camping Terra Verdon\" \/>\n<meta property=\"article:modified_time\" content=\"2021-04-22T09:21:44+00:00\" \/>\n<meta name=\"twitter:card\" content=\"summary_large_image\" \/>\n<meta name=\"twitter:label1\" content=\"Gesch\u00e4tzte Lesezeit\" \/>\n\t<meta name=\"twitter:data1\" content=\"1\u00a0Minute\" \/>\n<script type=\"application\/ld+json\" class=\"yoast-schema-graph\">{\"@context\":\"https:\\\/\\\/schema.org\",\"@graph\":[{\"@type\":\"WebPage\",\"@id\":\"https:\\\/\\\/camping-terra-verdon.com\\\/de\\\/unterkunfte\\\/ciela-nature-ein-bequemer-zeltbungalow\\\/\",\"url\":\"https:\\\/\\\/camping-terra-verdon.com\\\/de\\\/unterkunfte\\\/ciela-nature-ein-bequemer-zeltbungalow\\\/\",\"name\":\"Die Mieten Mobilheime reichen Ciela Natur Terra Verdon\",\"isPartOf\":{\"@id\":\"https:\\\/\\\/camping-terra-verdon.com\\\/de\\\/#website\"},\"datePublished\":\"2021-04-08T11:53:34+00:00\",\"dateModified\":\"2021-04-22T09:21:44+00:00\",\"breadcrumb\":{\"@id\":\"https:\\\/\\\/camping-terra-verdon.com\\\/de\\\/unterkunfte\\\/ciela-nature-ein-bequemer-zeltbungalow\\\/#breadcrumb\"},\"inLanguage\":\"de\",\"potentialAction\":[{\"@type\":\"ReadAction\",\"target\":[\"https:\\\/\\\/camping-terra-verdon.com\\\/de\\\/unterkunfte\\\/ciela-nature-ein-bequemer-zeltbungalow\\\/\"]}]},{\"@type\":\"BreadcrumbList\",\"@id\":\"https:\\\/\\\/camping-terra-verdon.com\\\/de\\\/unterkunfte\\\/ciela-nature-ein-bequemer-zeltbungalow\\\/#breadcrumb\",\"itemListElement\":[{\"@type\":\"ListItem\",\"position\":1,\"name\":\"Camping Gorges du Verdon\",\"item\":\"https:\\\/\\\/camping-terra-verdon.com\\\/de\\\/\"},{\"@type\":\"ListItem\",\"position\":2,\"name\":\"Mobilheim in den Gorges du Verdon\",\"item\":\"https:\\\/\\\/camping-terra-verdon.com\\\/de\\\/unterkunfte\\\/\"},{\"@type\":\"ListItem\",\"position\":3,\"name\":\"Mobilheim Ciela Natur Verdon\"}]},{\"@type\":\"WebSite\",\"@id\":\"https:\\\/\\\/camping-terra-verdon.com\\\/de\\\/#website\",\"url\":\"https:\\\/\\\/camping-terra-verdon.com\\\/de\\\/\",\"name\":\"Camping Terra Verdon\",\"description\":\"Camping Terra Verdon\",\"potentialAction\":[{\"@type\":\"SearchAction\",\"target\":{\"@type\":\"EntryPoint\",\"urlTemplate\":\"https:\\\/\\\/camping-terra-verdon.com\\\/de\\\/?s={search_term_string}\"},\"query-input\":{\"@type\":\"PropertyValueSpecification\",\"valueRequired\":true,\"valueName\":\"search_term_string\"}}],\"inLanguage\":\"de\"}]}<\/script>\n<!-- \/ Yoast SEO plugin. -->","yoast_head_json":{"title":"Die Mieten Mobilheime reichen Ciela Natur Terra Verdon","robots":{"index":"index","follow":"follow","max-snippet":"max-snippet:-1","max-image-preview":"max-image-preview:large","max-video-preview":"max-video-preview:-1"},"canonical":"https:\/\/camping-terra-verdon.com\/de\/unterkunfte\/ciela-nature-ein-bequemer-zeltbungalow\/","og_locale":"de_DE","og_type":"article","og_title":"Die Mieten Mobilheime reichen Ciela Natur Terra Verdon","og_description":"F\u00fcr Sie bedeutet Urlaub, mal etwas Anderes zu sehen? Dann entdecken Sie unsere Safarizelte aus Holz und Stoff. Wenn Ihre Kinder gerne einen Abenteuerurlaub erleben, Sie aber nicht auf Komfort verzichten m\u00f6chten, ist das genau das Richtige f\u00fcr Sie! Sie befinden sich mitten in der Natur, verf\u00fcgen aber \u00fcber eine gut ausgestattete K\u00fcche, ein Badezimmer [&hellip;]","og_url":"https:\/\/camping-terra-verdon.com\/de\/unterkunfte\/ciela-nature-ein-bequemer-zeltbungalow\/","og_site_name":"Camping Terra Verdon","article_modified_time":"2021-04-22T09:21:44+00:00","twitter_card":"summary_large_image","twitter_misc":{"Gesch\u00e4tzte Lesezeit":"1\u00a0Minute"},"schema":{"@context":"https:\/\/schema.org","@graph":[{"@type":"WebPage","@id":"https:\/\/camping-terra-verdon.com\/de\/unterkunfte\/ciela-nature-ein-bequemer-zeltbungalow\/","url":"https:\/\/camping-terra-verdon.com\/de\/unterkunfte\/ciela-nature-ein-bequemer-zeltbungalow\/","name":"Die Mieten Mobilheime reichen Ciela Natur Terra Verdon","isPartOf":{"@id":"https:\/\/camping-terra-verdon.com\/de\/#website"},"datePublished":"2021-04-08T11:53:34+00:00","dateModified":"2021-04-22T09:21:44+00:00","breadcrumb":{"@id":"https:\/\/camping-terra-verdon.com\/de\/unterkunfte\/ciela-nature-ein-bequemer-zeltbungalow\/#breadcrumb"},"inLanguage":"de","potentialAction":[{"@type":"ReadAction","target":["https:\/\/camping-terra-verdon.com\/de\/unterkunfte\/ciela-nature-ein-bequemer-zeltbungalow\/"]}]},{"@type":"BreadcrumbList","@id":"https:\/\/camping-terra-verdon.com\/de\/unterkunfte\/ciela-nature-ein-bequemer-zeltbungalow\/#breadcrumb","itemListElement":[{"@type":"ListItem","position":1,"name":"Camping Gorges du Verdon","item":"https:\/\/camping-terra-verdon.com\/de\/"},{"@type":"ListItem","position":2,"name":"Mobilheim in den Gorges du Verdon","item":"https:\/\/camping-terra-verdon.com\/de\/unterkunfte\/"},{"@type":"ListItem","position":3,"name":"Mobilheim Ciela Natur Verdon"}]},{"@type":"WebSite","@id":"https:\/\/camping-terra-verdon.com\/de\/#website","url":"https:\/\/camping-terra-verdon.com\/de\/","name":"Camping Terra Verdon","description":"Camping Terra Verdon","potentialAction":[{"@type":"SearchAction","target":{"@type":"EntryPoint","urlTemplate":"https:\/\/camping-terra-verdon.com\/de\/?s={search_term_string}"},"query-input":{"@type":"PropertyValueSpecification","valueRequired":true,"valueName":"search_term_string"}}],"inLanguage":"de"}]}},"_links":{"self":[{"href":"https:\/\/camping-terra-verdon.com\/de\/wp-json\/wp\/v2\/pages\/3163","targetHints":{"allow":["GET"]}}],"collection":[{"href":"https:\/\/camping-terra-verdon.com\/de\/wp-json\/wp\/v2\/pages"}],"about":[{"href":"https:\/\/camping-terra-verdon.com\/de\/wp-json\/wp\/v2\/types\/page"}],"author":[{"embeddable":true,"href":"https:\/\/camping-terra-verdon.com\/de\/wp-json\/wp\/v2\/users\/1"}],"replies":[{"embeddable":true,"href":"https:\/\/camping-terra-verdon.com\/de\/wp-json\/wp\/v2\/comments?post=3163"}],"version-history":[{"count":2,"href":"https:\/\/camping-terra-verdon.com\/de\/wp-json\/wp\/v2\/pages\/3163\/revisions"}],"predecessor-version":[{"id":4148,"href":"https:\/\/camping-terra-verdon.com\/de\/wp-json\/wp\/v2\/pages\/3163\/revisions\/4148"}],"up":[{"embeddable":true,"href":"https:\/\/camping-terra-verdon.com\/de\/wp-json\/wp\/v2\/pages\/3182"}],"wp:attachment":[{"href":"https:\/\/camping-terra-verdon.com\/de\/wp-json\/wp\/v2\/media?parent=3163"}],"curies":[{"name":"wp","href":"https:\/\/api.w.org\/{rel}","templated":true}]}}