{"id":3154,"date":"2021-04-08T13:49:41","date_gmt":"2021-04-08T11:49:41","guid":{"rendered":"https:\/\/camping-terra-verdon.com\/?page_id=3154"},"modified":"2021-04-08T13:49:41","modified_gmt":"2021-04-08T11:49:41","slug":"ciela-family-fur-einen-urlaub-mit-der-familie","status":"publish","type":"page","link":"https:\/\/camping-terra-verdon.com\/de\/unterkunfte\/ciela-family-fur-einen-urlaub-mit-der-familie\/","title":{"rendered":"Mobilheim Ciela Verdon Familie"},"content":{"rendered":"\n<p>Die bequemen und preiswerten Ciela Family-Mobilheime wurden speziell f\u00fcr einen Urlaub mit der Familie entwickelt. Die \u00e4u\u00dferst funktional gestaltete, gut ausgestattete K\u00fcche sowie das Wohnzimmer mit Sofa f\u00fchren auf eine gro\u00dfe, sch\u00f6n gestaltete Terrasse, wo Sie Ihre Abende voll genie\u00dfen k\u00f6nnen. Mit zwei oder drei Schlafzimmern f\u00fcr die ganze Familie!<\/p>\n\n\n","protected":false},"excerpt":{"rendered":"<p>Die bequemen und preiswerten Ciela Family-Mobilheime wurden speziell f\u00fcr einen Urlaub mit der Familie entwickelt. Die \u00e4u\u00dferst funktional gestaltete, gut ausgestattete K\u00fcche sowie das Wohnzimmer mit Sofa f\u00fchren auf eine gro\u00dfe, sch\u00f6n gestaltete Terrasse, wo Sie Ihre Abende voll genie\u00dfen k\u00f6nnen. Mit zwei oder drei Schlafzimmern f\u00fcr die ganze Familie!<\/p>\n","protected":false},"author":1,"featured_media":0,"parent":3182,"menu_order":34,"comment_status":"closed","ping_status":"closed","template":"","meta":{"_acf_changed":false,"footnotes":""},"class_list":["post-3154","page","type-page","status-publish","hentry"],"acf":[],"yoast_head":"<!-- This site is optimized with the Yoast SEO plugin v27.3 - https:\/\/yoast.com\/product\/yoast-seo-wordpress\/ -->\n<title>Die Mieten Mobilheime reichen Ciela Familie Terra Verdon<\/title>\n<meta name=\"robots\" content=\"index, follow, max-snippet:-1, max-image-preview:large, max-video-preview:-1\" \/>\n<link rel=\"canonical\" href=\"https:\/\/camping-terra-verdon.com\/de\/unterkunfte\/ciela-family-fur-einen-urlaub-mit-der-familie\/\" \/>\n<meta property=\"og:locale\" content=\"de_DE\" \/>\n<meta property=\"og:type\" content=\"article\" \/>\n<meta property=\"og:title\" content=\"Die Mieten Mobilheime reichen Ciela Familie Terra Verdon\" \/>\n<meta property=\"og:description\" content=\"Die bequemen und preiswerten Ciela Family-Mobilheime wurden speziell f\u00fcr einen Urlaub mit der Familie entwickelt. Die \u00e4u\u00dferst funktional gestaltete, gut ausgestattete K\u00fcche sowie das Wohnzimmer mit Sofa f\u00fchren auf eine gro\u00dfe, sch\u00f6n gestaltete Terrasse, wo Sie Ihre Abende voll genie\u00dfen k\u00f6nnen. Mit zwei oder drei Schlafzimmern f\u00fcr die ganze Familie!\" \/>\n<meta property=\"og:url\" content=\"https:\/\/camping-terra-verdon.com\/de\/unterkunfte\/ciela-family-fur-einen-urlaub-mit-der-familie\/\" \/>\n<meta property=\"og:site_name\" content=\"Camping Terra Verdon\" \/>\n<meta name=\"twitter:card\" content=\"summary_large_image\" \/>\n<meta name=\"twitter:label1\" content=\"Gesch\u00e4tzte Lesezeit\" \/>\n\t<meta name=\"twitter:data1\" content=\"1\u00a0Minute\" \/>\n<script type=\"application\/ld+json\" class=\"yoast-schema-graph\">{\"@context\":\"https:\\\/\\\/schema.org\",\"@graph\":[{\"@type\":\"WebPage\",\"@id\":\"https:\\\/\\\/camping-terra-verdon.com\\\/de\\\/unterkunfte\\\/ciela-family-fur-einen-urlaub-mit-der-familie\\\/\",\"url\":\"https:\\\/\\\/camping-terra-verdon.com\\\/de\\\/unterkunfte\\\/ciela-family-fur-einen-urlaub-mit-der-familie\\\/\",\"name\":\"Die Mieten Mobilheime reichen Ciela Familie Terra Verdon\",\"isPartOf\":{\"@id\":\"https:\\\/\\\/camping-terra-verdon.com\\\/de\\\/#website\"},\"datePublished\":\"2021-04-08T11:49:41+00:00\",\"breadcrumb\":{\"@id\":\"https:\\\/\\\/camping-terra-verdon.com\\\/de\\\/unterkunfte\\\/ciela-family-fur-einen-urlaub-mit-der-familie\\\/#breadcrumb\"},\"inLanguage\":\"de\",\"potentialAction\":[{\"@type\":\"ReadAction\",\"target\":[\"https:\\\/\\\/camping-terra-verdon.com\\\/de\\\/unterkunfte\\\/ciela-family-fur-einen-urlaub-mit-der-familie\\\/\"]}]},{\"@type\":\"BreadcrumbList\",\"@id\":\"https:\\\/\\\/camping-terra-verdon.com\\\/de\\\/unterkunfte\\\/ciela-family-fur-einen-urlaub-mit-der-familie\\\/#breadcrumb\",\"itemListElement\":[{\"@type\":\"ListItem\",\"position\":1,\"name\":\"Camping Gorges du Verdon\",\"item\":\"https:\\\/\\\/camping-terra-verdon.com\\\/de\\\/\"},{\"@type\":\"ListItem\",\"position\":2,\"name\":\"Mobilheim in den Gorges du Verdon\",\"item\":\"https:\\\/\\\/camping-terra-verdon.com\\\/de\\\/unterkunfte\\\/\"},{\"@type\":\"ListItem\",\"position\":3,\"name\":\"Mobilheim Ciela Verdon Familie\"}]},{\"@type\":\"WebSite\",\"@id\":\"https:\\\/\\\/camping-terra-verdon.com\\\/de\\\/#website\",\"url\":\"https:\\\/\\\/camping-terra-verdon.com\\\/de\\\/\",\"name\":\"Camping Terra Verdon\",\"description\":\"Camping Terra Verdon\",\"potentialAction\":[{\"@type\":\"SearchAction\",\"target\":{\"@type\":\"EntryPoint\",\"urlTemplate\":\"https:\\\/\\\/camping-terra-verdon.com\\\/de\\\/?s={search_term_string}\"},\"query-input\":{\"@type\":\"PropertyValueSpecification\",\"valueRequired\":true,\"valueName\":\"search_term_string\"}}],\"inLanguage\":\"de\"}]}<\/script>\n<!-- \/ Yoast SEO plugin. -->","yoast_head_json":{"title":"Die Mieten Mobilheime reichen Ciela Familie Terra Verdon","robots":{"index":"index","follow":"follow","max-snippet":"max-snippet:-1","max-image-preview":"max-image-preview:large","max-video-preview":"max-video-preview:-1"},"canonical":"https:\/\/camping-terra-verdon.com\/de\/unterkunfte\/ciela-family-fur-einen-urlaub-mit-der-familie\/","og_locale":"de_DE","og_type":"article","og_title":"Die Mieten Mobilheime reichen Ciela Familie Terra Verdon","og_description":"Die bequemen und preiswerten Ciela Family-Mobilheime wurden speziell f\u00fcr einen Urlaub mit der Familie entwickelt. Die \u00e4u\u00dferst funktional gestaltete, gut ausgestattete K\u00fcche sowie das Wohnzimmer mit Sofa f\u00fchren auf eine gro\u00dfe, sch\u00f6n gestaltete Terrasse, wo Sie Ihre Abende voll genie\u00dfen k\u00f6nnen. Mit zwei oder drei Schlafzimmern f\u00fcr die ganze Familie!","og_url":"https:\/\/camping-terra-verdon.com\/de\/unterkunfte\/ciela-family-fur-einen-urlaub-mit-der-familie\/","og_site_name":"Camping Terra Verdon","twitter_card":"summary_large_image","twitter_misc":{"Gesch\u00e4tzte Lesezeit":"1\u00a0Minute"},"schema":{"@context":"https:\/\/schema.org","@graph":[{"@type":"WebPage","@id":"https:\/\/camping-terra-verdon.com\/de\/unterkunfte\/ciela-family-fur-einen-urlaub-mit-der-familie\/","url":"https:\/\/camping-terra-verdon.com\/de\/unterkunfte\/ciela-family-fur-einen-urlaub-mit-der-familie\/","name":"Die Mieten Mobilheime reichen Ciela Familie Terra Verdon","isPartOf":{"@id":"https:\/\/camping-terra-verdon.com\/de\/#website"},"datePublished":"2021-04-08T11:49:41+00:00","breadcrumb":{"@id":"https:\/\/camping-terra-verdon.com\/de\/unterkunfte\/ciela-family-fur-einen-urlaub-mit-der-familie\/#breadcrumb"},"inLanguage":"de","potentialAction":[{"@type":"ReadAction","target":["https:\/\/camping-terra-verdon.com\/de\/unterkunfte\/ciela-family-fur-einen-urlaub-mit-der-familie\/"]}]},{"@type":"BreadcrumbList","@id":"https:\/\/camping-terra-verdon.com\/de\/unterkunfte\/ciela-family-fur-einen-urlaub-mit-der-familie\/#breadcrumb","itemListElement":[{"@type":"ListItem","position":1,"name":"Camping Gorges du Verdon","item":"https:\/\/camping-terra-verdon.com\/de\/"},{"@type":"ListItem","position":2,"name":"Mobilheim in den Gorges du Verdon","item":"https:\/\/camping-terra-verdon.com\/de\/unterkunfte\/"},{"@type":"ListItem","position":3,"name":"Mobilheim Ciela Verdon Familie"}]},{"@type":"WebSite","@id":"https:\/\/camping-terra-verdon.com\/de\/#website","url":"https:\/\/camping-terra-verdon.com\/de\/","name":"Camping Terra Verdon","description":"Camping Terra Verdon","potentialAction":[{"@type":"SearchAction","target":{"@type":"EntryPoint","urlTemplate":"https:\/\/camping-terra-verdon.com\/de\/?s={search_term_string}"},"query-input":{"@type":"PropertyValueSpecification","valueRequired":true,"valueName":"search_term_string"}}],"inLanguage":"de"}]}},"_links":{"self":[{"href":"https:\/\/camping-terra-verdon.com\/de\/wp-json\/wp\/v2\/pages\/3154","targetHints":{"allow":["GET"]}}],"collection":[{"href":"https:\/\/camping-terra-verdon.com\/de\/wp-json\/wp\/v2\/pages"}],"about":[{"href":"https:\/\/camping-terra-verdon.com\/de\/wp-json\/wp\/v2\/types\/page"}],"author":[{"embeddable":true,"href":"https:\/\/camping-terra-verdon.com\/de\/wp-json\/wp\/v2\/users\/1"}],"replies":[{"embeddable":true,"href":"https:\/\/camping-terra-verdon.com\/de\/wp-json\/wp\/v2\/comments?post=3154"}],"version-history":[{"count":1,"href":"https:\/\/camping-terra-verdon.com\/de\/wp-json\/wp\/v2\/pages\/3154\/revisions"}],"predecessor-version":[{"id":3155,"href":"https:\/\/camping-terra-verdon.com\/de\/wp-json\/wp\/v2\/pages\/3154\/revisions\/3155"}],"up":[{"embeddable":true,"href":"https:\/\/camping-terra-verdon.com\/de\/wp-json\/wp\/v2\/pages\/3182"}],"wp:attachment":[{"href":"https:\/\/camping-terra-verdon.com\/de\/wp-json\/wp\/v2\/media?parent=3154"}],"curies":[{"name":"wp","href":"https:\/\/api.w.org\/{rel}","templated":true}]}}