{"id":3145,"date":"2021-04-08T13:45:49","date_gmt":"2021-04-08T11:45:49","guid":{"rendered":"https:\/\/camping-terra-verdon.com\/?page_id=3145"},"modified":"2021-04-22T11:22:19","modified_gmt":"2021-04-22T09:22:19","slug":"ciela-confort-fur-einen-4-sterne-aufenthalt","status":"publish","type":"page","link":"https:\/\/camping-terra-verdon.com\/de\/unterkunfte\/ciela-confort-fur-einen-4-sterne-aufenthalt\/","title":{"rendered":"Mobilheim Comfort Ciela Verdon"},"content":{"rendered":"<div class=\"galerie-loc\">\n<div class=\" \" uk-slider=\"sets: true\">\n\n    \n    <div class=\"uk-position-relative uk-visible-toggle uk-margin\">\n\n        <ul class=\"uk-slider-items uk-grid uk-grid-match uk-child-width-1-1 uk-child-width-1-2@s uk-child-width-1-4@m uk-grid-small\">\n        \n            <li >\n\n                <div class=\"uk-panel uk-text-center\">\n\n                    \n                    \n                                        <div class=\"uk-text-center uk-margin uk-margin-remove-top\"><img decoding=\"async\" src=\"\/wp-content\/uploads\/2021\/04\/camping-terraverdon-ciela-confort-2ch-1.jpg\" class=\" uk-transition-scale-up uk-transition-opaque\" alt=\"img1\"><\/div>\n                    \n                    \n                        \n                        \n                        \n                        \n                        \n                        \n                        \n                    \n                <\/div>\n\n            <\/li>\n\n        \n            <li >\n\n                <div class=\"uk-panel uk-text-center\">\n\n                    \n                    \n                                        <div class=\"uk-text-center uk-margin uk-margin-remove-top\"><img decoding=\"async\" src=\"\/wp-content\/uploads\/2021\/04\/camping-terraverdon-ciela-confort-bay-2-ch-1.jpg\" class=\" uk-transition-scale-up uk-transition-opaque\" alt=\"img3\"><\/div>\n                    \n                    \n                        \n                        \n                        \n                        \n                        \n                        \n                        \n                    \n                <\/div>\n\n            <\/li>\n\n        \n            <li >\n\n                <div class=\"uk-panel uk-text-center\">\n\n                    \n                    \n                                        <div class=\"uk-text-center uk-margin uk-margin-remove-top\"><img decoding=\"async\" src=\"\/wp-content\/uploads\/2021\/04\/camping-terraverdon-ciela-confort-2ch.jpg\" class=\" uk-transition-scale-up uk-transition-opaque\" alt=\"img2\"><\/div>\n                    \n                    \n                        \n                        \n                        \n                        \n                        \n                        \n                        \n                    \n                <\/div>\n\n            <\/li>\n\n        \n            <li >\n\n                <div class=\"uk-panel uk-text-center\">\n\n                    \n                    \n                                        <div class=\"uk-text-center uk-margin uk-margin-remove-top\"><img decoding=\"async\" src=\"\/wp-content\/uploads\/2021\/04\/camping-terraverdon-ciela-confort-bay-2-ch-3.jpg\" class=\" uk-transition-scale-up uk-transition-opaque\" alt=\"img4\"><\/div>\n                    \n                    \n                        \n                        \n                        \n                        \n                        \n                        \n                        \n                    \n                <\/div>\n\n            <\/li>\n\n                <\/ul>\n\n        \n            \n                \n                    <a href=\"#\" class=\"uk-position-center-left uk-position-small uk-hidden-hover\" uk-slidenav-previous uk-slider-item=\"previous\"><\/a>\n                    <a href=\"#\" class=\"uk-position-center-right uk-position-small uk-hidden-hover\" uk-slidenav-next uk-slider-item=\"next\"><\/a>\n\n                \n            \n        \n    <\/div>\n\n    \n        <ul class=\"uk-slider-nav uk-dotnav uk-flex-center uk-margin-remove-bottom\"><\/ul>\n    \n    \n<\/div>\n<\/div>\n\n\n<p>Ciela Confort ist ein modernes, geschmackvoll eingerichtetes Mobilheim, das \u00fcber eine ger\u00e4umige, sch\u00f6ne Terrasse verf\u00fcgt, auf der Sie viel Zeit im Freien verbringen k\u00f6nnen. Die voll ausgestattete K\u00fcche ist mit dem Wohnzimmer verbunden, wo Sie Ihre Freunde empfangen k\u00f6nnen. Sie haben auch eine Klimaanlage und einen Fernseher. Der Schlafbereich ist vom Wohnbereich getrennt und umfasst zwei oder drei bequeme Zimmer. Ciela Confort-Mobilheime bieten Ihnen einen 4 Sterne Aufenthalt, bei dem nichts dem Zufall \u00fcberlassen wird.<\/p>\n\n\n","protected":false},"excerpt":{"rendered":"<p>Ciela Confort ist ein modernes, geschmackvoll eingerichtetes Mobilheim, das \u00fcber eine ger\u00e4umige, sch\u00f6ne Terrasse verf\u00fcgt, auf der Sie viel Zeit im Freien verbringen k\u00f6nnen. Die voll ausgestattete K\u00fcche ist mit dem Wohnzimmer verbunden, wo Sie Ihre Freunde empfangen k\u00f6nnen. Sie haben auch eine Klimaanlage und einen Fernseher. Der Schlafbereich ist vom Wohnbereich getrennt und umfasst [&hellip;]<\/p>\n","protected":false},"author":1,"featured_media":0,"parent":3182,"menu_order":35,"comment_status":"closed","ping_status":"closed","template":"","meta":{"_acf_changed":false,"footnotes":""},"class_list":["post-3145","page","type-page","status-publish","hentry"],"acf":[],"yoast_head":"<!-- This site is optimized with the Yoast SEO plugin v27.3 - https:\/\/yoast.com\/product\/yoast-seo-wordpress\/ -->\n<title>Die Mieten Mobilheime reichen Ciela Comfort Terra Verdon<\/title>\n<meta name=\"robots\" content=\"index, follow, max-snippet:-1, max-image-preview:large, max-video-preview:-1\" \/>\n<link rel=\"canonical\" href=\"https:\/\/camping-terra-verdon.com\/de\/unterkunfte\/ciela-confort-fur-einen-4-sterne-aufenthalt\/\" \/>\n<meta property=\"og:locale\" content=\"de_DE\" \/>\n<meta property=\"og:type\" content=\"article\" \/>\n<meta property=\"og:title\" content=\"Die Mieten Mobilheime reichen Ciela Comfort Terra Verdon\" \/>\n<meta property=\"og:description\" content=\"Ciela Confort ist ein modernes, geschmackvoll eingerichtetes Mobilheim, das \u00fcber eine ger\u00e4umige, sch\u00f6ne Terrasse verf\u00fcgt, auf der Sie viel Zeit im Freien verbringen k\u00f6nnen. Die voll ausgestattete K\u00fcche ist mit dem Wohnzimmer verbunden, wo Sie Ihre Freunde empfangen k\u00f6nnen. Sie haben auch eine Klimaanlage und einen Fernseher. Der Schlafbereich ist vom Wohnbereich getrennt und umfasst [&hellip;]\" \/>\n<meta property=\"og:url\" content=\"https:\/\/camping-terra-verdon.com\/de\/unterkunfte\/ciela-confort-fur-einen-4-sterne-aufenthalt\/\" \/>\n<meta property=\"og:site_name\" content=\"Camping Terra Verdon\" \/>\n<meta property=\"article:modified_time\" content=\"2021-04-22T09:22:19+00:00\" \/>\n<meta name=\"twitter:card\" content=\"summary_large_image\" \/>\n<meta name=\"twitter:label1\" content=\"Gesch\u00e4tzte Lesezeit\" \/>\n\t<meta name=\"twitter:data1\" content=\"1\u00a0Minute\" \/>\n<script type=\"application\/ld+json\" class=\"yoast-schema-graph\">{\"@context\":\"https:\\\/\\\/schema.org\",\"@graph\":[{\"@type\":\"WebPage\",\"@id\":\"https:\\\/\\\/camping-terra-verdon.com\\\/de\\\/unterkunfte\\\/ciela-confort-fur-einen-4-sterne-aufenthalt\\\/\",\"url\":\"https:\\\/\\\/camping-terra-verdon.com\\\/de\\\/unterkunfte\\\/ciela-confort-fur-einen-4-sterne-aufenthalt\\\/\",\"name\":\"Die Mieten Mobilheime reichen Ciela Comfort Terra Verdon\",\"isPartOf\":{\"@id\":\"https:\\\/\\\/camping-terra-verdon.com\\\/de\\\/#website\"},\"datePublished\":\"2021-04-08T11:45:49+00:00\",\"dateModified\":\"2021-04-22T09:22:19+00:00\",\"breadcrumb\":{\"@id\":\"https:\\\/\\\/camping-terra-verdon.com\\\/de\\\/unterkunfte\\\/ciela-confort-fur-einen-4-sterne-aufenthalt\\\/#breadcrumb\"},\"inLanguage\":\"de\",\"potentialAction\":[{\"@type\":\"ReadAction\",\"target\":[\"https:\\\/\\\/camping-terra-verdon.com\\\/de\\\/unterkunfte\\\/ciela-confort-fur-einen-4-sterne-aufenthalt\\\/\"]}]},{\"@type\":\"BreadcrumbList\",\"@id\":\"https:\\\/\\\/camping-terra-verdon.com\\\/de\\\/unterkunfte\\\/ciela-confort-fur-einen-4-sterne-aufenthalt\\\/#breadcrumb\",\"itemListElement\":[{\"@type\":\"ListItem\",\"position\":1,\"name\":\"Camping Gorges du Verdon\",\"item\":\"https:\\\/\\\/camping-terra-verdon.com\\\/de\\\/\"},{\"@type\":\"ListItem\",\"position\":2,\"name\":\"Mobilheim in den Gorges du Verdon\",\"item\":\"https:\\\/\\\/camping-terra-verdon.com\\\/de\\\/unterkunfte\\\/\"},{\"@type\":\"ListItem\",\"position\":3,\"name\":\"Mobilheim Comfort Ciela Verdon\"}]},{\"@type\":\"WebSite\",\"@id\":\"https:\\\/\\\/camping-terra-verdon.com\\\/de\\\/#website\",\"url\":\"https:\\\/\\\/camping-terra-verdon.com\\\/de\\\/\",\"name\":\"Camping Terra Verdon\",\"description\":\"Camping Terra Verdon\",\"potentialAction\":[{\"@type\":\"SearchAction\",\"target\":{\"@type\":\"EntryPoint\",\"urlTemplate\":\"https:\\\/\\\/camping-terra-verdon.com\\\/de\\\/?s={search_term_string}\"},\"query-input\":{\"@type\":\"PropertyValueSpecification\",\"valueRequired\":true,\"valueName\":\"search_term_string\"}}],\"inLanguage\":\"de\"}]}<\/script>\n<!-- \/ Yoast SEO plugin. -->","yoast_head_json":{"title":"Die Mieten Mobilheime reichen Ciela Comfort Terra Verdon","robots":{"index":"index","follow":"follow","max-snippet":"max-snippet:-1","max-image-preview":"max-image-preview:large","max-video-preview":"max-video-preview:-1"},"canonical":"https:\/\/camping-terra-verdon.com\/de\/unterkunfte\/ciela-confort-fur-einen-4-sterne-aufenthalt\/","og_locale":"de_DE","og_type":"article","og_title":"Die Mieten Mobilheime reichen Ciela Comfort Terra Verdon","og_description":"Ciela Confort ist ein modernes, geschmackvoll eingerichtetes Mobilheim, das \u00fcber eine ger\u00e4umige, sch\u00f6ne Terrasse verf\u00fcgt, auf der Sie viel Zeit im Freien verbringen k\u00f6nnen. Die voll ausgestattete K\u00fcche ist mit dem Wohnzimmer verbunden, wo Sie Ihre Freunde empfangen k\u00f6nnen. Sie haben auch eine Klimaanlage und einen Fernseher. Der Schlafbereich ist vom Wohnbereich getrennt und umfasst [&hellip;]","og_url":"https:\/\/camping-terra-verdon.com\/de\/unterkunfte\/ciela-confort-fur-einen-4-sterne-aufenthalt\/","og_site_name":"Camping Terra Verdon","article_modified_time":"2021-04-22T09:22:19+00:00","twitter_card":"summary_large_image","twitter_misc":{"Gesch\u00e4tzte Lesezeit":"1\u00a0Minute"},"schema":{"@context":"https:\/\/schema.org","@graph":[{"@type":"WebPage","@id":"https:\/\/camping-terra-verdon.com\/de\/unterkunfte\/ciela-confort-fur-einen-4-sterne-aufenthalt\/","url":"https:\/\/camping-terra-verdon.com\/de\/unterkunfte\/ciela-confort-fur-einen-4-sterne-aufenthalt\/","name":"Die Mieten Mobilheime reichen Ciela Comfort Terra Verdon","isPartOf":{"@id":"https:\/\/camping-terra-verdon.com\/de\/#website"},"datePublished":"2021-04-08T11:45:49+00:00","dateModified":"2021-04-22T09:22:19+00:00","breadcrumb":{"@id":"https:\/\/camping-terra-verdon.com\/de\/unterkunfte\/ciela-confort-fur-einen-4-sterne-aufenthalt\/#breadcrumb"},"inLanguage":"de","potentialAction":[{"@type":"ReadAction","target":["https:\/\/camping-terra-verdon.com\/de\/unterkunfte\/ciela-confort-fur-einen-4-sterne-aufenthalt\/"]}]},{"@type":"BreadcrumbList","@id":"https:\/\/camping-terra-verdon.com\/de\/unterkunfte\/ciela-confort-fur-einen-4-sterne-aufenthalt\/#breadcrumb","itemListElement":[{"@type":"ListItem","position":1,"name":"Camping Gorges du Verdon","item":"https:\/\/camping-terra-verdon.com\/de\/"},{"@type":"ListItem","position":2,"name":"Mobilheim in den Gorges du Verdon","item":"https:\/\/camping-terra-verdon.com\/de\/unterkunfte\/"},{"@type":"ListItem","position":3,"name":"Mobilheim Comfort Ciela Verdon"}]},{"@type":"WebSite","@id":"https:\/\/camping-terra-verdon.com\/de\/#website","url":"https:\/\/camping-terra-verdon.com\/de\/","name":"Camping Terra Verdon","description":"Camping Terra Verdon","potentialAction":[{"@type":"SearchAction","target":{"@type":"EntryPoint","urlTemplate":"https:\/\/camping-terra-verdon.com\/de\/?s={search_term_string}"},"query-input":{"@type":"PropertyValueSpecification","valueRequired":true,"valueName":"search_term_string"}}],"inLanguage":"de"}]}},"_links":{"self":[{"href":"https:\/\/camping-terra-verdon.com\/de\/wp-json\/wp\/v2\/pages\/3145","targetHints":{"allow":["GET"]}}],"collection":[{"href":"https:\/\/camping-terra-verdon.com\/de\/wp-json\/wp\/v2\/pages"}],"about":[{"href":"https:\/\/camping-terra-verdon.com\/de\/wp-json\/wp\/v2\/types\/page"}],"author":[{"embeddable":true,"href":"https:\/\/camping-terra-verdon.com\/de\/wp-json\/wp\/v2\/users\/1"}],"replies":[{"embeddable":true,"href":"https:\/\/camping-terra-verdon.com\/de\/wp-json\/wp\/v2\/comments?post=3145"}],"version-history":[{"count":2,"href":"https:\/\/camping-terra-verdon.com\/de\/wp-json\/wp\/v2\/pages\/3145\/revisions"}],"predecessor-version":[{"id":4156,"href":"https:\/\/camping-terra-verdon.com\/de\/wp-json\/wp\/v2\/pages\/3145\/revisions\/4156"}],"up":[{"embeddable":true,"href":"https:\/\/camping-terra-verdon.com\/de\/wp-json\/wp\/v2\/pages\/3182"}],"wp:attachment":[{"href":"https:\/\/camping-terra-verdon.com\/de\/wp-json\/wp\/v2\/media?parent=3145"}],"curies":[{"name":"wp","href":"https:\/\/api.w.org\/{rel}","templated":true}]}}