{"id":2975,"date":"2021-04-08T10:52:36","date_gmt":"2021-04-08T08:52:36","guid":{"rendered":"https:\/\/camping-terra-verdon.com\/?page_id=2975"},"modified":"2021-04-19T11:58:22","modified_gmt":"2021-04-19T09:58:22","slug":"animation-und-bendprogramm","status":"publish","type":"page","link":"https:\/\/camping-terra-verdon.com\/de\/animation-und-bendprogramm\/","title":{"rendered":"Camping mit Unterhaltung in der Verdon"},"content":{"rendered":"\n\n<div class=\" \" uk-slider=\"sets: true; autoplay-interval: 4000; pause-on-hover: false\">\n\n    \n    <div class=\"uk-position-relative uk-visible-toggle uk-margin\">\n\n        <ul class=\"uk-slider-items uk-grid uk-grid-match uk-child-width-1-1 uk-child-width-1-3@s uk-grid-small\">\n        \n            <li >\n\n                <div class=\"uk-panel uk-text-center\">\n\n                    \n                    \n                                        <div class=\"uk-text-center uk-margin uk-margin-remove-top\"><img decoding=\"async\" src=\"\/wp-content\/plugins\/widgetkit\/cache\/253_Camping_Verdon_Ciela_Village_Terra_Verdon_Zone_de_Loisirs-20434090b6aae47d6067cef075aa330e.jpg\" class=\" uk-transition-scale-up uk-transition-opaque\" alt=\"Camping avec Club Enfants dans le verdon\" width=\"500\" height=\"400\"><\/div>\n                    \n                    \n                        \n                        \n                        \n                        \n                        \n                        \n                        \n                    \n                <\/div>\n\n            <\/li>\n\n        \n            <li >\n\n                <div class=\"uk-panel uk-text-center\">\n\n                    \n                    \n                                        <div class=\"uk-text-center uk-margin uk-margin-remove-top\"><img decoding=\"async\" src=\"\/wp-content\/plugins\/widgetkit\/cache\/142_Camping_Verdon_Ciela_Village_Terra_Verdon_Parc_Aquatique-beb686c9dd12e7537fffd024adaa140f.jpg\" class=\" uk-transition-scale-up uk-transition-opaque\" alt=\"le Club Enfants du camping Terra Verdon\" width=\"500\" height=\"400\"><\/div>\n                    \n                    \n                        \n                        \n                        \n                        \n                        \n                        \n                        \n                    \n                <\/div>\n\n            <\/li>\n\n        \n            <li >\n\n                <div class=\"uk-panel uk-text-center\">\n\n                    \n                    \n                                        <div class=\"uk-text-center uk-margin uk-margin-remove-top\"><img decoding=\"async\" src=\"\/wp-content\/plugins\/widgetkit\/cache\/244_Camping_Verdon_Ciela_Village_Terra_Verdon_Zone_de_Loisirs-14cb02019157df1f47d06108d6e6e230.jpg\" class=\" uk-transition-scale-up uk-transition-opaque\" alt=\"camping 4 \u00e9toiles \u00e0 Castellane avec Club enfants\" width=\"500\" height=\"400\"><\/div>\n                    \n                    \n                        \n                        \n                        \n                        \n                        \n                        \n                        \n                    \n                <\/div>\n\n            <\/li>\n\n                <\/ul>\n\n        \n    <\/div>\n\n    \n        <ul class=\"uk-slider-nav uk-dotnav uk-flex-center uk-margin-remove-bottom\"><\/ul>\n    \n    \n<\/div>\n\n\n\n\n<div style=\"height:20px\" aria-hidden=\"true\" class=\"wp-block-spacer\"><\/div>\n\n\n\n<p>Auf dem Campingplatz Terra Verdon finden Sie jede Woche ein abwechslungsreiches Animationsprogramm. Fu\u00dfballturniere, Tischtennis, Bogenschie\u00dfen, n\u00e4chtliche Boulespiel-Turniere und Wellness-Veranstaltungen. Der Pool Party und dem Hindernislauf kann einfach niemand widerstehen. Eine gute Gelegenheit, um neue Freunde zu finden! Im Kinderclub werden f\u00fcr Kinder von 5-12 Jahren von ausgebildeten Betreuern Ballspiele, Wasserspiele im Pool oder Malwettbewerbe angeboten. Au\u00dferdem organisieren wir regelm\u00e4\u00dfig ein Abendprogramm.<\/p>\n\n\n\n<div style=\"height:20px\" aria-hidden=\"true\" class=\"wp-block-spacer\"><\/div>\n\n\n\n<div class=\" \" uk-slider=\"sets: true\">\n\n    \n    <div class=\"uk-position-relative uk-visible-toggle uk-margin\">\n\n        <ul class=\"uk-slider-items uk-grid uk-grid-match uk-child-width-1-1 uk-child-width-1-3@s uk-grid-small\">\n        \n            <li >\n\n                <div class=\"uk-panel uk-text-center\">\n\n                    \n                    \n                                        <div class=\"uk-text-center uk-margin uk-margin-remove-top\"><img decoding=\"async\" src=\"\/wp-content\/uploads\/2021\/04\/camping-verdon-restaurant-international-ciela-village15.jpg\" class=\" uk-transition-scale-up uk-transition-opaque\" alt=\"soir\u00e9e au restaurant du camping Verdon\"><\/div>\n                    \n                    \n                        \n                        \n                        \n                        \n                        \n                        \n                        \n                    \n                <\/div>\n\n            <\/li>\n\n        \n            <li >\n\n                <div class=\"uk-panel uk-text-center\">\n\n                    \n                    \n                                        <div class=\"uk-text-center uk-margin uk-margin-remove-top\"><img decoding=\"async\" src=\"\/wp-content\/uploads\/2021\/04\/camping-verdon-piscine-international-ciela-village16.jpg\" class=\" uk-transition-scale-up uk-transition-opaque\" alt=\"animations \u00e0 la piscine du camping des Gorges du Verdon\"><\/div>\n                    \n                    \n                        \n                        \n                        \n                        \n                        \n                        \n                        \n                    \n                <\/div>\n\n            <\/li>\n\n        \n            <li >\n\n                <div class=\"uk-panel uk-text-center\">\n\n                    \n                    \n                                        <div class=\"uk-text-center uk-margin uk-margin-remove-top\"><img decoding=\"async\" src=\"\/wp-content\/uploads\/2021\/04\/camping-verdon-piscine-international-ciela-village14.jpg\" class=\" uk-transition-scale-up uk-transition-opaque\" alt=\"animations pour enfants au camping de Castellane\"><\/div>\n                    \n                    \n                        \n                        \n                        \n                        \n                        \n                        \n                        \n                    \n                <\/div>\n\n            <\/li>\n\n                <\/ul>\n\n        \n            \n                \n                    <a href=\"#\" class=\"uk-position-center-left uk-position-small uk-hidden-hover\" uk-slidenav-previous uk-slider-item=\"previous\"><\/a>\n                    <a href=\"#\" class=\"uk-position-center-right uk-position-small uk-hidden-hover\" uk-slidenav-next uk-slider-item=\"next\"><\/a>\n\n                \n            \n        \n    <\/div>\n\n    \n        <ul class=\"uk-slider-nav uk-dotnav uk-flex-center uk-margin-remove-bottom\"><\/ul>\n    \n    \n<\/div>\n\n","protected":false},"excerpt":{"rendered":"<p>Auf dem Campingplatz Terra Verdon finden Sie jede Woche ein abwechslungsreiches Animationsprogramm. Fu\u00dfballturniere, Tischtennis, Bogenschie\u00dfen, n\u00e4chtliche Boulespiel-Turniere und Wellness-Veranstaltungen. Der Pool Party und dem Hindernislauf kann einfach niemand widerstehen. Eine gute Gelegenheit, um neue Freunde zu finden! Im Kinderclub werden f\u00fcr Kinder von 5-12 Jahren von ausgebildeten Betreuern Ballspiele, Wasserspiele im Pool oder Malwettbewerbe angeboten. [&hellip;]<\/p>\n","protected":false},"author":1,"featured_media":0,"parent":0,"menu_order":36,"comment_status":"closed","ping_status":"closed","template":"","meta":{"_acf_changed":false,"footnotes":""},"class_list":["post-2975","page","type-page","status-publish","hentry"],"acf":[],"yoast_head":"<!-- This site is optimized with the Yoast SEO plugin v27.3 - https:\/\/yoast.com\/product\/yoast-seo-wordpress\/ -->\n<title>Animationen und Abende auf dem Campingplatz: Sportturniere, Kegeln<\/title>\n<meta name=\"robots\" content=\"index, follow, max-snippet:-1, max-image-preview:large, max-video-preview:-1\" \/>\n<link rel=\"canonical\" href=\"https:\/\/camping-terra-verdon.com\/de\/animation-und-bendprogramm\/\" \/>\n<meta property=\"og:locale\" content=\"de_DE\" \/>\n<meta property=\"og:type\" content=\"article\" \/>\n<meta property=\"og:title\" content=\"Animationen und Abende auf dem Campingplatz: Sportturniere, Kegeln\" \/>\n<meta property=\"og:description\" content=\"Auf dem Campingplatz Terra Verdon finden Sie jede Woche ein abwechslungsreiches Animationsprogramm. Fu\u00dfballturniere, Tischtennis, Bogenschie\u00dfen, n\u00e4chtliche Boulespiel-Turniere und Wellness-Veranstaltungen. Der Pool Party und dem Hindernislauf kann einfach niemand widerstehen. Eine gute Gelegenheit, um neue Freunde zu finden! Im Kinderclub werden f\u00fcr Kinder von 5-12 Jahren von ausgebildeten Betreuern Ballspiele, Wasserspiele im Pool oder Malwettbewerbe angeboten. [&hellip;]\" \/>\n<meta property=\"og:url\" content=\"https:\/\/camping-terra-verdon.com\/de\/animation-und-bendprogramm\/\" \/>\n<meta property=\"og:site_name\" content=\"Camping Terra Verdon\" \/>\n<meta property=\"article:modified_time\" content=\"2021-04-19T09:58:22+00:00\" \/>\n<meta name=\"twitter:card\" content=\"summary_large_image\" \/>\n<meta name=\"twitter:label1\" content=\"Gesch\u00e4tzte Lesezeit\" \/>\n\t<meta name=\"twitter:data1\" content=\"1\u00a0Minute\" \/>\n<script type=\"application\/ld+json\" class=\"yoast-schema-graph\">{\"@context\":\"https:\\\/\\\/schema.org\",\"@graph\":[{\"@type\":\"WebPage\",\"@id\":\"https:\\\/\\\/camping-terra-verdon.com\\\/de\\\/animation-und-bendprogramm\\\/\",\"url\":\"https:\\\/\\\/camping-terra-verdon.com\\\/de\\\/animation-und-bendprogramm\\\/\",\"name\":\"Animationen und Abende auf dem Campingplatz: Sportturniere, Kegeln\",\"isPartOf\":{\"@id\":\"https:\\\/\\\/camping-terra-verdon.com\\\/de\\\/#website\"},\"datePublished\":\"2021-04-08T08:52:36+00:00\",\"dateModified\":\"2021-04-19T09:58:22+00:00\",\"breadcrumb\":{\"@id\":\"https:\\\/\\\/camping-terra-verdon.com\\\/de\\\/animation-und-bendprogramm\\\/#breadcrumb\"},\"inLanguage\":\"de\",\"potentialAction\":[{\"@type\":\"ReadAction\",\"target\":[\"https:\\\/\\\/camping-terra-verdon.com\\\/de\\\/animation-und-bendprogramm\\\/\"]}]},{\"@type\":\"BreadcrumbList\",\"@id\":\"https:\\\/\\\/camping-terra-verdon.com\\\/de\\\/animation-und-bendprogramm\\\/#breadcrumb\",\"itemListElement\":[{\"@type\":\"ListItem\",\"position\":1,\"name\":\"Camping Gorges du Verdon\",\"item\":\"https:\\\/\\\/camping-terra-verdon.com\\\/de\\\/\"},{\"@type\":\"ListItem\",\"position\":2,\"name\":\"Camping mit Unterhaltung in der Verdon\"}]},{\"@type\":\"WebSite\",\"@id\":\"https:\\\/\\\/camping-terra-verdon.com\\\/de\\\/#website\",\"url\":\"https:\\\/\\\/camping-terra-verdon.com\\\/de\\\/\",\"name\":\"Camping Terra Verdon\",\"description\":\"Camping Terra Verdon\",\"potentialAction\":[{\"@type\":\"SearchAction\",\"target\":{\"@type\":\"EntryPoint\",\"urlTemplate\":\"https:\\\/\\\/camping-terra-verdon.com\\\/de\\\/?s={search_term_string}\"},\"query-input\":{\"@type\":\"PropertyValueSpecification\",\"valueRequired\":true,\"valueName\":\"search_term_string\"}}],\"inLanguage\":\"de\"}]}<\/script>\n<!-- \/ Yoast SEO plugin. -->","yoast_head_json":{"title":"Animationen und Abende auf dem Campingplatz: Sportturniere, Kegeln","robots":{"index":"index","follow":"follow","max-snippet":"max-snippet:-1","max-image-preview":"max-image-preview:large","max-video-preview":"max-video-preview:-1"},"canonical":"https:\/\/camping-terra-verdon.com\/de\/animation-und-bendprogramm\/","og_locale":"de_DE","og_type":"article","og_title":"Animationen und Abende auf dem Campingplatz: Sportturniere, Kegeln","og_description":"Auf dem Campingplatz Terra Verdon finden Sie jede Woche ein abwechslungsreiches Animationsprogramm. Fu\u00dfballturniere, Tischtennis, Bogenschie\u00dfen, n\u00e4chtliche Boulespiel-Turniere und Wellness-Veranstaltungen. Der Pool Party und dem Hindernislauf kann einfach niemand widerstehen. Eine gute Gelegenheit, um neue Freunde zu finden! Im Kinderclub werden f\u00fcr Kinder von 5-12 Jahren von ausgebildeten Betreuern Ballspiele, Wasserspiele im Pool oder Malwettbewerbe angeboten. [&hellip;]","og_url":"https:\/\/camping-terra-verdon.com\/de\/animation-und-bendprogramm\/","og_site_name":"Camping Terra Verdon","article_modified_time":"2021-04-19T09:58:22+00:00","twitter_card":"summary_large_image","twitter_misc":{"Gesch\u00e4tzte Lesezeit":"1\u00a0Minute"},"schema":{"@context":"https:\/\/schema.org","@graph":[{"@type":"WebPage","@id":"https:\/\/camping-terra-verdon.com\/de\/animation-und-bendprogramm\/","url":"https:\/\/camping-terra-verdon.com\/de\/animation-und-bendprogramm\/","name":"Animationen und Abende auf dem Campingplatz: Sportturniere, Kegeln","isPartOf":{"@id":"https:\/\/camping-terra-verdon.com\/de\/#website"},"datePublished":"2021-04-08T08:52:36+00:00","dateModified":"2021-04-19T09:58:22+00:00","breadcrumb":{"@id":"https:\/\/camping-terra-verdon.com\/de\/animation-und-bendprogramm\/#breadcrumb"},"inLanguage":"de","potentialAction":[{"@type":"ReadAction","target":["https:\/\/camping-terra-verdon.com\/de\/animation-und-bendprogramm\/"]}]},{"@type":"BreadcrumbList","@id":"https:\/\/camping-terra-verdon.com\/de\/animation-und-bendprogramm\/#breadcrumb","itemListElement":[{"@type":"ListItem","position":1,"name":"Camping Gorges du Verdon","item":"https:\/\/camping-terra-verdon.com\/de\/"},{"@type":"ListItem","position":2,"name":"Camping mit Unterhaltung in der Verdon"}]},{"@type":"WebSite","@id":"https:\/\/camping-terra-verdon.com\/de\/#website","url":"https:\/\/camping-terra-verdon.com\/de\/","name":"Camping Terra Verdon","description":"Camping Terra Verdon","potentialAction":[{"@type":"SearchAction","target":{"@type":"EntryPoint","urlTemplate":"https:\/\/camping-terra-verdon.com\/de\/?s={search_term_string}"},"query-input":{"@type":"PropertyValueSpecification","valueRequired":true,"valueName":"search_term_string"}}],"inLanguage":"de"}]}},"_links":{"self":[{"href":"https:\/\/camping-terra-verdon.com\/de\/wp-json\/wp\/v2\/pages\/2975","targetHints":{"allow":["GET"]}}],"collection":[{"href":"https:\/\/camping-terra-verdon.com\/de\/wp-json\/wp\/v2\/pages"}],"about":[{"href":"https:\/\/camping-terra-verdon.com\/de\/wp-json\/wp\/v2\/types\/page"}],"author":[{"embeddable":true,"href":"https:\/\/camping-terra-verdon.com\/de\/wp-json\/wp\/v2\/users\/1"}],"replies":[{"embeddable":true,"href":"https:\/\/camping-terra-verdon.com\/de\/wp-json\/wp\/v2\/comments?post=2975"}],"version-history":[{"count":3,"href":"https:\/\/camping-terra-verdon.com\/de\/wp-json\/wp\/v2\/pages\/2975\/revisions"}],"predecessor-version":[{"id":3970,"href":"https:\/\/camping-terra-verdon.com\/de\/wp-json\/wp\/v2\/pages\/2975\/revisions\/3970"}],"wp:attachment":[{"href":"https:\/\/camping-terra-verdon.com\/de\/wp-json\/wp\/v2\/media?parent=2975"}],"curies":[{"name":"wp","href":"https:\/\/api.w.org\/{rel}","templated":true}]}}